{"id":10403,"date":"2021-07-23T14:17:26","date_gmt":"2021-07-23T18:17:26","guid":{"rendered":"https:\/\/www.aguilamuebles.cl\/tienda\/?post_type=product&#038;p=10403"},"modified":"2024-03-26T09:10:52","modified_gmt":"2024-03-26T13:10:52","slug":"realyn-dining-chair-d743-01","status":"publish","type":"product","link":"https:\/\/www.aguilamuebles.cl\/tienda\/product\/realyn-dining-chair-d743-01\/","title":{"rendered":"Realyn Dining Chair  D743-01"},"content":{"rendered":"<div class=\"col-sm-3 col-md-3 col-lg-3 col-xl-2\">\n<div class=\"col-sm-3 col-md-3 col-lg-3 col-xl-2\"><strong>Descripci\u00f3n del art\u00edculo:<\/strong><\/div>\n<div class=\"col-sm-9 col-md-9 col-lg-9 col-xl-10\">Buen provecho.\u00a0Con su estilo de respaldo redondeado, acabado blanco desportillado y asiento mullido y acolchado, la silla de comedor Realyn tiene todos los ingredientes adecuados para un fest\u00edn de inspiraci\u00f3n campestre francesa para los ojos.<\/div>\n<\/div>\n<ul class=\"ng-star-inserted\">\n<li class=\"orangecolor\">Hecho con madera y madera de ingenier\u00eda.<\/li>\n<li class=\"orangecolor\">Acabado blanco desgastado y astillado<\/li>\n<li class=\"orangecolor\">Estilo de espalda de escalera<\/li>\n<li class=\"orangecolor\">Tapicer\u00eda de poli\u00e9ster sobre asiento acolchado de espuma<\/li>\n<li class=\"orangecolor\">se requiere ensamblaje<\/li>\n<\/ul>\n<h5><b>DIMENSIONES<\/b><\/h5>\n<ul class=\"dimCustomCls\">\n<li>Ancho: 50.8 cm<\/li>\n<li>Profundidad: 62.865 cm<\/li>\n<li>Alto: 103.835 cm<\/li>\n<\/ul>\n<h5><b>GARANT\u00cdA LEGAL<\/b><\/h5>\n<p>Los productos poseen una garant\u00eda de 3 meses establecida por la Ley 19.496 Sobre Protecci\u00f3n de los Derechos de Los Consumidores, contados desde la fecha de recepci\u00f3n del producto, en caso de fallas o deficiencias que afecten el uso al cual est\u00e1 destinado el producto. De acuerdo con la ley de protecci\u00f3n al consumidor, en caso de falla del producto tiene el derecho a elegir entre las siguientes opciones:<\/p>\n<ol type=\"I\">\n<li>Reparaci\u00f3n gratuita del producto.<\/li>\n<li>Reposici\u00f3n o cambio.<\/li>\n<li>La devoluci\u00f3n del dinero pagado.<\/li>\n<\/ol>\n<p>Para ejercer este derecho, se deben determinar preliminarmente las causas de falla del producto. No podr\u00e1 ejercer este derecho cuando el deterioro sea imputable al cliente por su mal uso .<\/p>\n<h5>Precio publicado para Zona Franca, A OTRAS REGIONES SE APLICAN COSTOS EXTRAS : IVA(19%), Impuesto ad valorem(6%), generaci\u00f3n de DIN y honorarios de Agencia de aduana.<\/h5>\n<p>Inf\u00f3rmese en Manual de Zona Franca p\u00e1gina 22.<\/p>\n<p><b><em>El stock disponible de nuestro producto puede variar, por favor cont\u00e1ctenos para saber m\u00e1s a cerca de la disponibilidad de este producto \u00f3 escr\u00edbenos a nuestro \u00a0<a href=\"https:\/\/wa.me\/56997056557\">Whatsapp<\/a>.<\/em><\/b><\/p>\n","protected":false},"excerpt":{"rendered":"<h5><span style=\"color: #ff0000;\">AL RESTO DEL PA\u00cdS $178.800-<\/span><\/h5>\n<p>&nbsp;<\/p>\n<div class=\"woocommerce-product-details__short-description\">\n<p><b><em>El stock disponible de nuestro producto puede variar, por favor cont\u00e1ctenos para saber m\u00e1s a cerca de la disponibilidad de este producto \u00f3 escr\u00edbenos a nuestro <span style=\"color: #ff0000;\">\u00a0<a style=\"color: #ff0000;\" href=\"https:\/\/wa.me\/56997056557\">Whatsapp<\/a>.<\/span><\/em><\/b><\/p>\n<\/div>\n<p class=\"stock available-on-backorder\">Disponible para Entrega Inmediata.<\/p>\n<h5><span style=\"color: #ff0000;\">Entrega a domicilio, Este servicio se cobra por aparte.<\/span><\/h5>\n<p>Tambi\u00e9n puede retirar en nuestra Tienda, ubicado en Manzana E sitio 48E \u2013 Barrio Industrial (diagonal a la puerta 4 de Zofri).<\/p>\n<p>Horario de atenci\u00f3n de lunes a viernes.<br \/>\nDe 9 a 14HRS y De 15 a 19HRS<\/p>\n","protected":false},"featured_media":10488,"comment_status":"open","ping_status":"closed","template":"","meta":[],"product_brand":[],"product_cat":[102,139],"product_tag":[],"class_list":{"0":"post-10403","1":"product","2":"type-product","3":"status-publish","4":"has-post-thumbnail","6":"product_cat-comedor","7":"product_cat-sillas-oficina","9":"first","10":"outofstock","11":"sale","12":"taxable","13":"shipping-taxable","14":"purchasable","15":"product-type-simple"},"_links":{"self":[{"href":"https:\/\/www.aguilamuebles.cl\/tienda\/wp-json\/wp\/v2\/product\/10403","targetHints":{"allow":["GET"]}}],"collection":[{"href":"https:\/\/www.aguilamuebles.cl\/tienda\/wp-json\/wp\/v2\/product"}],"about":[{"href":"https:\/\/www.aguilamuebles.cl\/tienda\/wp-json\/wp\/v2\/types\/product"}],"replies":[{"embeddable":true,"href":"https:\/\/www.aguilamuebles.cl\/tienda\/wp-json\/wp\/v2\/comments?post=10403"}],"wp:featuredmedia":[{"embeddable":true,"href":"https:\/\/www.aguilamuebles.cl\/tienda\/wp-json\/wp\/v2\/media\/10488"}],"wp:attachment":[{"href":"https:\/\/www.aguilamuebles.cl\/tienda\/wp-json\/wp\/v2\/media?parent=10403"}],"wp:term":[{"taxonomy":"product_brand","embeddable":true,"href":"https:\/\/www.aguilamuebles.cl\/tienda\/wp-json\/wp\/v2\/product_brand?post=10403"},{"taxonomy":"product_cat","embeddable":true,"href":"https:\/\/www.aguilamuebles.cl\/tienda\/wp-json\/wp\/v2\/product_cat?post=10403"},{"taxonomy":"product_tag","embeddable":true,"href":"https:\/\/www.aguilamuebles.cl\/tienda\/wp-json\/wp\/v2\/product_tag?post=10403"}],"curies":[{"name":"wp","href":"https:\/\/api.w.org\/{rel}","templated":true}]}}