{"id":10938,"date":"2021-08-11T09:57:44","date_gmt":"2021-08-11T13:57:44","guid":{"rendered":"https:\/\/www.aguilamuebles.cl\/tienda\/?post_type=product&#038;p=10938"},"modified":"2021-08-11T14:49:14","modified_gmt":"2021-08-11T18:49:14","slug":"sofa-de-2-cuerpos-kennewick-ashely","status":"publish","type":"product","link":"https:\/\/www.aguilamuebles.cl\/tienda\/product\/sofa-de-2-cuerpos-kennewick-ashely\/","title":{"rendered":"Sof\u00e1 de 2 cuerpos Kennewick Ashely 1980335"},"content":{"rendered":"<h5>DETALLES<\/h5>\n<p>El sof\u00e1 de dos plazas Kennewick, que combina el estilo contempor\u00e1neo que te gusta con la sensaci\u00f3n acogedora que deseas, convierte la vida f\u00e1cil en una forma de arte. La estructura ultralineal del sof\u00e1 de dos plazas se enriquece con generosos cojines para los brazos y con una tapicer\u00eda de terciopelo que es el material del que est\u00e1n hechos los sue\u00f1os. Los brazos finos, las patas afiladas y las costuras distintivas son algunos de los detalles que distinguen a este sof\u00e1 de dos plazas.<\/p>\n<ul>\n<li>Estructura con esquinas.<\/li>\n<li>Respaldo unido y cojines de asiento sueltos.<\/li>\n<li>Cojines de espuma de alta resistencia envueltos en gruesa fibra de poli\u00e9ster.<\/li>\n<li>Incluye 2 almohadas de refuerzo.<\/li>\n<li>Almohadas con suave relleno de poli\u00e9ster.<\/li>\n<li>Tapicer\u00eda y almohadas de poli\u00e9ster.<\/li>\n<li>Pies expuestos con acabado de imitaci\u00f3n de madera.<\/li>\n<\/ul>\n<p><b>Detalles de la tela<\/b><\/p>\n<ul>\n<li>Cuerpo y almohadas: Poli\u00e9ster (100)%.<\/li>\n<\/ul>\n<p><b>Peso<\/b><\/p>\n<ul>\n<li>102 lbs. (46,27 kgs.).<\/li>\n<\/ul>\n<h5><b>DIMENSIONES<\/b><\/h5>\n<ul>\n<li>Ancho: 154.94 cm.<\/li>\n<li>Profundidad: 101.6 cm.<\/li>\n<li>Altura: 96.52 cm.<\/li>\n<\/ul>\n<h5><b>GARANT\u00cdA LEGAL<\/b><\/h5>\n<p>Los productos poseen una garant\u00eda de 3 meses establecida por la Ley 19.496 Sobre Protecci\u00f3n de los Derechos de Los Consumidores, contados desde la fecha de recepci\u00f3n del producto, en caso de fallas o deficiencias que afecten el uso al cual est\u00e1 destinado el producto. De acuerdo con la ley de protecci\u00f3n al consumidor, en caso de falla del producto tiene el derecho a elegir entre las siguientes opciones:<\/p>\n<ol type=\"I\">\n<li>Reparaci\u00f3n gratuita del producto.<\/li>\n<li>Reposici\u00f3n o cambio.<\/li>\n<li>La devoluci\u00f3n del dinero pagado.<\/li>\n<\/ol>\n<p>Para ejercer este derecho, se deben determinar preliminarmente las causas de falla del producto. No podr\u00e1 ejercer este derecho cuando el deterioro sea imputable al cliente por su mal uso .<\/p>\n<h5>Precio publicado para Zona Franca, A OTRAS REGIONES SE APLICAN COSTOS EXTRAS : IVA(19%), Impuesto ad valorem(6%), generaci\u00f3n de DIN y honorarios de Agencia de aduana.<\/h5>\n<p>Inf\u00f3rmese en Manual de Zona Franca p\u00e1gina 22.<\/p>\n<p><b><em>El stock disponible de nuestro producto puede variar, por favor cont\u00e1ctenos para saber m\u00e1s a cerca de la disponibilidad de este producto \u00f3 escr\u00edbenos a nuestro \u00a0<a href=\"https:\/\/wa.me\/56997056557\">Whatsapp<\/a>.<\/em><\/b><\/p>\n","protected":false},"excerpt":{"rendered":"<h5>AL RESTO DEL PA\u00cdS $664.389-<\/h5>\n<p><b><em>El stock disponible de nuestro producto puede variar, por favor cont\u00e1ctenos para saber m\u00e1s a cerca de la disponibilidad de este producto \u00f3 escr\u00edbenos a nuestro \u00a0<a href=\"https:\/\/wa.me\/56997056557\">Whatsapp<\/a>.<\/em><\/b><\/p>\n","protected":false},"featured_media":10941,"comment_status":"open","ping_status":"closed","template":"","meta":[],"product_brand":[],"product_cat":[63,83],"product_tag":[],"class_list":{"0":"post-10938","1":"product","2":"type-product","3":"status-publish","4":"has-post-thumbnail","6":"product_cat-living","7":"product_cat-sofa","9":"first","10":"instock","11":"sale","12":"taxable","13":"shipping-taxable","14":"purchasable","15":"product-type-simple"},"_links":{"self":[{"href":"https:\/\/www.aguilamuebles.cl\/tienda\/wp-json\/wp\/v2\/product\/10938","targetHints":{"allow":["GET"]}}],"collection":[{"href":"https:\/\/www.aguilamuebles.cl\/tienda\/wp-json\/wp\/v2\/product"}],"about":[{"href":"https:\/\/www.aguilamuebles.cl\/tienda\/wp-json\/wp\/v2\/types\/product"}],"replies":[{"embeddable":true,"href":"https:\/\/www.aguilamuebles.cl\/tienda\/wp-json\/wp\/v2\/comments?post=10938"}],"wp:featuredmedia":[{"embeddable":true,"href":"https:\/\/www.aguilamuebles.cl\/tienda\/wp-json\/wp\/v2\/media\/10941"}],"wp:attachment":[{"href":"https:\/\/www.aguilamuebles.cl\/tienda\/wp-json\/wp\/v2\/media?parent=10938"}],"wp:term":[{"taxonomy":"product_brand","embeddable":true,"href":"https:\/\/www.aguilamuebles.cl\/tienda\/wp-json\/wp\/v2\/product_brand?post=10938"},{"taxonomy":"product_cat","embeddable":true,"href":"https:\/\/www.aguilamuebles.cl\/tienda\/wp-json\/wp\/v2\/product_cat?post=10938"},{"taxonomy":"product_tag","embeddable":true,"href":"https:\/\/www.aguilamuebles.cl\/tienda\/wp-json\/wp\/v2\/product_tag?post=10938"}],"curies":[{"name":"wp","href":"https:\/\/api.w.org\/{rel}","templated":true}]}}