{"id":11376,"date":"2021-08-27T04:05:00","date_gmt":"2021-08-27T08:05:00","guid":{"rendered":"https:\/\/www.aguilamuebles.cl\/tienda\/?post_type=product&#038;p=11376"},"modified":"2026-03-16T05:45:33","modified_gmt":"2026-03-16T09:45:33","slug":"escritorio-gamer-pro-s2003rjo","status":"publish","type":"product","link":"https:\/\/www.aguilamuebles.cl\/tienda\/product\/escritorio-gamer-pro-s2003rjo\/","title":{"rendered":"Escritorio Gamer pro S2003RJO"},"content":{"rendered":"<h1>Escritorio Gamer pro<\/h1>\n<h4>Modelo S2003RJO<\/h4>\n<div>\n<h3>Detalles<\/h3>\n<\/div>\n<p>Este Escritorio es el mueble que no puede faltar en tu hogar y\/u oficina. De estilo gamer, este mueble moderno te ser\u00e1 de gran utilidad a la hora de jugar, estudiar, hacer tareas o trabajar frente a un computador, sus bordes y esquinas suavemente redondeados evita lesiones accidentales y roces incomodos. Ideal para espacios reducidos, ocupando menos espacio y de gran utilidad.<\/p>\n<ul>\n<li>Medidas de ancho 120 cm x\u00a0 alto 75 cm x profundidad 60-57 cm<\/li>\n<li>Portavaso antiderrames en el lugar perfecto para tus bebidas<\/li>\n<li>Espacio especial para colocar tu tablet favorito<\/li>\n<li>Refuerzo en estructura para mayor seguridad<\/li>\n<li>Gancho de descanso para sujetar tus auriculares de forma practica<\/li>\n<li>Producto se entrega desarmado, armado f\u00e1cil, incluye herramientas.<\/li>\n<\/ul>\n<div>\n<h3>Material<\/h3>\n<\/div>\n<ul>\n<li>Estructura en Metal<\/li>\n<li>Escritorio en Trupan Melaminado<\/li>\n<li>Medida de embalaje:<br \/>\nCaja 154cm x 70cm x 10.5cm 18.5kg<\/li>\n<\/ul>\n<h5>Precio publicado para Zona Franca, A OTRAS REGIONES SE APLICAN COSTOS EXTRAS : IVA(19%), Impuesto ad valorem(6%), generaci\u00f3n de DIN y honorarios de Agencia de aduana.<\/h5>\n<p>Inf\u00f3rmese en Manual de Zona Franca p\u00e1gina 22.<\/p>\n<p><b><em>El stock disponible de nuestro producto puede variar, por favor cont\u00e1ctenos para saber m\u00e1s a cerca de la disponibilidad de este producto \u00f3 escr\u00edbenos a nuestro \u00a0<a href=\"https:\/\/wa.me\/56997056557\">Whatsapp<\/a>.<\/em><\/b><\/p>\n","protected":false},"excerpt":{"rendered":"<h5><span style=\"color: #ff0000;\">Precio publicado de Zona Franca, AL RESTO DEL PA\u00cdS $147.265-<\/span><\/h5>\n<div class=\"woocommerce-product-details__short-description\">\n<p><b><em>El stock disponible de nuestro producto puede variar, por favor cont\u00e1ctenos para saber m\u00e1s a cerca de la disponibilidad de este producto \u00f3 escr\u00edbenos a nuestro \u00a0<a href=\"https:\/\/wa.me\/56997056557\">Whatsapp<\/a>.<\/em><\/b><\/p>\n<\/div>\n<p class=\"stock available-on-backorder\">Disponible para Entrega Inmediata.<\/p>\n<h5><span style=\"color: #ff0000;\">Entrega a domicilio, Este servicio se cobra por aparte.<\/span><\/h5>\n<p>Tambi\u00e9n puede retirar en nuestra Tienda, ubicado en Manzana E sitio 48E \u2013 Barrio Industrial (diagonal a la puerta 4 de Zofri).<\/p>\n<p>Horario de atenci\u00f3n de lunes a viernes.<br \/>\nDe 9 a 14HRS y De 15 a 19HRS<\/p>\n","protected":false},"featured_media":11612,"comment_status":"open","ping_status":"closed","template":"","meta":[],"product_brand":[],"product_cat":[86,163,138,65,106],"product_tag":[],"class_list":{"0":"post-11376","1":"product","2":"type-product","3":"status-publish","4":"has-post-thumbnail","6":"product_cat-escritorios","7":"product_cat-escritorios-gamer","8":"product_cat-mesa-de-computador","9":"product_cat-oficina","10":"product_cat-zona-gamer","12":"first","13":"instock","14":"sale","15":"taxable","16":"shipping-taxable","17":"purchasable","18":"product-type-simple"},"_links":{"self":[{"href":"https:\/\/www.aguilamuebles.cl\/tienda\/wp-json\/wp\/v2\/product\/11376","targetHints":{"allow":["GET"]}}],"collection":[{"href":"https:\/\/www.aguilamuebles.cl\/tienda\/wp-json\/wp\/v2\/product"}],"about":[{"href":"https:\/\/www.aguilamuebles.cl\/tienda\/wp-json\/wp\/v2\/types\/product"}],"replies":[{"embeddable":true,"href":"https:\/\/www.aguilamuebles.cl\/tienda\/wp-json\/wp\/v2\/comments?post=11376"}],"wp:featuredmedia":[{"embeddable":true,"href":"https:\/\/www.aguilamuebles.cl\/tienda\/wp-json\/wp\/v2\/media\/11612"}],"wp:attachment":[{"href":"https:\/\/www.aguilamuebles.cl\/tienda\/wp-json\/wp\/v2\/media?parent=11376"}],"wp:term":[{"taxonomy":"product_brand","embeddable":true,"href":"https:\/\/www.aguilamuebles.cl\/tienda\/wp-json\/wp\/v2\/product_brand?post=11376"},{"taxonomy":"product_cat","embeddable":true,"href":"https:\/\/www.aguilamuebles.cl\/tienda\/wp-json\/wp\/v2\/product_cat?post=11376"},{"taxonomy":"product_tag","embeddable":true,"href":"https:\/\/www.aguilamuebles.cl\/tienda\/wp-json\/wp\/v2\/product_tag?post=11376"}],"curies":[{"name":"wp","href":"https:\/\/api.w.org\/{rel}","templated":true}]}}