{"id":11562,"date":"2021-08-30T03:43:12","date_gmt":"2021-08-30T07:43:12","guid":{"rendered":"https:\/\/www.aguilamuebles.cl\/tienda\/?post_type=product&#038;p=11562"},"modified":"2025-08-14T11:40:42","modified_gmt":"2025-08-14T15:40:42","slug":"biblioteca-tipo-archivero-para-oficina-y-hogar-con-llave-bf-22s","status":"publish","type":"product","link":"https:\/\/www.aguilamuebles.cl\/tienda\/product\/biblioteca-tipo-archivero-para-oficina-y-hogar-con-llave-bf-22s\/","title":{"rendered":"Biblioteca tipo Archivero para Oficina y Hogar con llave BF-22S"},"content":{"rendered":"<div>\n<h3>Detalles<\/h3>\n<\/div>\n<p>Este Biblioteca es el mueble que no puede faltar en tu hogar y\/u oficina. De estilo cl\u00e1sico, este mueble organizador te ser\u00e1 de gran utilidad a la hora de archivar, almacenar y exhibir, sus puertas con bisagras de alta rotaci\u00f3n te permite tener la mayor comodidad y facilidad en el manejo de sus elementos guardados. Adem\u00e1s, gracias a la simpleza de su dise\u00f1o, podr\u00e1s combinarlo con otros muebles de madera, tales como escritorios, esquineros, estantes y repisas. Este vers\u00e1til mueble Posee 2 puertas con cerradura que te garantizan la seguridad que necesitas.<\/p>\n<ul>\n<li>Producto se entrega desarmado, armado facil, incluye herramientas.<\/li>\n<\/ul>\n<div>\n<h3>Material<\/h3>\n<\/div>\n<ul>\n<li>Estrutura en Trupan Melaminado<\/li>\n<li>Manillas metalicas<\/li>\n<li>Puertas con bisagras met\u00e1licas<\/li>\n<\/ul>\n<p>&nbsp;<\/p>\n<h3>Dimensiones.<\/h3>\n<ul>\n<li>Caja1:<\/li>\n<\/ul>\n<p>Largo: 193cm<\/p>\n<p>Ancho: 42cm<\/p>\n<p>Alto: 6cm<\/p>\n<p>Peso: 30kg<\/p>\n<ul>\n<li>Caja2:<\/li>\n<\/ul>\n<p>Largo: 121cm<\/p>\n<p>Ancho: 43.5cm<\/p>\n<p>Alto: 18cm<\/p>\n<p>Peso: 31kg<\/p>\n<ul>\n<li>Caja3:<\/li>\n<\/ul>\n<p>Largo: 81cm<\/p>\n<p>Ancho: 32cm<\/p>\n<p>Alto: 13cm<\/p>\n<p>Peso: 20.5kg<\/p>\n<h5><span style=\"color: #ff0000;\"><b>GARANT\u00cdA LEGAL<\/b><\/span><\/h5>\n<p><span style=\"color: #ff0000;\">Los productos poseen una garant\u00eda de 3 meses establecida por la Ley 19.496 Sobre Protecci\u00f3n de los Derechos de Los Consumidores, contados desde la fecha de recepci\u00f3n del producto, en caso de fallas o deficiencias que afecten el uso al cual est\u00e1 destinado el producto. De acuerdo con la ley de protecci\u00f3n al consumidor, en caso de falla del producto tiene el derecho a elegir entre las siguientes opciones:<\/span><\/p>\n<ol type=\"I\">\n<li><span style=\"color: #ff0000;\">Reparaci\u00f3n gratuita del producto.<\/span><\/li>\n<li><span style=\"color: #ff0000;\">Reposici\u00f3n o cambio.<\/span><\/li>\n<li><span style=\"color: #ff0000;\">La devoluci\u00f3n del dinero pagado.<\/span><\/li>\n<\/ol>\n<p><span style=\"color: #ff0000;\">Para ejercer este derecho, se deben determinar preliminarmente las causas de falla del producto. No podr\u00e1 ejercer este derecho cuando el deterioro sea imputable al cliente por su mal uso .<\/span><\/p>\n<h5><span style=\"color: #ff0000;\">Precio publicado para Zona Franca, A OTRAS REGIONES SE APLICAN COSTOS EXTRAS : IVA(19%), Impuesto ad valorem(6%), generaci\u00f3n de DIN y honorarios de Agencia de aduana.<\/span><\/h5>\n<p><span style=\"color: #ff0000;\">Inf\u00f3rmese en Manual de Zona Franca p\u00e1gina 22.<\/span><\/p>\n<p><span style=\"color: #ff0000;\"><b><em>El stock disponible de nuestros productos puede variar, por favor cont\u00e1ctenos para saber m\u00e1s a cerca de la disponibilidad de este producto o escr\u00edbenos a nuestro \u00a0<a style=\"color: #ff0000;\" href=\"https:\/\/wa.me\/56997056557\">Whatsapp<\/a>.<\/em><\/b><\/span><\/p>\n","protected":false},"excerpt":{"rendered":"<div class=\"woocommerce-product-details__short-description\">\n<h5><span style=\"color: #ff0000;\">AL RESTO DEL PA\u00cdS $262.052<\/span><\/h5>\n<h5><span style=\"color: #ff0000;\"><b><em>El stock disponible de nuestro producto puede variar, por favor cont\u00e1ctenos para saber m\u00e1s a cerca de la disponibilidad de este producto \u00f3 escr\u00edbenos a nuestro \u00a0<a style=\"color: #ff0000;\" href=\"https:\/\/wa.me\/56997056557\">Whatsapp<\/a>.<\/em><\/b><\/span><\/h5>\n<\/div>\n<p class=\"stock available-on-backorder\"><span style=\"color: #ff0000;\">Disponible para Entrega Inmediata.<\/span><\/p>\n<h5><span style=\"color: #ff0000;\">Entrega a domicilio<\/span><\/h5>\n<p><span style=\"color: #ff0000;\">Este servicio se cobra por aparte. Tambi\u00e9n puede retirar en nuestra Tienda, ubicado en Manzana E sitio 48E \u2013 Barrio Industrial (diagonal a la puerta 4 de Zofri).<\/span><\/p>\n<p><span style=\"color: #ff0000;\">Horario de atenci\u00f3n de lunes a viernes.<\/span><br \/>\n<span style=\"color: #ff0000;\">De 9 a 14HRS y De 15 a 18:30HRS<\/span><\/p>\n<div class=\"shareThis\"><span class=\"socLeft\" style=\"color: #ff0000;\"><img decoding=\"async\" src=\"https:\/\/intlhomestore.com\/layout\/one_1920\/images\/cst-Facebook.png\" alt=\"\" \/><img decoding=\"async\" class=\"\" src=\"https:\/\/intlhomestore.com\/layout\/one_1920\/images\/cst-email.png\" alt=\"\" \/><\/span><\/div>\n","protected":false},"featured_media":11563,"comment_status":"open","ping_status":"closed","template":"","meta":[],"product_brand":[],"product_cat":[95,65],"product_tag":[],"class_list":{"0":"post-11562","1":"product","2":"type-product","3":"status-publish","4":"has-post-thumbnail","6":"product_cat-archivero","7":"product_cat-oficina","9":"first","10":"instock","11":"sale","12":"taxable","13":"shipping-taxable","14":"purchasable","15":"product-type-simple"},"_links":{"self":[{"href":"https:\/\/www.aguilamuebles.cl\/tienda\/wp-json\/wp\/v2\/product\/11562","targetHints":{"allow":["GET"]}}],"collection":[{"href":"https:\/\/www.aguilamuebles.cl\/tienda\/wp-json\/wp\/v2\/product"}],"about":[{"href":"https:\/\/www.aguilamuebles.cl\/tienda\/wp-json\/wp\/v2\/types\/product"}],"replies":[{"embeddable":true,"href":"https:\/\/www.aguilamuebles.cl\/tienda\/wp-json\/wp\/v2\/comments?post=11562"}],"wp:featuredmedia":[{"embeddable":true,"href":"https:\/\/www.aguilamuebles.cl\/tienda\/wp-json\/wp\/v2\/media\/11563"}],"wp:attachment":[{"href":"https:\/\/www.aguilamuebles.cl\/tienda\/wp-json\/wp\/v2\/media?parent=11562"}],"wp:term":[{"taxonomy":"product_brand","embeddable":true,"href":"https:\/\/www.aguilamuebles.cl\/tienda\/wp-json\/wp\/v2\/product_brand?post=11562"},{"taxonomy":"product_cat","embeddable":true,"href":"https:\/\/www.aguilamuebles.cl\/tienda\/wp-json\/wp\/v2\/product_cat?post=11562"},{"taxonomy":"product_tag","embeddable":true,"href":"https:\/\/www.aguilamuebles.cl\/tienda\/wp-json\/wp\/v2\/product_tag?post=11562"}],"curies":[{"name":"wp","href":"https:\/\/api.w.org\/{rel}","templated":true}]}}