{"id":11801,"date":"2021-09-03T18:55:46","date_gmt":"2021-09-03T22:55:46","guid":{"rendered":"https:\/\/www.aguilamuebles.cl\/tienda\/?post_type=product&#038;p=11801"},"modified":"2025-11-01T17:59:46","modified_gmt":"2025-11-01T21:59:46","slug":"silla-de-comedor-ralene-ashley-d594-01","status":"publish","type":"product","link":"https:\/\/www.aguilamuebles.cl\/tienda\/product\/silla-de-comedor-ralene-ashley-d594-01\/","title":{"rendered":"Silla de comedor Ralene Ashley d594-01"},"content":{"rendered":"<div class=\"detail-cols detail-column-left\">\n<h2 class=\"tab-header2\">Detalles y descripci\u00f3n general<\/h2>\n<div>\n<h3 class=\"tab-header3\">Descripci\u00f3n<\/h3>\n<p>C\u00f3modamente contorneada, con un dise\u00f1o de espalda inclinada, la silla auxiliar de comedor Ralene captura maravillosamente la esencia del refinamiento r\u00fastico.\u00a0El asiento de cuero sint\u00e9tico tapizado de manera lujosa hace que acercar una silla sea mucho m\u00e1s atractivo.\u00a0Tambi\u00e9n facilita la limpieza.<\/p>\n<\/div>\n<ul class=\"detail-row\">\n<li>Tapicer\u00eda de piel sint\u00e9tica<\/li>\n<li>Hecho de chapas, madera y madera sint\u00e9tica.<\/li>\n<li>se requiere ensamblaje<\/li>\n<li>Excluido de cupones y descuentos promocionales<\/li>\n<li>Tiempo estimado de montaje: 15 minutos<\/li>\n<\/ul>\n<div class=\"detail-row\">\n<h3 class=\"tab-header3\">Peso<\/h3>\n<p>42 libras.\u00a0(9,53 kgs.)<\/p>\n<\/div>\n<\/div>\n<div class=\"detail-cols detail-column-right\">\n<div class=\"detail-row detail-row-dimensions\">\n<h3 class=\"tab-header3\">Dimensiones<\/h3>\n<div class=\"dimension-image\"><img decoding=\"async\" src=\"https:\/\/ashleyfurniture.scene7.com\/is\/image\/AshleyFurniture\/D594-01-Ralene-DIM?$AFHS-Grid-1X$\" alt=\"Silla de comedor Ralene&#96;&#96; grande\" \/><\/div>\n<ul>\n<li>Ancho: 19,50 \u00bb (50 cm.)<\/li>\n<li>Profundidad: 22,63 \u00bb (57 cm)<\/li>\n<li>Alto: 40.25 \u00bb (1.02 cm)<\/li>\n<\/ul>\n<h5><b>GARANT\u00cdA LEGAL<\/b><\/h5>\n<p>Los productos poseen una garant\u00eda de 3 meses establecida por la Ley 19.496 Sobre Protecci\u00f3n de los Derechos de Los Consumidores, contados desde la fecha de recepci\u00f3n del producto, en caso de fallas o deficiencias que afecten el uso al cual est\u00e1 destinado el producto. De acuerdo con la ley de protecci\u00f3n al consumidor, en caso de falla del producto tiene el derecho a elegir entre las siguientes opciones:<\/p>\n<ol type=\"I\">\n<li>Reparaci\u00f3n gratuita del producto.<\/li>\n<li>Reposici\u00f3n o cambio.<\/li>\n<li>La devoluci\u00f3n del dinero pagado.<\/li>\n<\/ol>\n<p>Para ejercer este derecho, se deben determinar preliminarmente las causas de falla del producto. No podr\u00e1 ejercer este derecho cuando el deterioro sea imputable al cliente por su mal uso .<\/p>\n<h5>Precio publicado para Zona Franca, A OTRAS REGIONES SE APLICAN COSTOS EXTRAS : IVA(19%), Impuesto ad valorem(6%), generaci\u00f3n de DIN y honorarios de Agencia de aduana.<\/h5>\n<p>Inf\u00f3rmese en Manual de Zona Franca p\u00e1gina 22.<\/p>\n<p><b><em>El stock disponible de nuestro producto puede variar, por favor cont\u00e1ctenos para saber m\u00e1s a cerca de la disponibilidad de este producto \u00f3 escr\u00edbenos a nuestro \u00a0<a href=\"https:\/\/wa.me\/56997056557\">Whatsapp<\/a>.<\/em><\/b><\/p>\n<p>&nbsp;<\/p>\n<\/div>\n<\/div>\n","protected":false},"excerpt":{"rendered":"<div class=\"woocommerce-product-details__short-description\">\n<h5>AL RESTO DEL PA\u00cdS $156.094-<\/h5>\n<p><b><em>El stock disponible de nuestro producto puede variar, por favor cont\u00e1ctenos para saber m\u00e1s a cerca de la disponibilidad de este producto \u00f3 escr\u00edbenos a nuestro \u00a0<a href=\"https:\/\/wa.me\/56997056557\">Whatsapp<\/a>.<\/em><\/b><\/p>\n<\/div>\n<p class=\"stock available-on-backorder\">Disponible para Entrega Inmediata.<\/p>\n","protected":false},"featured_media":11802,"comment_status":"open","ping_status":"closed","template":"","meta":[],"product_brand":[],"product_cat":[64,102,103],"product_tag":[],"class_list":{"0":"post-11801","1":"product","2":"type-product","3":"status-publish","4":"has-post-thumbnail","6":"product_cat-cocina","7":"product_cat-comedor","8":"product_cat-juego-de-comedor","10":"first","11":"instock","12":"sale","13":"taxable","14":"shipping-taxable","15":"purchasable","16":"product-type-simple"},"_links":{"self":[{"href":"https:\/\/www.aguilamuebles.cl\/tienda\/wp-json\/wp\/v2\/product\/11801","targetHints":{"allow":["GET"]}}],"collection":[{"href":"https:\/\/www.aguilamuebles.cl\/tienda\/wp-json\/wp\/v2\/product"}],"about":[{"href":"https:\/\/www.aguilamuebles.cl\/tienda\/wp-json\/wp\/v2\/types\/product"}],"replies":[{"embeddable":true,"href":"https:\/\/www.aguilamuebles.cl\/tienda\/wp-json\/wp\/v2\/comments?post=11801"}],"wp:featuredmedia":[{"embeddable":true,"href":"https:\/\/www.aguilamuebles.cl\/tienda\/wp-json\/wp\/v2\/media\/11802"}],"wp:attachment":[{"href":"https:\/\/www.aguilamuebles.cl\/tienda\/wp-json\/wp\/v2\/media?parent=11801"}],"wp:term":[{"taxonomy":"product_brand","embeddable":true,"href":"https:\/\/www.aguilamuebles.cl\/tienda\/wp-json\/wp\/v2\/product_brand?post=11801"},{"taxonomy":"product_cat","embeddable":true,"href":"https:\/\/www.aguilamuebles.cl\/tienda\/wp-json\/wp\/v2\/product_cat?post=11801"},{"taxonomy":"product_tag","embeddable":true,"href":"https:\/\/www.aguilamuebles.cl\/tienda\/wp-json\/wp\/v2\/product_tag?post=11801"}],"curies":[{"name":"wp","href":"https:\/\/api.w.org\/{rel}","templated":true}]}}