{"id":12384,"date":"2021-09-23T17:22:39","date_gmt":"2021-09-23T21:22:39","guid":{"rendered":"https:\/\/www.aguilamuebles.cl\/tienda\/?post_type=product&#038;p=12384"},"modified":"2025-12-05T17:53:06","modified_gmt":"2025-12-05T21:53:06","slug":"mesa-de-bar-torjin-de-3-piezas-ashley","status":"publish","type":"product","link":"https:\/\/www.aguilamuebles.cl\/tienda\/product\/mesa-de-bar-torjin-de-3-piezas-ashley\/","title":{"rendered":"Mesa de Bar Torjin de 3 piezas Ashley D284-113"},"content":{"rendered":"<h5>DETALLES<\/h5>\n<p class=\"ng-star-inserted\"><span>Lleve las comidas informales a nuevas alturas con este juego de mesa rectangular con altura de mostrador y taburetes de bar. La mesa est\u00e1 reducida para caber en los espacios m\u00e1s peque\u00f1os: perfecta en cualquier lugar, especialmente en un estudio o en un rinc\u00f3n estrecho de la cocina. Admire c\u00f3mo el acabado de metal con recubrimiento en polvo en tono bronce oscuro, la mesa con apariencia de tablones y los taburetes giratorios reflejan el popular estilo r\u00fastico e industrial. Los detalles decorativos incluyen remaches met\u00e1licos y un dise\u00f1o met\u00e1lico curvo. Los taburetes giran c\u00f3modamente y su altura es ajustable, perfecto para brindar flexibilidad.<\/span><\/p>\n<div class=\"ng-star-inserted\">\n<ul>\n<li class=\"ng-star-inserted\"><span>Incluye mesa esbelta y 2 taburetes.<\/span><\/li>\n<li class=\"ng-star-inserted\"><span>Fabricado en metal, madera contrachapada y chapa de abedul.<\/span><\/li>\n<li class=\"ng-star-inserted\"><span>Los tableros de las mesas y los taburetes tienen un efecto de tablones.<\/span><\/li>\n<li class=\"ng-star-inserted\"><span>Las alturas de los taburetes son ajustables.<\/span><\/li>\n<li class=\"ng-star-inserted\"><span>Los taburetes son giratorios y tienen c\u00f3modos reposapi\u00e9s.<\/span><\/li>\n<li class=\"ng-star-inserted\"><span>Asientos 2<\/span><\/li>\n<li class=\"ng-star-inserted\"><span>se requiere ensamblaje<\/span><\/li>\n<\/ul>\n<\/div>\n<div class=\"bulletPoint\">\n<h5><b>DIMENSIONES DE LA MESA<\/b><\/h5>\n<ul class=\"dimCustomCls\">\n<li>Mesa Ancho: 1.38 cm<\/li>\n<li>Mesa Profundidad: 45 cm<\/li>\n<li>Mesa Alto: 90 cm<\/li>\n<\/ul>\n<h5><b>DIMENSIONES TABURERE<\/b><\/h5>\n<ul class=\"dimCustomCls\">\n<li>Taburete Ancho: 36 cm<\/li>\n<li>Taburete Profundidad: 36 cm<\/li>\n<li>Taburete Alto: 63cm<\/li>\n<\/ul>\n<h5><b>GARANT\u00cdA LEGAL<\/b><\/h5>\n<p>Los productos poseen una garant\u00eda de 3 meses establecida por la Ley 19.496 Sobre Protecci\u00f3n de los Derechos de Los Consumidores, contados desde la fecha de recepci\u00f3n del producto, en caso de fallas o deficiencias que afecten el uso al cual est\u00e1 destinado el producto. De acuerdo con la ley de protecci\u00f3n al consumidor, en caso de falla del producto tiene el derecho a elegir entre las siguientes opciones:<\/p>\n<ol type=\"I\">\n<li>Reparaci\u00f3n gratuita del producto.<\/li>\n<li>Reposici\u00f3n o cambio.<\/li>\n<li>La devoluci\u00f3n del dinero pagado.<\/li>\n<\/ol>\n<p>Para ejercer este derecho, se deben determinar preliminarmente las causas de falla del producto. No podr\u00e1 ejercer este derecho cuando el deterioro sea imputable al cliente por su mal uso .<\/p>\n<h5>Precio publicado para Zona Franca, A OTRAS REGIONES SE APLICAN COSTOS EXTRAS : IVA(19%), Impuesto ad valorem(6%), generaci\u00f3n de DIN y honorarios de Agencia de aduana.<\/h5>\n<p>Inf\u00f3rmese en Manual de Zona Franca p\u00e1gina 22.<\/p>\n<p><b><em>El stock disponible de nuestro producto puede variar, por favor cont\u00e1ctenos para saber m\u00e1s a cerca de la disponibilidad de este producto \u00f3 escr\u00edbenos a nuestro \u00a0<a href=\"https:\/\/wa.me\/56997056557\">Whatsapp<\/a>.<\/em><\/b><\/p>\n<\/div>\n","protected":false},"excerpt":{"rendered":"<div class=\"woocommerce-product-details__short-description\">\n<h5><span style=\"color: #ff0000;\">AL RESTO DEL PA\u00cdS $<strong><span class=\"woocommerce-Price-amount amount\"><span class=\"woocommerce-Price-currencySymbol\">$<\/span>365.806<\/span><\/strong><\/span><\/h5>\n<p><b><em>El stock disponible de nuestro producto puede variar, por favor cont\u00e1ctenos para saber m\u00e1s a cerca de la disponibilidad de este producto \u00f3 escr\u00edbenos a nuestro \u00a0<a href=\"https:\/\/wa.me\/56997056557\">Whatsapp<\/a>.<\/em><\/b><\/p>\n<\/div>\n<p class=\"stock available-on-backorder\">Disponible<\/p>\n","protected":false},"featured_media":42636,"comment_status":"open","ping_status":"closed","template":"","meta":[],"product_brand":[],"product_cat":[157,102,103,63,147,154,66],"product_tag":[],"class_list":{"0":"post-12384","1":"product","2":"type-product","3":"status-publish","4":"has-post-thumbnail","6":"product_cat-buffet","7":"product_cat-comedor","8":"product_cat-juego-de-comedor","9":"product_cat-living","10":"product_cat-mesa-de-arrimo","11":"product_cat-poltrona","12":"product_cat-sala-de-estar","14":"first","15":"instock","16":"taxable","17":"shipping-taxable","18":"purchasable","19":"product-type-simple"},"_links":{"self":[{"href":"https:\/\/www.aguilamuebles.cl\/tienda\/wp-json\/wp\/v2\/product\/12384","targetHints":{"allow":["GET"]}}],"collection":[{"href":"https:\/\/www.aguilamuebles.cl\/tienda\/wp-json\/wp\/v2\/product"}],"about":[{"href":"https:\/\/www.aguilamuebles.cl\/tienda\/wp-json\/wp\/v2\/types\/product"}],"replies":[{"embeddable":true,"href":"https:\/\/www.aguilamuebles.cl\/tienda\/wp-json\/wp\/v2\/comments?post=12384"}],"wp:featuredmedia":[{"embeddable":true,"href":"https:\/\/www.aguilamuebles.cl\/tienda\/wp-json\/wp\/v2\/media\/42636"}],"wp:attachment":[{"href":"https:\/\/www.aguilamuebles.cl\/tienda\/wp-json\/wp\/v2\/media?parent=12384"}],"wp:term":[{"taxonomy":"product_brand","embeddable":true,"href":"https:\/\/www.aguilamuebles.cl\/tienda\/wp-json\/wp\/v2\/product_brand?post=12384"},{"taxonomy":"product_cat","embeddable":true,"href":"https:\/\/www.aguilamuebles.cl\/tienda\/wp-json\/wp\/v2\/product_cat?post=12384"},{"taxonomy":"product_tag","embeddable":true,"href":"https:\/\/www.aguilamuebles.cl\/tienda\/wp-json\/wp\/v2\/product_tag?post=12384"}],"curies":[{"name":"wp","href":"https:\/\/api.w.org\/{rel}","templated":true}]}}