{"id":12389,"date":"2021-09-23T17:52:19","date_gmt":"2021-09-23T21:52:19","guid":{"rendered":"https:\/\/www.aguilamuebles.cl\/tienda\/?post_type=product&#038;p=12389"},"modified":"2021-10-08T10:48:01","modified_gmt":"2021-10-08T14:48:01","slug":"sillon-jarreau-color-azul-ashley","status":"publish","type":"product","link":"https:\/\/www.aguilamuebles.cl\/tienda\/product\/sillon-jarreau-color-azul-ashley\/","title":{"rendered":"Sill\u00f3n Jarreau Color Azul Ashley"},"content":{"rendered":"<p><strong>Caracter\u00edsticas:<\/strong><\/p>\n<p><strong>Costura ribeteada<\/strong><\/p>\n<p>\u00a1Dise\u00f1ado a la perfecci\u00f3n!\u00a0Las costuras ribeteadas de este mueble definen los bordes de la tapicer\u00eda y son un s\u00edmbolo de buena artesan\u00eda.<\/p>\n<p><strong>Tapicer\u00eda de tela<\/strong><\/p>\n<p>\u00a1Suave y acogedor!\u00a0La tapicer\u00eda de tela es una forma econ\u00f3mica y ecol\u00f3gica de lucirse por el estilo y el color.\u00a0Permite una multitud de patrones u opciones de color.<\/p>\n<p><strong>Detallado cosido<\/strong><\/p>\n<p>Es bueno poder mirar algo y tener una idea del trabajo involucrado.\u00a0As\u00ed que eche un vistazo y aprecie las costuras visibles de estos muebles para tener una sensaci\u00f3n completa de la experiencia.<\/p>\n<p><strong>Piernas afiladas<\/strong><\/p>\n<p>Lleva la est\u00e9tica de tu hogar a un nuevo nivel.\u00a0Las l\u00edneas de contorno de las piernas afiladas irradian elegancia y sofisticaci\u00f3n.<\/p>\n<p><strong>Brazos de seguimiento<\/strong>Uno de los brazos que mejor se adaptan a espacios reducidos.\u00a0Da un aspecto contempor\u00e1neo y define las l\u00edneas de un sof\u00e1 con sus detalles elegantes, rectos y hechos a medida.<\/p>\n<h5><b>DIMENSIONES<\/b><\/h5>\n<ul class=\"dimCustomCls\">\n<li>Chair\u00a0Ancho: 36.13&#8243;<\/li>\n<li>Chair\u00a0Profundidad: 33.50&#8243;<\/li>\n<li>Chair\u00a0Alto: 36.50&#8243;<\/li>\n<\/ul>\n<div class=\"woocommerce-product-details__short-description\">\n<h5><b>GARANT\u00cdA LEGAL<\/b><\/h5>\n<p>Los productos poseen una garant\u00eda de 3 meses establecida por la Ley 19.496 Sobre Protecci\u00f3n de los Derechos de Los Consumidores, contados desde la fecha de recepci\u00f3n del producto, en caso de fallas o deficiencias que afecten el uso al cual est\u00e1 destinado el producto. De acuerdo con la ley de protecci\u00f3n al consumidor, en caso de falla del producto tiene el derecho a elegir entre las siguientes opciones:<\/p>\n<ol type=\"I\">\n<li>Reparaci\u00f3n gratuita del producto.<\/li>\n<li>Reposici\u00f3n o cambio.<\/li>\n<li>La devoluci\u00f3n del dinero pagado.<\/li>\n<\/ol>\n<p>Para ejercer este derecho, se deben determinar preliminarmente las causas de falla del producto. No podr\u00e1 ejercer este derecho cuando el deterioro sea imputable al cliente por su mal uso .<\/p>\n<h5>Precio publicado para Zona Franca, A OTRAS REGIONES SE APLICAN COSTOS EXTRAS : IVA(19%), Impuesto ad valorem(6%), generaci\u00f3n de DIN y honorarios de Agencia de aduana.<\/h5>\n<p>Inf\u00f3rmese en Manual de Zona Franca p\u00e1gina 22.<\/p>\n<p><b><em>El stock disponible de nuestro producto puede variar, por favor cont\u00e1ctenos para saber m\u00e1s a cerca de la disponibilidad de este producto \u00f3 escr\u00edbenos a nuestro \u00a0<a href=\"https:\/\/wa.me\/56997056557\">Whatsapp<\/a>.<\/em><\/b><\/p>\n<\/div>\n","protected":false},"excerpt":{"rendered":"<div class=\"woocommerce-product-details__short-description\">\n<h5><span style=\"color: #ff0000;\">AL RESTO DEL PA\u00cdS $463.876-<\/span><\/h5>\n<p><b><em>El stock disponible de nuestro producto puede variar, por favor cont\u00e1ctenos para saber m\u00e1s a cerca de la disponibilidad de este producto \u00f3 escr\u00edbenos a nuestro \u00a0<a href=\"https:\/\/wa.me\/56997056557\">Whatsapp<\/a>.<\/em><\/b><\/p>\n<\/div>\n<p class=\"stock available-on-backorder\">Disponible<\/p>\n","protected":false},"featured_media":12392,"comment_status":"open","ping_status":"closed","template":"","meta":[],"product_brand":[],"product_cat":[102,100,63,154,66,83,148],"product_tag":[],"class_list":{"0":"post-12389","1":"product","2":"type-product","3":"status-publish","4":"has-post-thumbnail","6":"product_cat-comedor","7":"product_cat-dormitorio","8":"product_cat-living","9":"product_cat-poltrona","10":"product_cat-sala-de-estar","11":"product_cat-sofa","12":"product_cat-sofa-cama","14":"first","15":"instock","16":"sale","17":"taxable","18":"shipping-taxable","19":"purchasable","20":"product-type-simple"},"_links":{"self":[{"href":"https:\/\/www.aguilamuebles.cl\/tienda\/wp-json\/wp\/v2\/product\/12389","targetHints":{"allow":["GET"]}}],"collection":[{"href":"https:\/\/www.aguilamuebles.cl\/tienda\/wp-json\/wp\/v2\/product"}],"about":[{"href":"https:\/\/www.aguilamuebles.cl\/tienda\/wp-json\/wp\/v2\/types\/product"}],"replies":[{"embeddable":true,"href":"https:\/\/www.aguilamuebles.cl\/tienda\/wp-json\/wp\/v2\/comments?post=12389"}],"wp:featuredmedia":[{"embeddable":true,"href":"https:\/\/www.aguilamuebles.cl\/tienda\/wp-json\/wp\/v2\/media\/12392"}],"wp:attachment":[{"href":"https:\/\/www.aguilamuebles.cl\/tienda\/wp-json\/wp\/v2\/media?parent=12389"}],"wp:term":[{"taxonomy":"product_brand","embeddable":true,"href":"https:\/\/www.aguilamuebles.cl\/tienda\/wp-json\/wp\/v2\/product_brand?post=12389"},{"taxonomy":"product_cat","embeddable":true,"href":"https:\/\/www.aguilamuebles.cl\/tienda\/wp-json\/wp\/v2\/product_cat?post=12389"},{"taxonomy":"product_tag","embeddable":true,"href":"https:\/\/www.aguilamuebles.cl\/tienda\/wp-json\/wp\/v2\/product_tag?post=12389"}],"curies":[{"name":"wp","href":"https:\/\/api.w.org\/{rel}","templated":true}]}}