{"id":12889,"date":"2021-10-10T15:39:12","date_gmt":"2021-10-10T19:39:12","guid":{"rendered":"https:\/\/www.aguilamuebles.cl\/tienda\/?post_type=product&#038;p=12889"},"modified":"2025-10-10T08:12:44","modified_gmt":"2025-10-10T12:12:44","slug":"caitbrook-dining-table-and-chairs-set-of-7-d388-425","status":"publish","type":"product","link":"https:\/\/www.aguilamuebles.cl\/tienda\/product\/caitbrook-dining-table-and-chairs-set-of-7-d388-425\/","title":{"rendered":"Caitbrook Dining Table and Chairs (Set of 7) D388-425"},"content":{"rendered":"<div class=\"col-sm-3 col-md-3 col-lg-3 col-xl-2\"><strong><span>Descripci\u00f3n del art\u00edculo:<\/span><\/strong><\/div>\n<div class=\"col-sm-9 col-md-9 col-lg-9 col-xl-10\"><span>Porci\u00f3n perfecta.\u00a0Con una pose simplemente elegante, este juego de comedor tiene un estilo fascinante.\u00a0El sutil acabado gris lavado le da al dise\u00f1o de l\u00edneas limpias una sensaci\u00f3n de frescor informal, mientras que el asiento mullido y acolchado de la silla en una tapicer\u00eda suave y neutra se suma al atractivo.<\/span><\/div>\n<ul class=\"ng-star-inserted\">\n<li class=\"orangecolor\"><span><span>Incluye mesa de comedor y 6 sillas<\/span><\/span><\/li>\n<li class=\"orangecolor\"><span><span>Mesa de madera, chapa de acacia y madera sint\u00e9tica;\u00a0<\/span><span>sillas de madera<\/span><\/span><\/li>\n<li class=\"orangecolor\"><span><span>Acabado lavado gris envejecido<\/span><\/span><\/li>\n<li class=\"orangecolor\"><span><span>Asiento acolchado de espuma con tapizado de poli\u00e9ster tejido de lino<\/span><\/span><\/li>\n<li class=\"orangecolor\"><span><span>Acentos de cabeza de clavo<\/span><\/span><\/li>\n<li class=\"orangecolor\"><span><span>se requiere ensamblaje<\/span><\/span><\/li>\n<\/ul>\n<p>914.4mm W x 1524mm D x 755.65mm H<\/p>\n<p><strong>Peso<\/strong>\u00a0: 91.17 kgs.\u00a0|\u00a0<strong>Cubo<\/strong>\u00a0: 0.53 m<\/p>\n<h5>Precio publicado para Zona Franca, A OTRAS REGIONES SE APLICAN COSTOS EXTRAS : IVA(19%), Impuesto ad valorem(6%), generaci\u00f3n de DIN y honorarios de Agencia de aduana.<\/h5>\n<p>&nbsp;<\/p>\n<p>&nbsp;<\/p>\n","protected":false},"excerpt":{"rendered":"<h5><span style=\"color: #ff0000;\">AL RESTO DEL PA\u00cdS $1.016.369-<\/span><\/h5>\n<h5><b><em>El stock disponible de nuestros productos puede variar, por favor cont\u00e1ctenos para saber m\u00e1s a cerca de la disponibilidad de este producto o escr\u00edbenos a nuestro \u00a0<a href=\"https:\/\/wa.me\/56997056557\">Whatsapp<\/a>.<\/em><\/b><\/h5>\n","protected":false},"featured_media":13162,"comment_status":"open","ping_status":"closed","template":"","meta":[],"product_brand":[],"product_cat":[103],"product_tag":[],"class_list":{"0":"post-12889","1":"product","2":"type-product","3":"status-publish","4":"has-post-thumbnail","6":"product_cat-juego-de-comedor","8":"first","9":"instock","10":"sale","11":"taxable","12":"shipping-taxable","13":"purchasable","14":"product-type-simple"},"_links":{"self":[{"href":"https:\/\/www.aguilamuebles.cl\/tienda\/wp-json\/wp\/v2\/product\/12889","targetHints":{"allow":["GET"]}}],"collection":[{"href":"https:\/\/www.aguilamuebles.cl\/tienda\/wp-json\/wp\/v2\/product"}],"about":[{"href":"https:\/\/www.aguilamuebles.cl\/tienda\/wp-json\/wp\/v2\/types\/product"}],"replies":[{"embeddable":true,"href":"https:\/\/www.aguilamuebles.cl\/tienda\/wp-json\/wp\/v2\/comments?post=12889"}],"wp:featuredmedia":[{"embeddable":true,"href":"https:\/\/www.aguilamuebles.cl\/tienda\/wp-json\/wp\/v2\/media\/13162"}],"wp:attachment":[{"href":"https:\/\/www.aguilamuebles.cl\/tienda\/wp-json\/wp\/v2\/media?parent=12889"}],"wp:term":[{"taxonomy":"product_brand","embeddable":true,"href":"https:\/\/www.aguilamuebles.cl\/tienda\/wp-json\/wp\/v2\/product_brand?post=12889"},{"taxonomy":"product_cat","embeddable":true,"href":"https:\/\/www.aguilamuebles.cl\/tienda\/wp-json\/wp\/v2\/product_cat?post=12889"},{"taxonomy":"product_tag","embeddable":true,"href":"https:\/\/www.aguilamuebles.cl\/tienda\/wp-json\/wp\/v2\/product_tag?post=12889"}],"curies":[{"name":"wp","href":"https:\/\/api.w.org\/{rel}","templated":true}]}}