{"id":12890,"date":"2021-10-10T15:45:10","date_gmt":"2021-10-10T19:45:10","guid":{"rendered":"https:\/\/www.aguilamuebles.cl\/tienda\/?post_type=product&#038;p=12890"},"modified":"2024-10-18T11:38:13","modified_gmt":"2024-10-18T15:38:13","slug":"murphy-table-set-of-3-t352-13","status":"publish","type":"product","link":"https:\/\/www.aguilamuebles.cl\/tienda\/product\/murphy-table-set-of-3-t352-13\/","title":{"rendered":"Murphy Table (Set of 3) T352-13"},"content":{"rendered":"<h3 class=\"ng-star-inserted\">Detalles:<\/h3>\n<p class=\"ng-star-inserted\">Este juego de mesas ratonas incorpora un giro \u00fanico con respecto al estilo vintage. Los soportes de metal robustos y los detalles con tachas son frescos y tienen un toque industrial, pero el estilo es c\u00e1lido y r\u00fastico.<\/p>\n<ul class=\"ng-star-inserted\">\n<li class=\"ng-star-inserted\">Se requiere el armado.<\/li>\n<li class=\"ng-star-inserted\">Acabado a mano<\/li>\n<li class=\"ng-star-inserted\">De enchapados, madera, madera procesada y metal<\/li>\n<li class=\"ng-star-inserted\">Cada mesa tiene 1\u00a0estante fijo<\/li>\n<li class=\"ng-star-inserted\">Incluye 1\u00a0mesa ratona y 2\u00a0mesas para colocar al lado del sill\u00f3n<\/li>\n<\/ul>\n<p>1166.88mm W x 660.4mm D x 511.17mm H<\/p>\n<p><strong>Peso<\/strong>\u00a0: 63.05 kgs.\u00a0|\u00a0<strong>Cubo<\/strong>\u00a0: 0.29 m<\/p>\n<h5>Precio publicado para Zona Franca, A OTRAS REGIONES SE APLICAN COSTOS EXTRAS : IVA(19%), Impuesto ad valorem(6%), generaci\u00f3n de DIN y honorarios de Agencia de aduana.<\/h5>\n","protected":false},"excerpt":{"rendered":"<h5><span style=\"color: #ff0000;\">AL RESTO DEL PA\u00cdS $606.414-<\/span><\/h5>\n<h5><b><em>El stock disponible de nuestros productos puede variar, por favor cont\u00e1ctenos para saber m\u00e1s a cerca de la disponibilidad de este producto o escr\u00edbenos a nuestro \u00a0<a href=\"https:\/\/wa.me\/56997056557\">Whatsapp<\/a>.<\/em><\/b><\/h5>\n","protected":false},"featured_media":13170,"comment_status":"open","ping_status":"closed","template":"","meta":[],"product_brand":[],"product_cat":[63,85],"product_tag":[],"class_list":{"0":"post-12890","1":"product","2":"type-product","3":"status-publish","4":"has-post-thumbnail","6":"product_cat-living","7":"product_cat-mesa-centro","9":"first","10":"outofstock","11":"sale","12":"taxable","13":"shipping-taxable","14":"purchasable","15":"product-type-simple"},"_links":{"self":[{"href":"https:\/\/www.aguilamuebles.cl\/tienda\/wp-json\/wp\/v2\/product\/12890","targetHints":{"allow":["GET"]}}],"collection":[{"href":"https:\/\/www.aguilamuebles.cl\/tienda\/wp-json\/wp\/v2\/product"}],"about":[{"href":"https:\/\/www.aguilamuebles.cl\/tienda\/wp-json\/wp\/v2\/types\/product"}],"replies":[{"embeddable":true,"href":"https:\/\/www.aguilamuebles.cl\/tienda\/wp-json\/wp\/v2\/comments?post=12890"}],"wp:featuredmedia":[{"embeddable":true,"href":"https:\/\/www.aguilamuebles.cl\/tienda\/wp-json\/wp\/v2\/media\/13170"}],"wp:attachment":[{"href":"https:\/\/www.aguilamuebles.cl\/tienda\/wp-json\/wp\/v2\/media?parent=12890"}],"wp:term":[{"taxonomy":"product_brand","embeddable":true,"href":"https:\/\/www.aguilamuebles.cl\/tienda\/wp-json\/wp\/v2\/product_brand?post=12890"},{"taxonomy":"product_cat","embeddable":true,"href":"https:\/\/www.aguilamuebles.cl\/tienda\/wp-json\/wp\/v2\/product_cat?post=12890"},{"taxonomy":"product_tag","embeddable":true,"href":"https:\/\/www.aguilamuebles.cl\/tienda\/wp-json\/wp\/v2\/product_tag?post=12890"}],"curies":[{"name":"wp","href":"https:\/\/api.w.org\/{rel}","templated":true}]}}