{"id":12895,"date":"2021-10-10T16:48:42","date_gmt":"2021-10-10T20:48:42","guid":{"rendered":"https:\/\/www.aguilamuebles.cl\/tienda\/?post_type=product&#038;p=12895"},"modified":"2021-11-26T17:01:51","modified_gmt":"2021-11-26T21:01:51","slug":"jarreau-chair-1150220","status":"publish","type":"product","link":"https:\/\/www.aguilamuebles.cl\/tienda\/product\/jarreau-chair-1150220\/","title":{"rendered":"Jarreau Chair 1150220"},"content":{"rendered":"<h3 class=\"ng-star-inserted\">Detalles<\/h3>\n<p class=\"ng-star-inserted\">Esta silla brinda comodidad y dise\u00f1o superior al mismo tiempo. La forma elegante y el respaldo mullido de gran tama\u00f1o lo convierten en un refugio contempor\u00e1neo en el que querr\u00e1 descansar su espalda en todo momento. Los cordoncillos a lo largo de los apoyabrazos, as\u00ed como las patas c\u00f3nicas expuestas, agregan un toque chic y atemporal a la pieza. Perfecta para espacios peque\u00f1os y entretenimiento.<\/p>\n<ul class=\"ng-star-inserted\">\n<li class=\"ng-star-inserted\">Estructura reforzada en las esquinas<\/li>\n<li class=\"ng-star-inserted\">Loose cushions<\/li>\n<li class=\"ng-star-inserted\">Cojines de espuma de alta resistencia forrados en fibra gruesa de poli\u00e9ster<\/li>\n<li class=\"ng-star-inserted\">Tapizado de poli\u00e9ster<\/li>\n<li class=\"ng-star-inserted\">Patas expuestas con acabado en s\u00edmil madera<\/li>\n<\/ul>\n<p>901.7mm W x 863.6mm D x 889mm H<\/p>\n<p><strong>Peso<\/strong>\u00a0: 23.13 kgs.\u00a0|\u00a0<strong>Cubo<\/strong>\u00a0: 0.42 m<\/p>\n<h5>Precio publicado para Zona Franca, A OTRAS REGIONES SE APLICAN COSTOS EXTRAS : IVA(19%), Impuesto ad valorem(6%), generaci\u00f3n de DIN y honorarios de Agencia de aduana.<\/h5>\n<p>Inf\u00f3rmese en Manual de Zona Franca p\u00e1gina 22.<\/p>\n<p><b><em>El stock disponible de nuestro producto puede variar, por favor cont\u00e1ctenos para saber m\u00e1s a cerca de la disponibilidad de este producto \u00f3 escr\u00edbenos a nuestro \u00a0<a href=\"https:\/\/wa.me\/56997056557\">Whatsapp<\/a>.<\/em><\/b><\/p>\n","protected":false},"excerpt":{"rendered":"<h5><span style=\"color: #ff0000;\">AL RESTO DEL PA\u00cdS $438.648-<\/span><\/h5>\n<h5>Precio publicado para Zona Franca, A OTRAS REGIONES SE APLICAN COSTOS EXTRAS : IVA(19%), Impuesto ad valorem(6%), generaci\u00f3n de DIN y honorarios de Agencia de aduana.<\/h5>\n","protected":false},"featured_media":13183,"comment_status":"open","ping_status":"closed","template":"","meta":[],"product_brand":[],"product_cat":[63,83,148],"product_tag":[],"class_list":{"0":"post-12895","1":"product","2":"type-product","3":"status-publish","4":"has-post-thumbnail","6":"product_cat-living","7":"product_cat-sofa","8":"product_cat-sofa-cama","10":"first","11":"instock","12":"sale","13":"taxable","14":"shipping-taxable","15":"purchasable","16":"product-type-simple"},"_links":{"self":[{"href":"https:\/\/www.aguilamuebles.cl\/tienda\/wp-json\/wp\/v2\/product\/12895","targetHints":{"allow":["GET"]}}],"collection":[{"href":"https:\/\/www.aguilamuebles.cl\/tienda\/wp-json\/wp\/v2\/product"}],"about":[{"href":"https:\/\/www.aguilamuebles.cl\/tienda\/wp-json\/wp\/v2\/types\/product"}],"replies":[{"embeddable":true,"href":"https:\/\/www.aguilamuebles.cl\/tienda\/wp-json\/wp\/v2\/comments?post=12895"}],"wp:featuredmedia":[{"embeddable":true,"href":"https:\/\/www.aguilamuebles.cl\/tienda\/wp-json\/wp\/v2\/media\/13183"}],"wp:attachment":[{"href":"https:\/\/www.aguilamuebles.cl\/tienda\/wp-json\/wp\/v2\/media?parent=12895"}],"wp:term":[{"taxonomy":"product_brand","embeddable":true,"href":"https:\/\/www.aguilamuebles.cl\/tienda\/wp-json\/wp\/v2\/product_brand?post=12895"},{"taxonomy":"product_cat","embeddable":true,"href":"https:\/\/www.aguilamuebles.cl\/tienda\/wp-json\/wp\/v2\/product_cat?post=12895"},{"taxonomy":"product_tag","embeddable":true,"href":"https:\/\/www.aguilamuebles.cl\/tienda\/wp-json\/wp\/v2\/product_tag?post=12895"}],"curies":[{"name":"wp","href":"https:\/\/api.w.org\/{rel}","templated":true}]}}