{"id":14157,"date":"2021-11-26T17:08:39","date_gmt":"2021-11-26T21:08:39","guid":{"rendered":"https:\/\/www.aguilamuebles.cl\/tienda\/?post_type=product&#038;p=14157"},"modified":"2023-05-04T17:55:41","modified_gmt":"2023-05-04T21:55:41","slug":"sillon-kennewick-shadow-de-ashley","status":"publish","type":"product","link":"https:\/\/www.aguilamuebles.cl\/tienda\/product\/sillon-kennewick-shadow-de-ashley\/","title":{"rendered":"Sillon Kennewick Shadow de Ashley"},"content":{"rendered":"<div>\n<h3 class=\"tab-header3\">Descripci\u00f3n<\/h3>\n<p>Combinando el estilo contempor\u00e1neo que ama con la sensaci\u00f3n acogedora que anhela, la silla Kennewick convierte la vida f\u00e1cil en una forma de arte.\u00a0El marco ultra-lineal de la silla est\u00e1 enriquecido con generosos cojines en los brazos reforzados y una tapicer\u00eda de terciopelo indulgente que es la materia de la que est\u00e1n hechos los sue\u00f1os.\u00a0Los brazos delgados, los pies c\u00f3nicos elegantes y las costuras decorativas distintivas se encuentran entre los detalles m\u00e1s finos que distinguen a esta silla.<\/p>\n<\/div>\n<ul class=\"detail-row\">\n<li>Marco bloqueado en esquina<\/li>\n<li>Cojines de asiento sueltos y respaldo adjuntos<\/li>\n<li>Cojines de espuma de alta resistencia envueltos en polifibra gruesa<\/li>\n<li>Tapicer\u00eda de poli\u00e9ster<\/li>\n<li>Pies expuestos con acabado de madera sint\u00e9tica<\/li>\n<\/ul>\n<div class=\"detail-row\">\n<h3 class=\"tab-header3\">Detalles de la tela<\/h3>\n<ul>\n<li>Cuerpo: Poli\u00e9ster (100)%<\/li>\n<\/ul>\n<\/div>\n<div class=\"detail-row\">\n<h3 class=\"tab-header3\">Peso<\/h3>\n<p>31,3 kilogramos<\/p>\n<\/div>\n<div>\n<h3 class=\"tab-header3\">Dimensiones<\/h3>\n<\/div>\n<div>\n<div class=\"detail-row detail-row-dimensions\">\n<ul>\n<li>Ancho: 89 cm<\/li>\n<li>Profundidad: 1.02 cm<\/li>\n<li>Altura: 95 cm<\/li>\n<\/ul>\n<\/div>\n<div class=\"detail-row\">\n<h3 class=\"tab-header3\">Dimensiones adicionales<\/h3>\n<ul>\n<li>Altura del brazo: 77 cm<\/li>\n<li>Distancia entre brazos: 64 cm<\/li>\n<li>Ancho m\u00ednimo de la puerta para la entrega: 82 cm<\/li>\n<li>Profundidad del asiento: 61 cm<\/li>\n<li>Altura del asiento: 51 cm<\/li>\n<li>Desde la parte superior del coj\u00edn hasta la parte superior de la espalda: 44 cm<\/li>\n<\/ul>\n<h5>Precio publicado para Zona Franca, A OTRAS REGIONES SE APLICAN COSTOS EXTRAS : IVA(19%), Impuesto ad valorem(6%), generaci\u00f3n de DIN y honorarios de Agencia de aduana.<\/h5>\n<p>Inf\u00f3rmese en Manual de Zona Franca p\u00e1gina 22.<\/p>\n<p><b><em>El stock disponible de nuestro producto puede variar, por favor cont\u00e1ctenos para saber m\u00e1s a cerca de la disponibilidad de este producto \u00f3 escr\u00edbenos a nuestro \u00a0<a href=\"https:\/\/wa.me\/56997056557\">Whatsapp<\/a>.<\/em><\/b><\/p>\n<\/div>\n<\/div>\n","protected":false},"excerpt":{"rendered":"<h5><span style=\"color: #ff0000;\">AL RESTO DEL PA\u00cdS $451.262<\/span><\/h5>\n<div class=\"woocommerce-product-details__short-description\">\n<h5><span style=\"color: #ff0000;\"><b><em>El stock disponible de nuestro producto puede variar, por favor cont\u00e1ctenos para saber m\u00e1s a cerca de la disponibilidad de este producto \u00f3 escr\u00edbenos a nuestro \u00a0<a style=\"color: #ff0000;\" href=\"https:\/\/wa.me\/56997056557\">Whatsapp<\/a>.<\/em><\/b><\/span><\/h5>\n<\/div>\n<p class=\"stock available-on-backorder\"><span style=\"color: #ff0000;\">Disponible para Entrega Inmediata.<\/span><\/p>\n<h5><span style=\"color: #ff0000;\">Entrega a domicilio<\/span><\/h5>\n<p><span style=\"color: #ff0000;\">Este servicio se cobra por aparte. Tambi\u00e9n puede retirar en nuestra Tienda, ubicado en Manzana E sitio 48E \u2013 Barrio Industrial (diagonal a la puerta 4 de Zofri).<\/span><\/p>\n<p><span style=\"color: #ff0000;\">Horario de atenci\u00f3n de lunes a viernes.<\/span><br \/>\n<span style=\"color: #ff0000;\">De 8:30 a 14HRS y De 15 a 18:30HRS<\/span><\/p>\n<div class=\"shareThis\"><span class=\"socLeft\" style=\"color: #ff0000;\"><a style=\"color: #ff0000;\"><img decoding=\"async\" src=\"https:\/\/intlhomestore.com\/layout\/one_1920\/images\/cst-Facebook.png\" alt=\"\" \/>@Aguilamuebles.cl<\/a><\/span><\/div>\n<div class=\"shareThis\"><span class=\"socLeft\" style=\"color: #ff0000;\"><img decoding=\"async\" class=\"\" src=\"https:\/\/intlhomestore.com\/layout\/one_1920\/images\/cst-email.png\" alt=\"\" \/>vetas1@ooook.com<\/span><\/div>\n","protected":false},"featured_media":14159,"comment_status":"open","ping_status":"closed","template":"","meta":[],"product_brand":[],"product_cat":[63,154,66,71,83],"product_tag":[],"class_list":{"0":"post-14157","1":"product","2":"type-product","3":"status-publish","4":"has-post-thumbnail","6":"product_cat-living","7":"product_cat-poltrona","8":"product_cat-sala-de-estar","9":"product_cat-sitial","10":"product_cat-sofa","12":"first","13":"instock","14":"sale","15":"taxable","16":"shipping-taxable","17":"purchasable","18":"product-type-simple"},"_links":{"self":[{"href":"https:\/\/www.aguilamuebles.cl\/tienda\/wp-json\/wp\/v2\/product\/14157","targetHints":{"allow":["GET"]}}],"collection":[{"href":"https:\/\/www.aguilamuebles.cl\/tienda\/wp-json\/wp\/v2\/product"}],"about":[{"href":"https:\/\/www.aguilamuebles.cl\/tienda\/wp-json\/wp\/v2\/types\/product"}],"replies":[{"embeddable":true,"href":"https:\/\/www.aguilamuebles.cl\/tienda\/wp-json\/wp\/v2\/comments?post=14157"}],"wp:featuredmedia":[{"embeddable":true,"href":"https:\/\/www.aguilamuebles.cl\/tienda\/wp-json\/wp\/v2\/media\/14159"}],"wp:attachment":[{"href":"https:\/\/www.aguilamuebles.cl\/tienda\/wp-json\/wp\/v2\/media?parent=14157"}],"wp:term":[{"taxonomy":"product_brand","embeddable":true,"href":"https:\/\/www.aguilamuebles.cl\/tienda\/wp-json\/wp\/v2\/product_brand?post=14157"},{"taxonomy":"product_cat","embeddable":true,"href":"https:\/\/www.aguilamuebles.cl\/tienda\/wp-json\/wp\/v2\/product_cat?post=14157"},{"taxonomy":"product_tag","embeddable":true,"href":"https:\/\/www.aguilamuebles.cl\/tienda\/wp-json\/wp\/v2\/product_tag?post=14157"}],"curies":[{"name":"wp","href":"https:\/\/api.w.org\/{rel}","templated":true}]}}