{"id":14469,"date":"2021-12-06T17:54:52","date_gmt":"2021-12-06T21:54:52","guid":{"rendered":"https:\/\/www.aguilamuebles.cl\/tienda\/?post_type=product&#038;p=14469"},"modified":"2021-12-06T17:55:35","modified_gmt":"2021-12-06T21:55:35","slug":"silla-decorativa-cimarosse-de-ashley","status":"publish","type":"product","link":"https:\/\/www.aguilamuebles.cl\/tienda\/product\/silla-decorativa-cimarosse-de-ashley\/","title":{"rendered":"Silla Decorativa Cimarosse De Ashley"},"content":{"rendered":"<div class=\"p7AP4-04 p7AP4trig\"><\/div>\n<div id=\"p7AP4w1_4\" class=\"p7AP4-04 p7AP4cwrapper\">\n<div id=\"p7AP4c1_4\" class=\"p7AP4-04 p7AP4content p7AP4-col-wrapper\">\n<div class=\"p7ap4-column\">\n<div class=\"p7ap4-content\">\n<div class=\"pure-g product-details-feature-grid\">\n<h2 class=\"tab-header2\"><span style=\"font-size: 22px;\">Descripci\u00f3n<\/span><\/h2>\n<div class=\"pure-u-1\">Las l\u00edneas suaves y los cojines suaves pero de apoyo hacen de esta silla sin brazos un refugio elegante. Su elegante perfil bajo y su respaldo contorneado con mechones se complementan maravillosamente con la base de metal que es de dise\u00f1o minimalista pero grande en sopor<\/div>\n<\/div>\n<div>\n<ul class=\"MuiTypography-root jss566 jss569 MuiTypography-body1\">\n<li class=\"MuiTypography-root jss570 MuiTypography-body1\">Tapicer\u00eda de piel sint\u00e9tica gris marengo<\/li>\n<li class=\"MuiTypography-root jss570 MuiTypography-body1\">Coj\u00edn de asiento y respaldo capiton\u00e9<\/li>\n<li class=\"MuiTypography-root jss570 MuiTypography-body1\">Base de metal en acabado negro<\/li>\n<li class=\"MuiTypography-root jss570 MuiTypography-body1\">Se requiere ensamblaje<\/li>\n<\/ul>\n<h3 class=\"tab-header3\">Dimensiones.<\/h3>\n<ul>\n<li>Ancho: 65 cm<\/li>\n<li>Profundidad: 74 cm<\/li>\n<li>Altura: 85 cm<\/li>\n<\/ul>\n<h5><\/h5>\n<h5><b>GARANT\u00cdA LEGAL<\/b><\/h5>\n<p>Los productos poseen una garant\u00eda de 3 meses establecida por la Ley 19.496 Sobre Protecci\u00f3n de los Derechos de Los Consumidores, contados desde la fecha de recepci\u00f3n del producto, en caso de fallas o deficiencias que afecten el uso al cual est\u00e1 destinado el producto. De acuerdo con la ley de protecci\u00f3n al consumidor, en caso de falla del producto tiene el derecho a elegir entre las siguientes opciones:<\/p>\n<ol type=\"I\">\n<li>Reparaci\u00f3n gratuita del producto.<\/li>\n<li>Reposici\u00f3n o cambio.<\/li>\n<li>La devoluci\u00f3n del dinero pagado.<\/li>\n<\/ol>\n<p>Para ejercer este derecho, se deben determinar preliminarmente las causas de falla del producto. No podr\u00e1 ejercer este derecho cuando el deterioro sea imputable al cliente por su mal uso .<\/p>\n<h5>Precio publicado para Zona Franca, A OTRAS REGIONES SE APLICAN COSTOS EXTRAS : IVA(19%), Impuesto ad valorem(6%), generaci\u00f3n de DIN y honorarios de Agencia de aduana.<\/h5>\n<p>Inf\u00f3rmese en Manual de Zona Franca p\u00e1gina 22.<\/p>\n<p><b><em>El stock disponible de nuestro producto puede variar, por favor cont\u00e1ctenos para saber m\u00e1s a cerca de la disponibilidad de este producto \u00f3 escr\u00edbenos a nuestro \u00a0<a href=\"https:\/\/wa.me\/56997056557\">Whatsapp<\/a>.<\/em><\/b><\/p>\n<\/div>\n<\/div>\n<\/div>\n<\/div>\n<\/div>\n","protected":false},"excerpt":{"rendered":"<div class=\"woocommerce-product-details__short-description\">\n<h5><span style=\"color: #ff0000;\">AL RESTO DEL PA\u00cdS $261.925-<\/span><\/h5>\n<p><b><em>El stock disponible de nuestro producto puede variar, por favor cont\u00e1ctenos para saber m\u00e1s a cerca de la disponibilidad de este producto \u00f3 escr\u00edbenos a nuestro \u00a0<a href=\"https:\/\/wa.me\/56997056557\">Whatsapp<\/a>.<\/em><\/b><\/p>\n<\/div>\n<p class=\"stock available-on-backorder\">Disponible para Entrega Inmediata.<\/p>\n","protected":false},"featured_media":14472,"comment_status":"open","ping_status":"closed","template":"","meta":[],"product_brand":[],"product_cat":[100,63,154,155,83],"product_tag":[],"class_list":{"0":"post-14469","1":"product","2":"type-product","3":"status-publish","4":"has-post-thumbnail","6":"product_cat-dormitorio","7":"product_cat-living","8":"product_cat-poltrona","9":"product_cat-seccional","10":"product_cat-sofa","12":"first","13":"instock","14":"sale","15":"taxable","16":"shipping-taxable","17":"purchasable","18":"product-type-simple"},"_links":{"self":[{"href":"https:\/\/www.aguilamuebles.cl\/tienda\/wp-json\/wp\/v2\/product\/14469","targetHints":{"allow":["GET"]}}],"collection":[{"href":"https:\/\/www.aguilamuebles.cl\/tienda\/wp-json\/wp\/v2\/product"}],"about":[{"href":"https:\/\/www.aguilamuebles.cl\/tienda\/wp-json\/wp\/v2\/types\/product"}],"replies":[{"embeddable":true,"href":"https:\/\/www.aguilamuebles.cl\/tienda\/wp-json\/wp\/v2\/comments?post=14469"}],"wp:featuredmedia":[{"embeddable":true,"href":"https:\/\/www.aguilamuebles.cl\/tienda\/wp-json\/wp\/v2\/media\/14472"}],"wp:attachment":[{"href":"https:\/\/www.aguilamuebles.cl\/tienda\/wp-json\/wp\/v2\/media?parent=14469"}],"wp:term":[{"taxonomy":"product_brand","embeddable":true,"href":"https:\/\/www.aguilamuebles.cl\/tienda\/wp-json\/wp\/v2\/product_brand?post=14469"},{"taxonomy":"product_cat","embeddable":true,"href":"https:\/\/www.aguilamuebles.cl\/tienda\/wp-json\/wp\/v2\/product_cat?post=14469"},{"taxonomy":"product_tag","embeddable":true,"href":"https:\/\/www.aguilamuebles.cl\/tienda\/wp-json\/wp\/v2\/product_tag?post=14469"}],"curies":[{"name":"wp","href":"https:\/\/api.w.org\/{rel}","templated":true}]}}