{"id":14645,"date":"2021-12-09T17:22:18","date_gmt":"2021-12-09T21:22:18","guid":{"rendered":"https:\/\/www.aguilamuebles.cl\/tienda\/?post_type=product&#038;p=14645"},"modified":"2022-03-30T12:20:09","modified_gmt":"2022-03-30T16:20:09","slug":"silla-decorativa-cimarosse-de-ashley-2","status":"publish","type":"product","link":"https:\/\/www.aguilamuebles.cl\/tienda\/product\/silla-decorativa-cimarosse-de-ashley-2\/","title":{"rendered":"Silla Decorativa Cimarosse De Ashley"},"content":{"rendered":"<div class=\"detail-cols detail-column-left\">\n<div>\n<h3 class=\"tab-header3\"><span>Descripci\u00f3n<\/span><\/h3>\n<p><span>\u00a0La silla decorativa sin brazos Cimarosse seduce con un atractivo contempor\u00e1neo.\u00a0Preciosa base en tono cromado que soporta dos confortables cojines gris claro.\u00a0Su est\u00e9tica neutra complementa su hogar con un toque exclusivo.<\/span><\/div>\n<ul class=\"detail-row\">\n<li><span>Cojines de respaldo y asiento adjuntos<\/span><\/li>\n<li><span>Cojines de espuma de alta resiliencia envueltos en polifibra gruesa<\/span><\/li>\n<li><span>Tapicer\u00eda de poli\u00e9ster<\/span><\/li>\n<li><span>Base de metal con acabado cromado<\/span><\/li>\n<li><span>Tiempo estimado de montaje: 30 minutos<\/span><\/li>\n<\/ul>\n<div class=\"detail-row\">\n<h3 class=\"tab-header3\"><span>Detalles de la tela<\/span><\/h3>\n<ul>\n<li><span>Cuerpo: Poli\u00e9ster (100)%<\/span><\/li>\n<\/ul>\n<\/div>\n<h3 class=\"tab-header3\"><span>Peso<\/span><\/h3>\n<ul>\n<li><span>32 libras\u00a0(14,51 kgs.)<\/span><\/li>\n<\/ul>\n<\/div>\n<div class=\"detail-cols detail-column-right\">\n<div class=\"detail-row detail-row-dimensions\">\n<h3 class=\"tab-header3\">Dimensiones<\/h3>\n<ul>\n<li>Ancho: 67 cm<\/li>\n<li>Profundidad: 75 cm<\/li>\n<li>Altura: 87 cm<\/li>\n<\/ul>\n<h5><b>GARANT\u00cdA LEGAL<\/b><\/h5>\n<p>Los productos poseen una garant\u00eda de 3 meses establecida por la Ley 19.496 Sobre Protecci\u00f3n de los Derechos de Los Consumidores, contados desde la fecha de recepci\u00f3n del producto, en caso de fallas o deficiencias que afecten el uso al cual est\u00e1 destinado el producto. De acuerdo con la ley de protecci\u00f3n al consumidor, en caso de falla del producto tiene el derecho a elegir entre las siguientes opciones:<\/p>\n<ol type=\"I\">\n<li>Reparaci\u00f3n gratuita del producto.<\/li>\n<li>Reposici\u00f3n o cambio.<\/li>\n<li>La devoluci\u00f3n del dinero pagado.<\/li>\n<\/ol>\n<p>Para ejercer este derecho, se deben determinar preliminarmente las causas de falla del producto. No podr\u00e1 ejercer este derecho cuando el deterioro sea imputable al cliente por su mal uso .<\/p>\n<h5>Precio publicado para Zona Franca, A OTRAS REGIONES SE APLICAN COSTOS EXTRAS : IVA(19%), Impuesto ad valorem(6%), generaci\u00f3n de DIN y honorarios de Agencia de aduana.<\/h5>\n<p>Inf\u00f3rmese en Manual de Zona Franca p\u00e1gina 22.<\/p>\n<p><b><em>El stock disponible de nuestro producto puede variar, por favor cont\u00e1ctenos para saber m\u00e1s a cerca de la disponibilidad de este producto \u00f3 escr\u00edbenos a nuestro \u00a0<a href=\"https:\/\/wa.me\/56997056557\">Whatsapp<\/a>.<\/em><\/b><\/p>\n<\/div>\n<\/div>\n","protected":false},"excerpt":{"rendered":"<div class=\"woocommerce-product-details__short-description\">\n<h5><span style=\"color: #ff0000;\">AL RESTO DEL PA\u00cdS $286.018-<\/span><\/h5>\n<p><b><em>El stock disponible de nuestro producto puede variar, por favor cont\u00e1ctenos para saber m\u00e1s a cerca de la disponibilidad de este producto \u00f3 escr\u00edbenos a nuestro \u00a0<a href=\"https:\/\/wa.me\/56997056557\">Whatsapp<\/a>.<\/em><\/b><\/p>\n<\/div>\n<p class=\"stock available-on-backorder\">Disponible para Entrega Inmediata.<\/p>\n","protected":false},"featured_media":14648,"comment_status":"open","ping_status":"closed","template":"","meta":[],"product_brand":[],"product_cat":[100,63,154,66,155,139,71,83],"product_tag":[],"class_list":{"0":"post-14645","1":"product","2":"type-product","3":"status-publish","4":"has-post-thumbnail","6":"product_cat-dormitorio","7":"product_cat-living","8":"product_cat-poltrona","9":"product_cat-sala-de-estar","10":"product_cat-seccional","11":"product_cat-sillas-oficina","12":"product_cat-sitial","13":"product_cat-sofa","15":"first","16":"outofstock","17":"sale","18":"taxable","19":"shipping-taxable","20":"purchasable","21":"product-type-simple"},"_links":{"self":[{"href":"https:\/\/www.aguilamuebles.cl\/tienda\/wp-json\/wp\/v2\/product\/14645","targetHints":{"allow":["GET"]}}],"collection":[{"href":"https:\/\/www.aguilamuebles.cl\/tienda\/wp-json\/wp\/v2\/product"}],"about":[{"href":"https:\/\/www.aguilamuebles.cl\/tienda\/wp-json\/wp\/v2\/types\/product"}],"replies":[{"embeddable":true,"href":"https:\/\/www.aguilamuebles.cl\/tienda\/wp-json\/wp\/v2\/comments?post=14645"}],"wp:featuredmedia":[{"embeddable":true,"href":"https:\/\/www.aguilamuebles.cl\/tienda\/wp-json\/wp\/v2\/media\/14648"}],"wp:attachment":[{"href":"https:\/\/www.aguilamuebles.cl\/tienda\/wp-json\/wp\/v2\/media?parent=14645"}],"wp:term":[{"taxonomy":"product_brand","embeddable":true,"href":"https:\/\/www.aguilamuebles.cl\/tienda\/wp-json\/wp\/v2\/product_brand?post=14645"},{"taxonomy":"product_cat","embeddable":true,"href":"https:\/\/www.aguilamuebles.cl\/tienda\/wp-json\/wp\/v2\/product_cat?post=14645"},{"taxonomy":"product_tag","embeddable":true,"href":"https:\/\/www.aguilamuebles.cl\/tienda\/wp-json\/wp\/v2\/product_tag?post=14645"}],"curies":[{"name":"wp","href":"https:\/\/api.w.org\/{rel}","templated":true}]}}