{"id":14688,"date":"2021-12-10T12:39:46","date_gmt":"2021-12-10T16:39:46","guid":{"rendered":"https:\/\/www.aguilamuebles.cl\/tienda\/?post_type=product&#038;p=14688"},"modified":"2025-10-10T08:14:08","modified_gmt":"2025-10-10T12:14:08","slug":"sillon-reclinable-tambo-de-ashley","status":"publish","type":"product","link":"https:\/\/www.aguilamuebles.cl\/tienda\/product\/sillon-reclinable-tambo-de-ashley\/","title":{"rendered":"Sill\u00f3n Reclinable Tambo De Ashley"},"content":{"rendered":"<h3 class=\"tab-header3\">Descripci\u00f3n<\/h3>\n<p id=\"tw-target-text\" class=\"tw-data-text tw-text-large tw-ta\" dir=\"ltr\" data-placeholder=\"Traducci\u00f3n\"><span class=\"Y2IQFc\" lang=\"es\">Con cojines de felpa y brazos con la parte superior acolchada en \u00e1ngulo, este sill\u00f3n reclinable mecedora lleva la comodidad a un nivel completamente nuevo. La piel sint\u00e9tica vintage requiere un cuidado m\u00ednimo, lo que hace que esta pieza sea ideal en hogares con ni\u00f1os y mascotas. El asiento se reclina con solo tirar de una pesta\u00f1a, lo que pone la relajaci\u00f3n total a su alcance.<\/span><\/p>\n<p dir=\"ltr\" data-placeholder=\"Traducci\u00f3n\"><span style=\"color: #000000; font-size: large;\">Caracter\u00edsticas:<\/span><\/p>\n<ul>\n<li>Las construcciones de los marcos se han probado rigurosamente para simular los entornos dom\u00e9sticos y de transporte para una mayor durabilidad.<\/li>\n<li>Los componentes del marco est\u00e1n asegurados con combinaciones de pegamento, bloques, paneles entrelazados y grapas.<\/li>\n<li>Las rayas y los patrones se cortan a juego.<\/li>\n<li>Todos los tejidos est\u00e1n preaprobados para su uso y durabilidad seg\u00fan los est\u00e1ndares de la AHFA.<\/li>\n<li>Los cojines est\u00e1n fabricados con fibra de bajo derretimiento envuelta sobre espuma de alta calidad.<\/li>\n<li>Cuenta con una caja de asiento unificada incorporada de metal para mayor resistencia y durabilidad.<\/li>\n<li>Toda la construcci\u00f3n de metal hasta el piso para mayor resistencia y durabilidad.<\/li>\n<li>El mecanismo reclinable presenta infinitas posiciones para mayor comodidad.<\/li>\n<\/ul>\n<p>&nbsp;<\/p>\n<h5><b>DIMENSIONES<\/b><\/h5>\n<ul class=\"dimCustomCls\">\n<li>Sill\u00f3n Reclinable Ancho: 1.04 cm<\/li>\n<li>Sill\u00f3n Reclinable Profundidad: 1.04 cm<\/li>\n<li>Sill\u00f3n Reclinable Alto: 1.04 cm<\/li>\n<\/ul>\n<p>&nbsp;<\/p>\n<h5><b>GARANT\u00cdA LEGAL<\/b><\/h5>\n<p>Los productos poseen una garant\u00eda de 3 meses establecida por la Ley 19.496 Sobre Protecci\u00f3n de los Derechos de Los Consumidores, contados desde la fecha de recepci\u00f3n del producto, en caso de fallas o deficiencias que afecten el uso al cual est\u00e1 destinado el producto. De acuerdo con la ley de protecci\u00f3n al consumidor, en caso de falla del producto tiene el derecho a elegir entre las siguientes opciones:<\/p>\n<ol type=\"I\">\n<li>Reparaci\u00f3n gratuita del producto.<\/li>\n<li>Reposici\u00f3n o cambio.<\/li>\n<li>La devoluci\u00f3n del dinero pagado.<\/li>\n<\/ol>\n<p>Para ejercer este derecho, se deben determinar preliminarmente las causas de falla del producto. No podr\u00e1 ejercer este derecho cuando el deterioro sea imputable al cliente por su mal uso .<\/p>\n<h5>Precio publicado para Zona Franca, A OTRAS REGIONES SE APLICAN COSTOS EXTRAS : IVA(19%), Impuesto ad valorem(6%), generaci\u00f3n de DIN y honorarios de Agencia de aduana.<\/h5>\n<p>Inf\u00f3rmese en Manual de Zona Franca p\u00e1gina 22.<\/p>\n<p><b><em>El stock disponible de nuestro producto puede variar, por favor cont\u00e1ctenos para saber m\u00e1s a cerca de la disponibilidad de este producto \u00f3 escr\u00edbenos a nuestro \u00a0<a href=\"https:\/\/wa.me\/56997056557\">Whatsapp<\/a><\/em><\/b><\/p>\n","protected":false},"excerpt":{"rendered":"<div class=\"woocommerce-product-details__short-description\">\n<h5><span style=\"color: #ff0000;\">AL RESTO DEL PA\u00cdS $598.845-<\/span><\/h5>\n<p><b><em>El stock disponible de nuestro producto puede variar, por favor cont\u00e1ctenos para saber m\u00e1s a cerca de la disponibilidad de este producto \u00f3 escr\u00edbenos a nuestro \u00a0<a href=\"https:\/\/wa.me\/56997056557\">Whatsapp<\/a>.<\/em><\/b><\/p>\n<\/div>\n<p class=\"stock available-on-backorder\">Disponible para Entrega Inmediata.<\/p>\n","protected":false},"featured_media":14689,"comment_status":"open","ping_status":"closed","template":"","meta":[],"product_brand":[],"product_cat":[137,63,154,66,155,139,71,83],"product_tag":[],"class_list":{"0":"post-14688","1":"product","2":"type-product","3":"status-publish","4":"has-post-thumbnail","6":"product_cat-berger","7":"product_cat-living","8":"product_cat-poltrona","9":"product_cat-sala-de-estar","10":"product_cat-seccional","11":"product_cat-sillas-oficina","12":"product_cat-sitial","13":"product_cat-sofa","15":"first","16":"instock","17":"sale","18":"taxable","19":"shipping-taxable","20":"purchasable","21":"product-type-simple"},"_links":{"self":[{"href":"https:\/\/www.aguilamuebles.cl\/tienda\/wp-json\/wp\/v2\/product\/14688","targetHints":{"allow":["GET"]}}],"collection":[{"href":"https:\/\/www.aguilamuebles.cl\/tienda\/wp-json\/wp\/v2\/product"}],"about":[{"href":"https:\/\/www.aguilamuebles.cl\/tienda\/wp-json\/wp\/v2\/types\/product"}],"replies":[{"embeddable":true,"href":"https:\/\/www.aguilamuebles.cl\/tienda\/wp-json\/wp\/v2\/comments?post=14688"}],"wp:featuredmedia":[{"embeddable":true,"href":"https:\/\/www.aguilamuebles.cl\/tienda\/wp-json\/wp\/v2\/media\/14689"}],"wp:attachment":[{"href":"https:\/\/www.aguilamuebles.cl\/tienda\/wp-json\/wp\/v2\/media?parent=14688"}],"wp:term":[{"taxonomy":"product_brand","embeddable":true,"href":"https:\/\/www.aguilamuebles.cl\/tienda\/wp-json\/wp\/v2\/product_brand?post=14688"},{"taxonomy":"product_cat","embeddable":true,"href":"https:\/\/www.aguilamuebles.cl\/tienda\/wp-json\/wp\/v2\/product_cat?post=14688"},{"taxonomy":"product_tag","embeddable":true,"href":"https:\/\/www.aguilamuebles.cl\/tienda\/wp-json\/wp\/v2\/product_tag?post=14688"}],"curies":[{"name":"wp","href":"https:\/\/api.w.org\/{rel}","templated":true}]}}