{"id":14693,"date":"2021-12-10T14:17:40","date_gmt":"2021-12-10T18:17:40","guid":{"rendered":"https:\/\/www.aguilamuebles.cl\/tienda\/?post_type=product&#038;p=14693"},"modified":"2021-12-10T14:18:16","modified_gmt":"2021-12-10T18:18:16","slug":"sofa-reclinable-de-2-plazas-de-ashley","status":"publish","type":"product","link":"https:\/\/www.aguilamuebles.cl\/tienda\/product\/sofa-reclinable-de-2-plazas-de-ashley\/","title":{"rendered":"Sof\u00e1 Reclinable De 2 Plazas De Ashley"},"content":{"rendered":"<h2>Detalles<\/h2>\n<div class=\"std\">\n<p>El sill\u00f3n reclinable Austere zero wall hace honor a su nombre, si hablamos de minimizar los requisitos de espacio y evitar ese aspecto \u00abhinchado\u00bb que se puede esperar de un sill\u00f3n reclinable.\u00a0Cuando se trata de estilo contempor\u00e1neo, no se detiene.\u00a0Los toques sutiles como las costuras jumbo deportivas, el borde de la cabeza de un clavo y un efecto \u00abdesgastado por la intemperie\u00bb en la tapicer\u00eda le dan a esta hermosa pieza un atractivo abotonado y una sensaci\u00f3n fresca.<\/p>\n<p><b>Caracter\u00edsticas:<\/b><\/p>\n<ul>\n<li>Las construcciones de los marcos se han probado rigurosamente para simular los entornos dom\u00e9sticos y de transporte para una mayor durabilidad.<\/li>\n<li>Las esquinas est\u00e1n pegadas, bloqueadas y grapadas<\/li>\n<li>Las rayas y los patrones se cortan a juego.<\/li>\n<li>Todos los tejidos est\u00e1n preaprobados para su uso y durabilidad seg\u00fan los est\u00e1ndares de la AHFA.<\/li>\n<li>Los n\u00facleos de los cojines est\u00e1n fabricados con fibra de bajo derretimiento envuelta sobre espuma de alta calidad.<\/li>\n<li>Cuenta con una caja de asiento unificada incorporada de metal para mayor resistencia y durabilidad.<\/li>\n<li>Toda la construcci\u00f3n de metal hasta el piso para mayor resistencia y durabilidad.<\/li>\n<li>El mecanismo reclinable presenta infinitas posiciones para mayor comodidad.<\/li>\n<li>El estilo presenta costuras gigantes y paneles con clavos.<\/li>\n<li>Estilo: Contempor\u00e1neo<\/li>\n<li>Color gris<\/li>\n<\/ul>\n<\/div>\n<h3 class=\"tab-header3\">Dimensiones<\/h3>\n<ul>\n<li>Ancho: 2.32 cm<\/li>\n<li>Profundidad:1.02 cm<\/li>\n<li>Altura: 1.01 cm<\/li>\n<\/ul>\n<h5><b>GARANT\u00cdA LEGAL<\/b><\/h5>\n<p>Los productos poseen una garant\u00eda de 3 meses establecida por la Ley 19.496 Sobre Protecci\u00f3n de los Derechos de Los Consumidores, contados desde la fecha de recepci\u00f3n del producto, en caso de fallas o deficiencias que afecten el uso al cual est\u00e1 destinado el producto. De acuerdo con la ley de protecci\u00f3n al consumidor, en caso de falla del producto tiene el derecho a elegir entre las siguientes opciones:<\/p>\n<ol type=\"I\">\n<li>Reparaci\u00f3n gratuita del producto.<\/li>\n<li>Reposici\u00f3n o cambio.<\/li>\n<li>La devoluci\u00f3n del dinero pagado.<\/li>\n<\/ol>\n<p>Para ejercer este derecho, se deben determinar preliminarmente las causas de falla del producto. No podr\u00e1 ejercer este derecho cuando el deterioro sea imputable al cliente por su mal uso .<\/p>\n<h5>Precio publicado para Zona Franca, A OTRAS REGIONES SE APLICAN COSTOS EXTRAS : IVA(19%), Impuesto ad valorem(6%), generaci\u00f3n de DIN y honorarios de Agencia de aduana.<\/h5>\n<p>Inf\u00f3rmese en Manual de Zona Franca p\u00e1gina 22.<\/p>\n<p><b><em>El stock disponible de nuestro producto puede variar, por favor cont\u00e1ctenos para saber m\u00e1s a cerca de la disponibilidad de este producto \u00f3 escr\u00edbenos a nuestro \u00a0<a href=\"https:\/\/wa.me\/56997056557\">Whatsapp<\/a>.<\/em><\/b><\/p>\n","protected":false},"excerpt":{"rendered":"<div class=\"woocommerce-product-details__short-description\">\n<h5><span style=\"color: #ff0000;\">AL RESTO DEL PA\u00cdS $1.245.944-<\/span><\/h5>\n<p><b><em>El stock disponible de nuestro producto puede variar, por favor cont\u00e1ctenos para saber m\u00e1s a cerca de la disponibilidad de este producto \u00f3 escr\u00edbenos a nuestro \u00a0<a href=\"https:\/\/wa.me\/56997056557\">Whatsapp<\/a>.<\/em><\/b><\/p>\n<\/div>\n<p class=\"stock available-on-backorder\">Disponible para Entrega Inmediata.<\/p>\n","protected":false},"featured_media":14695,"comment_status":"open","ping_status":"closed","template":"","meta":[],"product_brand":[],"product_cat":[137,63,83],"product_tag":[],"class_list":{"0":"post-14693","1":"product","2":"type-product","3":"status-publish","4":"has-post-thumbnail","6":"product_cat-berger","7":"product_cat-living","8":"product_cat-sofa","10":"first","11":"instock","12":"sale","13":"taxable","14":"shipping-taxable","15":"purchasable","16":"product-type-simple"},"_links":{"self":[{"href":"https:\/\/www.aguilamuebles.cl\/tienda\/wp-json\/wp\/v2\/product\/14693","targetHints":{"allow":["GET"]}}],"collection":[{"href":"https:\/\/www.aguilamuebles.cl\/tienda\/wp-json\/wp\/v2\/product"}],"about":[{"href":"https:\/\/www.aguilamuebles.cl\/tienda\/wp-json\/wp\/v2\/types\/product"}],"replies":[{"embeddable":true,"href":"https:\/\/www.aguilamuebles.cl\/tienda\/wp-json\/wp\/v2\/comments?post=14693"}],"wp:featuredmedia":[{"embeddable":true,"href":"https:\/\/www.aguilamuebles.cl\/tienda\/wp-json\/wp\/v2\/media\/14695"}],"wp:attachment":[{"href":"https:\/\/www.aguilamuebles.cl\/tienda\/wp-json\/wp\/v2\/media?parent=14693"}],"wp:term":[{"taxonomy":"product_brand","embeddable":true,"href":"https:\/\/www.aguilamuebles.cl\/tienda\/wp-json\/wp\/v2\/product_brand?post=14693"},{"taxonomy":"product_cat","embeddable":true,"href":"https:\/\/www.aguilamuebles.cl\/tienda\/wp-json\/wp\/v2\/product_cat?post=14693"},{"taxonomy":"product_tag","embeddable":true,"href":"https:\/\/www.aguilamuebles.cl\/tienda\/wp-json\/wp\/v2\/product_tag?post=14693"}],"curies":[{"name":"wp","href":"https:\/\/api.w.org\/{rel}","templated":true}]}}