{"id":15657,"date":"2022-01-10T17:02:25","date_gmt":"2022-01-10T21:02:25","guid":{"rendered":"https:\/\/www.aguilamuebles.cl\/tienda\/?post_type=product&#038;p=15657"},"modified":"2024-05-22T10:03:51","modified_gmt":"2024-05-22T14:03:51","slug":"colchon-ashley-sleep-augusta-queen","status":"publish","type":"product","link":"https:\/\/www.aguilamuebles.cl\/tienda\/product\/colchon-ashley-sleep-augusta-queen\/","title":{"rendered":"Colch\u00f3n Ashley Sleep Augusta Queen"},"content":{"rendered":"<div class=\"row\">\n<div class=\"col-sm-9 col-md-9 col-lg-9 col-xl-10\">\n<h5 id=\"tw-target-text\" class=\"tw-data-text tw-text-large tw-ta\" dir=\"ltr\" data-placeholder=\"Traducci\u00f3n\"><span class=\"Y2IQFc\" lang=\"es\">DETALLES<\/span><\/h5>\n<p>Fundas de colch\u00f3n:.\u00a0Dise\u00f1o de tres piezas de ajuste f\u00e1cil.\u00a05 caras (Premium).\u00a0Cremallera de microdientes oculta con cierre de cremallera patentado.\u00a0Tejido resistente a la humedad tecnol\u00f3gicamente avanzado.\u00a0Barrera impermeable y a prueba de picaduras de chinches.\u00a0Barrera contra \u00e1caros y al\u00e9rgenos.<\/p>\n<\/div>\n<\/div>\n<p>Base \/ somier disponible, se vende por separado.<\/p>\n<div class=\"row\">\n<div class=\"col-md-12\">\n<ul class=\"FeatureBullets\" type=\"disc\">\n<li class=\"orangecolor\">Nivel de comodidad: Euro top<\/li>\n<li class=\"orangecolor\">Perfil de 12 \u00ab<\/li>\n<li class=\"orangecolor\">Espuma de edred\u00f3n contorneada firme de 1.5 \u2033<\/li>\n<li class=\"orangecolor\">Espuma de soporte firme de 2\u2033<\/li>\n<li class=\"orangecolor\">Espuma de apoyo lumbar con memoria de gel de .5\u2033<\/li>\n<li class=\"orangecolor\">Espuma de edred\u00f3n enrollada firme de 1.5 \u00ab<\/li>\n<li class=\"orangecolor\">Revestimiento de espuma de alta densidad de 1 \u201d<\/li>\n<li class=\"orangecolor\">Espuma de soporte de base de alta densidad de \u00be \u201d<\/li>\n<li class=\"orangecolor\">638 sistema de bobina de bolsillo calibre 15;\u00a0Bobinas de borde de calibre 13<\/li>\n<li class=\"orangecolor\">Revestimiento de chinches;\u00a0Funda el\u00e1stica de lujo con tratamiento antimanchas de 300 g<\/li>\n<li class=\"orangecolor\">Cremallera oculta de micro dientes con cierre de cremallera patentado<\/li>\n<li class=\"orangecolor\">El colch\u00f3n llega convenientemente en una caja (comprimido, enrollado y envuelto en pl\u00e1stico);\u00a0espere al menos 48 horas para la expansi\u00f3n completa<\/li>\n<li>Base \/ somier disponible, se vende por separado.<\/li>\n<\/ul>\n<\/div>\n<h5><b>DIMENSIONES<\/b><\/h5>\n<ul class=\"dimCustomCls\">\n<li>colch\u00f3n Queen\u00a0Ancho: 149.86 cm<\/li>\n<li>colch\u00f3n Queen\u00a0Profundidad: 200.66 cm<\/li>\n<li>colch\u00f3n Queen\u00a0Alto: 30.48 cm<\/li>\n<\/ul>\n<h5><\/h5>\n<h5><\/h5>\n<h5><b>GARANT\u00cdA LEGAL<\/b><\/h5>\n<p>Los productos poseen una garant\u00eda de 3 meses establecida por la Ley 19.496 Sobre Protecci\u00f3n de los Derechos de Los Consumidores, contados desde la fecha de recepci\u00f3n del producto, en caso de fallas o deficiencias que afecten el uso al cual est\u00e1 destinado el producto. De acuerdo con la ley de protecci\u00f3n al consumidor, en caso de falla del producto tiene el derecho a elegir entre las siguientes opciones:<\/p>\n<ol type=\"I\">\n<li>Reparaci\u00f3n gratuita del producto.<\/li>\n<li>Reposici\u00f3n o cambio.<\/li>\n<li>La devoluci\u00f3n del dinero pagado.<\/li>\n<\/ol>\n<p>Para ejercer este derecho, se deben determinar preliminarmente las causas de falla del producto. No podr\u00e1 ejercer este derecho cuando el deterioro sea imputable al cliente por su mal uso .<\/p>\n<h5>Precio publicado para Zona Franca, A OTRAS REGIONES SE APLICAN COSTOS EXTRAS : IVA(19%), Impuesto ad valorem(6%), generaci\u00f3n de DIN y honorarios de Agencia de aduana.<\/h5>\n<p>Inf\u00f3rmese en Manual de Zona Franca p\u00e1gina 22.<\/p>\n<p><b><em>El stock disponible de nuestro producto puede variar, por favor cont\u00e1ctenos para saber m\u00e1s a cerca de la disponibilidad de este producto \u00f3 escr\u00edbenos a nuestro \u00a0<a href=\"https:\/\/wa.me\/56997056557\">Whatsapp<\/a>.<\/em><\/b><\/p>\n<\/div>\n","protected":false},"excerpt":{"rendered":"<div class=\"woocommerce-product-details__short-description\">\n<h5><span style=\"color: #ff0000;\">AL RESTO DEL PA\u00cdS $716.030<\/span><\/h5>\n<p><b><em>El stock disponible de nuestro producto puede variar, por favor cont\u00e1ctenos para saber m\u00e1s a cerca de la disponibilidad de este producto \u00f3 escr\u00edbenos a nuestro \u00a0<a href=\"https:\/\/wa.me\/56997056557\">Whatsapp<\/a>.<\/em><\/b><\/p>\n<\/div>\n<p class=\"stock available-on-backorder\">Disponible para Entrega Inmediata.<\/p>\n<h5><span style=\"color: #ff0000;\">Entrega a domicilio<\/span><\/h5>\n<p>Este servicio se cobra por aparte. Tambi\u00e9n puede retirar en nuestra Tienda, ubicado en Manzana E sitio 48E &#8211; Barrio Industrial (diagonal a la puerta 4 de Zofri).<\/p>\n<p>Horario de atenci\u00f3n de lunes a viernes.<br \/>\nDe 9 a 14HRS y De 15 a 19HRS<\/p>\n<div class=\"shareThis\"><span class=\"socLeft\"><a><img decoding=\"async\" src=\"https:\/\/intlhomestore.com\/layout\/one_1920\/images\/cst-Facebook.png\" alt=\"\" \/><\/a><img decoding=\"async\" class=\"\" src=\"https:\/\/intlhomestore.com\/layout\/one_1920\/images\/cst-email.png\" alt=\"\" \/><\/span><\/div>\n","protected":false},"featured_media":15660,"comment_status":"open","ping_status":"closed","template":"","meta":[],"product_brand":[],"product_cat":[166,100,78,101,83,161],"product_tag":[],"class_list":{"0":"post-15657","1":"product","2":"type-product","3":"status-publish","4":"has-post-thumbnail","6":"product_cat-cama","7":"product_cat-dormitorio","8":"product_cat-otros","9":"product_cat-ropero","10":"product_cat-sofa","11":"product_cat-tocadores","13":"first","14":"instock","15":"sale","16":"taxable","17":"shipping-taxable","18":"purchasable","19":"product-type-simple"},"_links":{"self":[{"href":"https:\/\/www.aguilamuebles.cl\/tienda\/wp-json\/wp\/v2\/product\/15657","targetHints":{"allow":["GET"]}}],"collection":[{"href":"https:\/\/www.aguilamuebles.cl\/tienda\/wp-json\/wp\/v2\/product"}],"about":[{"href":"https:\/\/www.aguilamuebles.cl\/tienda\/wp-json\/wp\/v2\/types\/product"}],"replies":[{"embeddable":true,"href":"https:\/\/www.aguilamuebles.cl\/tienda\/wp-json\/wp\/v2\/comments?post=15657"}],"wp:featuredmedia":[{"embeddable":true,"href":"https:\/\/www.aguilamuebles.cl\/tienda\/wp-json\/wp\/v2\/media\/15660"}],"wp:attachment":[{"href":"https:\/\/www.aguilamuebles.cl\/tienda\/wp-json\/wp\/v2\/media?parent=15657"}],"wp:term":[{"taxonomy":"product_brand","embeddable":true,"href":"https:\/\/www.aguilamuebles.cl\/tienda\/wp-json\/wp\/v2\/product_brand?post=15657"},{"taxonomy":"product_cat","embeddable":true,"href":"https:\/\/www.aguilamuebles.cl\/tienda\/wp-json\/wp\/v2\/product_cat?post=15657"},{"taxonomy":"product_tag","embeddable":true,"href":"https:\/\/www.aguilamuebles.cl\/tienda\/wp-json\/wp\/v2\/product_tag?post=15657"}],"curies":[{"name":"wp","href":"https:\/\/api.w.org\/{rel}","templated":true}]}}