{"id":16421,"date":"2022-02-21T16:25:25","date_gmt":"2022-02-21T20:25:25","guid":{"rendered":"https:\/\/www.aguilamuebles.cl\/tienda\/?post_type=product&#038;p=16421"},"modified":"2025-08-14T11:30:15","modified_gmt":"2025-08-14T15:30:15","slug":"escritorio-gamer-pro-web-s2007","status":"publish","type":"product","link":"https:\/\/www.aguilamuebles.cl\/tienda\/product\/escritorio-gamer-pro-web-s2007\/","title":{"rendered":"Escritorio para Oficina y Hogar WEB-S2007"},"content":{"rendered":"<div>\n<h3>Detalles<\/h3>\n<\/div>\n<p>Este Escritorio es el mueble que no puede faltar en tu hogar y\/u oficina. De estilo gamer, este mueble moderno te ser\u00e1 de gran utilidad a la hora de jugar, estudiar, hacer tareas o trabajar frente a un computador, sus bordes y esquinas suavemente redondeados evita lesiones accidentales y roces incomodos. Adem\u00e1s, gracias a la simpleza de su dise\u00f1o, podr\u00e1s combinarlo con otros muebles de madera, tales como esquineros, estantes y repisas, etc. Ideal para espacios reducidos, ocupando menos espacio y de gran utilidad. Este vers\u00e1til mueble cuenta tambi\u00e9n con multiples espacios donde podr\u00e1s guardar documentos o implementos de escritorio.<\/p>\n<ul>\n<li>Producto se entrega desarmado, armado f\u00e1cil, incluye herramientas.<\/li>\n<\/ul>\n<div>\n<h3>Material<\/h3>\n<\/div>\n<ul>\n<li>Estructura en Metal y\u00a0Trupan Melaminado<\/li>\n<\/ul>\n<h3>Medidas<\/h3>\n<ul>\n<li>Medidas de ancho 120 cm x\u00a0 alto 75\/95cm x profundidad 55\/100cm<\/li>\n<li>Medida de embalaje:<br \/>\nCaja 130cm x 65cm x 12cm 31kg<\/li>\n<\/ul>\n<h5>Precio publicado para Zona Franca, A OTRAS REGIONES SE APLICAN COSTOS EXTRAS : IVA(19%), Impuesto ad valorem(6%), generaci\u00f3n de DIN y honorarios de Agencia de aduana.<\/h5>\n<p>Inf\u00f3rmese en Manual de Zona Franca p\u00e1gina 22.<\/p>\n<p><b><em>El stock disponible de nuestro producto puede variar, por favor cont\u00e1ctenos para saber m\u00e1s a cerca de la disponibilidad de este producto \u00f3 escr\u00edbenos a nuestro \u00a0<a href=\"https:\/\/wa.me\/56997056557\">Whatsapp<\/a>.<\/em><\/b><\/p>\n","protected":false},"excerpt":{"rendered":"<div class=\"woocommerce-product-details__short-description\">\n<h5><span style=\"color: #ff0000;\">AL RESTO DEL PA\u00cdS $196.459<\/span><\/h5>\n<p><b><em>El stock disponible de nuestro producto puede variar, por favor cont\u00e1ctenos para saber m\u00e1s a cerca de la disponibilidad de este producto \u00f3 escr\u00edbenos a nuestro \u00a0<a href=\"https:\/\/wa.me\/56997056557\">Whatsapp<\/a>.<\/em><\/b><\/p>\n<\/div>\n<p class=\"stock available-on-backorder\">Disponible para Entrega Inmediata.<\/p>\n<h5><span style=\"color: #ff0000;\">Entrega a domicilio<\/span><\/h5>\n<p>Este servicio se cobra por aparte. Tambi\u00e9n puede retirar en nuestra Tienda, ubicado en Manzana E sitio 48E &#8211; Barrio Industrial (diagonal a la puerta 4 de Zofri).<\/p>\n<p>Horario de atenci\u00f3n de lunes a viernes.<br \/>\nDe 9 a 14HRS y De 15 a 19HRS<\/p>\n<div class=\"shareThis\"><span class=\"socLeft\"><a><img decoding=\"async\" src=\"https:\/\/intlhomestore.com\/layout\/one_1920\/images\/cst-Facebook.png\" alt=\"\" \/><\/a><img decoding=\"async\" class=\"\" src=\"https:\/\/intlhomestore.com\/layout\/one_1920\/images\/cst-email.png\" alt=\"\" \/><\/span><\/div>\n","protected":false},"featured_media":16422,"comment_status":"open","ping_status":"closed","template":"","meta":[],"product_brand":[],"product_cat":[86,138,65,139],"product_tag":[],"class_list":{"0":"post-16421","1":"product","2":"type-product","3":"status-publish","4":"has-post-thumbnail","6":"product_cat-escritorios","7":"product_cat-mesa-de-computador","8":"product_cat-oficina","9":"product_cat-sillas-oficina","11":"first","12":"instock","13":"sale","14":"taxable","15":"shipping-taxable","16":"purchasable","17":"product-type-simple"},"_links":{"self":[{"href":"https:\/\/www.aguilamuebles.cl\/tienda\/wp-json\/wp\/v2\/product\/16421","targetHints":{"allow":["GET"]}}],"collection":[{"href":"https:\/\/www.aguilamuebles.cl\/tienda\/wp-json\/wp\/v2\/product"}],"about":[{"href":"https:\/\/www.aguilamuebles.cl\/tienda\/wp-json\/wp\/v2\/types\/product"}],"replies":[{"embeddable":true,"href":"https:\/\/www.aguilamuebles.cl\/tienda\/wp-json\/wp\/v2\/comments?post=16421"}],"wp:featuredmedia":[{"embeddable":true,"href":"https:\/\/www.aguilamuebles.cl\/tienda\/wp-json\/wp\/v2\/media\/16422"}],"wp:attachment":[{"href":"https:\/\/www.aguilamuebles.cl\/tienda\/wp-json\/wp\/v2\/media?parent=16421"}],"wp:term":[{"taxonomy":"product_brand","embeddable":true,"href":"https:\/\/www.aguilamuebles.cl\/tienda\/wp-json\/wp\/v2\/product_brand?post=16421"},{"taxonomy":"product_cat","embeddable":true,"href":"https:\/\/www.aguilamuebles.cl\/tienda\/wp-json\/wp\/v2\/product_cat?post=16421"},{"taxonomy":"product_tag","embeddable":true,"href":"https:\/\/www.aguilamuebles.cl\/tienda\/wp-json\/wp\/v2\/product_tag?post=16421"}],"curies":[{"name":"wp","href":"https:\/\/api.w.org\/{rel}","templated":true}]}}