{"id":16883,"date":"2022-02-22T17:20:40","date_gmt":"2022-02-22T21:20:40","guid":{"rendered":"https:\/\/www.aguilamuebles.cl\/tienda\/?post_type=product&#038;p=16883"},"modified":"2025-11-27T09:48:55","modified_gmt":"2025-11-27T13:48:55","slug":"mesa-de-reunion-para-oficina-y-hogar-modelo-bd-20","status":"publish","type":"product","link":"https:\/\/www.aguilamuebles.cl\/tienda\/product\/mesa-de-reunion-para-oficina-y-hogar-modelo-bd-20\/","title":{"rendered":"Mesa De Reunion para Oficina y Hogar modelo BD-20"},"content":{"rendered":"<div>\n<h3>Detalles<\/h3>\n<\/div>\n<p>El Escritorio modelo BD-20 es el mueble que no puede faltar en tu hogar y\/u oficina. De estilo cl\u00e1sico, este mueble organizador te ser\u00e1 de gran utilidad a la hora de estudiar, hacer tareas o trabajar frente a un computador, sus bordes y esquinas suavemente redondeados evita lesiones accidentales y roces incomodos. Adem\u00e1s, gracias a la simpleza de su dise\u00f1o, podr\u00e1s combinarlo con otros muebles de madera, tales como esquineros, estantes y repisas.<\/p>\n<ul>\n<li>Contiene 3 cajones con llaves para que organice todo lo que necesitas.<\/li>\n<li>Medidas de 180 ancho x 90 alto x 73 profundidad cm<\/li>\n<li>Producto se entrega desarmado, armado facil, incluye herramientas.<\/li>\n<\/ul>\n<div>\n<h3>Material<\/h3>\n<\/div>\n<ul>\n<li>Estrutura en Trupan Melaminado<\/li>\n<li>Cajones con rieles metalicas<\/li>\n<li>Manilla de cajon cromado<\/li>\n<li>Medida de embalaje:<br \/>\nCaja1\u00a0 183cm x 93cm x 3.3cm 27kg\u00a0 \u00a0 \u00a0 \u00a0 \u00a0 \u00a0 \u00a0 Caja2\u00a0 146cm x 63cm x 4cm 15kg<\/li>\n<\/ul>\n<h3>Garant\u00eda<\/h3>\n<ul>\n<li>La garant\u00eda solo cubre fallas de fabricaci\u00f3n.<\/li>\n<\/ul>\n<h3>Devoluciones<\/h3>\n<ul>\n<li>El cliente puede devolver un producto siempre y cuando est\u00e9 en su embalaje original sin haber sido abierto, enti\u00e9ndase sin uso y sin da\u00f1os en sus piezas.<\/li>\n<li>La devoluci\u00f3n se acepta dentro de los 10 d\u00edas corridos desde la fecha de emisi\u00f3n de la boleta o factura<\/li>\n<li>El costo del flete de la devoluci\u00f3n lo asume el cliente.<\/li>\n<\/ul>\n","protected":false},"excerpt":{"rendered":"<div class=\"woocommerce-product-details__short-description\">\n<h5><span style=\"color: #ff0000;\">AL RESTO DEL PA\u00cdS $198.982<\/span><\/h5>\n<p><b><em>El stock disponible de nuestro producto puede variar, por favor cont\u00e1ctenos para saber m\u00e1s a cerca de la disponibilidad de este producto \u00f3 escr\u00edbenos a nuestro \u00a0<a href=\"https:\/\/wa.me\/56997056557\">Whatsapp<\/a>.<\/em><\/b><\/p>\n<\/div>\n<p class=\"stock available-on-backorder\">Disponible para Entrega Inmediata.<\/p>\n<h5><span style=\"color: #ff0000;\">Entrega a domicilio<\/span><\/h5>\n<p>Este servicio se cobra por aparte. Tambi\u00e9n puede retirar en nuestra Tienda, ubicado en Manzana E sitio 48E &#8211; Barrio Industrial (diagonal a la puerta 4 de Zofri).<\/p>\n<p>Horario de atenci\u00f3n de lunes a viernes.<br \/>\nDe 9 a 14HRS y De 15 a 19HRS<\/p>\n<div class=\"shareThis\"><span class=\"socLeft\"><a><img decoding=\"async\" src=\"https:\/\/intlhomestore.com\/layout\/one_1920\/images\/cst-Facebook.png\" alt=\"\" \/><\/a><img decoding=\"async\" class=\"\" src=\"https:\/\/intlhomestore.com\/layout\/one_1920\/images\/cst-email.png\" alt=\"\" \/><\/span><\/div>\n","protected":false},"featured_media":16886,"comment_status":"open","ping_status":"closed","template":"","meta":[],"product_brand":[],"product_cat":[86,138,65],"product_tag":[],"class_list":{"0":"post-16883","1":"product","2":"type-product","3":"status-publish","4":"has-post-thumbnail","6":"product_cat-escritorios","7":"product_cat-mesa-de-computador","8":"product_cat-oficina","10":"first","11":"instock","12":"sale","13":"taxable","14":"shipping-taxable","15":"purchasable","16":"product-type-simple"},"_links":{"self":[{"href":"https:\/\/www.aguilamuebles.cl\/tienda\/wp-json\/wp\/v2\/product\/16883","targetHints":{"allow":["GET"]}}],"collection":[{"href":"https:\/\/www.aguilamuebles.cl\/tienda\/wp-json\/wp\/v2\/product"}],"about":[{"href":"https:\/\/www.aguilamuebles.cl\/tienda\/wp-json\/wp\/v2\/types\/product"}],"replies":[{"embeddable":true,"href":"https:\/\/www.aguilamuebles.cl\/tienda\/wp-json\/wp\/v2\/comments?post=16883"}],"wp:featuredmedia":[{"embeddable":true,"href":"https:\/\/www.aguilamuebles.cl\/tienda\/wp-json\/wp\/v2\/media\/16886"}],"wp:attachment":[{"href":"https:\/\/www.aguilamuebles.cl\/tienda\/wp-json\/wp\/v2\/media?parent=16883"}],"wp:term":[{"taxonomy":"product_brand","embeddable":true,"href":"https:\/\/www.aguilamuebles.cl\/tienda\/wp-json\/wp\/v2\/product_brand?post=16883"},{"taxonomy":"product_cat","embeddable":true,"href":"https:\/\/www.aguilamuebles.cl\/tienda\/wp-json\/wp\/v2\/product_cat?post=16883"},{"taxonomy":"product_tag","embeddable":true,"href":"https:\/\/www.aguilamuebles.cl\/tienda\/wp-json\/wp\/v2\/product_tag?post=16883"}],"curies":[{"name":"wp","href":"https:\/\/api.w.org\/{rel}","templated":true}]}}