{"id":16941,"date":"2022-02-23T12:28:41","date_gmt":"2022-02-23T16:28:41","guid":{"rendered":"https:\/\/www.aguilamuebles.cl\/tienda\/?post_type=product&#038;p=16941"},"modified":"2022-02-23T12:28:41","modified_gmt":"2022-02-23T16:28:41","slug":"juego-de-comedor-con-altura-de-mostrador-lettner-ashley","status":"publish","type":"product","link":"https:\/\/www.aguilamuebles.cl\/tienda\/product\/juego-de-comedor-con-altura-de-mostrador-lettner-ashley\/","title":{"rendered":"Juego De Comedor Con Altura De Mostrador Lettner Ashley"},"content":{"rendered":"<div class=\"detail-cols detail-column-left\">\n<h2 class=\"tab-header2\"><span>Detalles y descripci\u00f3n general<\/span><\/h2>\n<div>\n<h3 class=\"tab-header3\"><span>Descripci\u00f3n<\/span><\/h3>\n<p><span>Rompe con la tradici\u00f3n con un enfoque fresco: el ambiente de dos tonos del juego de comedor de altura de mostrador Lettner es deliciosamente diferente.\u00a0Elaborado con chapas de acacia para una maravillosa variaci\u00f3n de color, la parte superior de color marr\u00f3n claro se combina con una base de estilo brillante para una est\u00e9tica de alto contraste que est\u00e1 de moda.\u00a0Los estantes abiertos con cuatro canastas perfectamente ajustadas hacen que esta mesa de comedor sencilla y elegante sea a\u00fan m\u00e1s atractiva.<\/span><\/div>\n<ul class=\"detail-row\">\n<li><span>Incluye mesa de almacenamiento a la altura del mostrador y 4 taburetes de bar<\/span><\/li>\n<li><span>Hecho de chapas, madera y madera de ingenier\u00eda.<\/span><\/li>\n<li><span>Acabado en dos tonos;\u00a0parte superior marr\u00f3n claro y base gris claro bru\u00f1ida<\/span><\/li>\n<li><span>Estanter\u00eda abierta con 4 cestas de almacenamiento tejidas<\/span><\/li>\n<li><span>Asientos 4<\/span><\/li>\n<li><span>se requiere ensamblaje<\/span><\/li>\n<li><span>Tiempo estimado de montaje: 60 minutos<\/span><\/li>\n<\/ul>\n<div class=\"detail-row\">\n<h3 class=\"tab-header3\"><span>Peso<\/span><\/h3>\n<p><span>72,57 kg.<\/span><\/div>\n<\/div>\n<div class=\"detail-cols detail-column-right\">\n<div class=\"detail-row detail-row-dimensions\">\n<h3 class=\"tab-header3\">Dimensiones<\/h3>\n<ul>\n<li>Ancho: 82 cm<\/li>\n<li>Profundidad: 1.15 cm<\/li>\n<li>Altura: 92 cm<\/li>\n<\/ul>\n<\/div>\n<h5><\/h5>\n<h5><\/h5>\n<h5><b>GARANT\u00cdA LEGAL<\/b><\/h5>\n<p>Los productos poseen una garant\u00eda de 3 meses establecida por la Ley 19.496 Sobre Protecci\u00f3n de los Derechos de Los Consumidores, contados desde la fecha de recepci\u00f3n del producto, en caso de fallas o deficiencias que afecten el uso al cual est\u00e1 destinado el producto. De acuerdo con la ley de protecci\u00f3n al consumidor, en caso de falla del producto tiene el derecho a elegir entre las siguientes opciones:<\/p>\n<ol type=\"I\">\n<li>Reparaci\u00f3n gratuita del producto.<\/li>\n<li>Reposici\u00f3n o cambio.<\/li>\n<li>La devoluci\u00f3n del dinero pagado.<\/li>\n<\/ol>\n<p>Para ejercer este derecho, se deben determinar preliminarmente las causas de falla del producto. No podr\u00e1 ejercer este derecho cuando el deterioro sea imputable al cliente por su mal uso .<\/p>\n<h5>Precio publicado para Zona Franca, A OTRAS REGIONES SE APLICAN COSTOS EXTRAS : IVA(19%), Impuesto ad valorem(6%), generaci\u00f3n de DIN y honorarios de Agencia de aduana.<\/h5>\n<p>Inf\u00f3rmese en Manual de Zona Franca p\u00e1gina 22.<\/p>\n<p><b><em>El stock disponible de nuestro producto puede variar, por favor cont\u00e1ctenos para saber m\u00e1s a cerca de la disponibilidad de este producto \u00f3 escr\u00edbenos a nuestro \u00a0<a href=\"https:\/\/wa.me\/56997056557\">Whatsapp<\/a>.<\/em><\/b><\/p>\n<\/div>\n","protected":false},"excerpt":{"rendered":"<div class=\"woocommerce-product-details__short-description\">\n<h5><span style=\"color: #ff0000;\">AL RESTO DEL PA\u00cdS $779.226<\/span><\/h5>\n<p><b><em>El stock disponible de nuestro producto puede variar, por favor cont\u00e1ctenos para saber m\u00e1s a cerca de la disponibilidad de este producto \u00f3 escr\u00edbenos a nuestro \u00a0<a href=\"https:\/\/wa.me\/56997056557\">Whatsapp<\/a>.<\/em><\/b><\/p>\n<\/div>\n<p class=\"stock available-on-backorder\">Disponible para Entrega Inmediata.<\/p>\n<h5><span style=\"color: #ff0000;\">Entrega a domicilio<\/span><\/h5>\n<p>Este servicio se cobra por aparte. Tambi\u00e9n puede retirar en nuestra Tienda, ubicado en Manzana E sitio 48E &#8211; Barrio Industrial (diagonal a la puerta 4 de Zofri).<\/p>\n<p>Horario de atenci\u00f3n de lunes a viernes.<br \/>\nDe 9 a 14HRS y De 15 a 19HRS<\/p>\n<div class=\"shareThis\"><span class=\"socLeft\"><a><img decoding=\"async\" src=\"https:\/\/intlhomestore.com\/layout\/one_1920\/images\/cst-Facebook.png\" alt=\"\" \/><\/a><img decoding=\"async\" class=\"\" src=\"https:\/\/intlhomestore.com\/layout\/one_1920\/images\/cst-email.png\" alt=\"\" \/><\/span><\/div>\n","protected":false},"featured_media":16946,"comment_status":"open","ping_status":"closed","template":"","meta":[],"product_brand":[],"product_cat":[102,103,66,83],"product_tag":[],"class_list":{"0":"post-16941","1":"product","2":"type-product","3":"status-publish","4":"has-post-thumbnail","6":"product_cat-comedor","7":"product_cat-juego-de-comedor","8":"product_cat-sala-de-estar","9":"product_cat-sofa","11":"first","12":"instock","13":"sale","14":"taxable","15":"shipping-taxable","16":"purchasable","17":"product-type-simple"},"_links":{"self":[{"href":"https:\/\/www.aguilamuebles.cl\/tienda\/wp-json\/wp\/v2\/product\/16941","targetHints":{"allow":["GET"]}}],"collection":[{"href":"https:\/\/www.aguilamuebles.cl\/tienda\/wp-json\/wp\/v2\/product"}],"about":[{"href":"https:\/\/www.aguilamuebles.cl\/tienda\/wp-json\/wp\/v2\/types\/product"}],"replies":[{"embeddable":true,"href":"https:\/\/www.aguilamuebles.cl\/tienda\/wp-json\/wp\/v2\/comments?post=16941"}],"wp:featuredmedia":[{"embeddable":true,"href":"https:\/\/www.aguilamuebles.cl\/tienda\/wp-json\/wp\/v2\/media\/16946"}],"wp:attachment":[{"href":"https:\/\/www.aguilamuebles.cl\/tienda\/wp-json\/wp\/v2\/media?parent=16941"}],"wp:term":[{"taxonomy":"product_brand","embeddable":true,"href":"https:\/\/www.aguilamuebles.cl\/tienda\/wp-json\/wp\/v2\/product_brand?post=16941"},{"taxonomy":"product_cat","embeddable":true,"href":"https:\/\/www.aguilamuebles.cl\/tienda\/wp-json\/wp\/v2\/product_cat?post=16941"},{"taxonomy":"product_tag","embeddable":true,"href":"https:\/\/www.aguilamuebles.cl\/tienda\/wp-json\/wp\/v2\/product_tag?post=16941"}],"curies":[{"name":"wp","href":"https:\/\/api.w.org\/{rel}","templated":true}]}}