{"id":17154,"date":"2022-03-02T15:58:47","date_gmt":"2022-03-02T19:58:47","guid":{"rendered":"https:\/\/www.aguilamuebles.cl\/tienda\/?post_type=product&#038;p=17154"},"modified":"2026-05-01T00:13:56","modified_gmt":"2026-05-01T04:13:56","slug":"comoda-de-6-cajones-con-espejo-baystorm-de-ashley","status":"publish","type":"product","link":"https:\/\/www.aguilamuebles.cl\/tienda\/product\/comoda-de-6-cajones-con-espejo-baystorm-de-ashley\/","title":{"rendered":"C\u00f3moda De 6 Cajones Con Espejo Baystorm De Ashley"},"content":{"rendered":"<div>\n<h3 class=\"tab-header3\">Descripci\u00f3n<\/h3>\n<p>El estilo playero y mucho espacio de almacenamiento van de la mano con la c\u00f3moda Baystorm.\u00a0Su acabado ahumado inspirado en la madera flotante y los surfistas crea una apariencia r\u00fastica que es perfecta para ambientar una escapada a la isla.\u00a0Seis cajones espaciosos le brindan el espacio necesario para guardar ropa y m\u00e1s.\u00a0Las l\u00edneas limpias y las manijas modernas brindan una apariencia aut\u00e9ntica para admirar en los a\u00f1os venideros.<\/p>\n<\/div>\n<ul class=\"detail-row\">\n<li>Hecho de madera de ingenier\u00eda y laminado decorativo.<\/li>\n<li>Acabado gris ahumado sobre grano de roble replicado con un toque aut\u00e9ntico<\/li>\n<li>Tiradores lineales con acabado en tono bronce envejecido<\/li>\n<li>6 cajones de deslizamiento suave<\/li>\n<\/ul>\n<div class=\"detail-cols detail-column-left\">\n<div class=\"detail-row\">\n<h3 class=\"tab-header3\">Peso<\/h3>\n<p>73,03 kg.<\/p>\n<\/div>\n<\/div>\n<div class=\"detail-cols detail-column-right\">\n<div class=\"detail-row detail-row-dimensions\">\n<h3 class=\"tab-header3\">Dimensiones<\/h3>\n<div class=\"dimension-image\"><img decoding=\"async\" src=\"https:\/\/ashleyfurniture.scene7.com\/is\/image\/AshleyFurniture\/B221-31-Baystorm-DIM?$AFHS-Grid-1X$\" alt=\"C\u00f3moda Baystorm, , grande\" \/><\/div>\n<ul>\n<li>Ancho: 1.58 cm<\/li>\n<li>Profundidad: 39 cm<\/li>\n<li>Altura: 92 cm<\/li>\n<\/ul>\n<h3 class=\"tab-header3\">Dimensiones Espejo<\/h3>\n<ul>\n<li>Ancho: 1.11 cm.<\/li>\n<li>Alto: 91.5 cm.<\/li>\n<\/ul>\n<p><b>Peso Espejo<\/b><\/p>\n<ul>\n<li>18.14 kilos.<\/li>\n<\/ul>\n<\/div>\n<\/div>\n<p>&nbsp;<\/p>\n<h5><\/h5>\n<h5><b>GARANT\u00cdA LEGAL<\/b><\/h5>\n<p>Los productos poseen una garant\u00eda de 3 meses establecida por la Ley 19.496 Sobre Protecci\u00f3n de los Derechos de Los Consumidores, contados desde la fecha de recepci\u00f3n del producto, en caso de fallas o deficiencias que afecten el uso al cual est\u00e1 destinado el producto. De acuerdo con la ley de protecci\u00f3n al consumidor, en caso de falla del producto tiene el derecho a elegir entre las siguientes opciones:<\/p>\n<ol type=\"I\">\n<li>Reparaci\u00f3n gratuita del producto.<\/li>\n<li>Reposici\u00f3n o cambio.<\/li>\n<li>La devoluci\u00f3n del dinero pagado.<\/li>\n<\/ol>\n<p>Para ejercer este derecho, se deben determinar preliminarmente las causas de falla del producto. No podr\u00e1 ejercer este derecho cuando el deterioro sea imputable al cliente por su mal uso .<\/p>\n<h5>Precio publicado para Zona Franca, A OTRAS REGIONES SE APLICAN COSTOS EXTRAS : IVA(19%), Impuesto ad valorem(6%), generaci\u00f3n de DIN y honorarios de Agencia de aduana.<\/h5>\n<p>Inf\u00f3rmese en Manual de Zona Franca p\u00e1gina 22.<\/p>\n<p><b><em>El stock disponible de nuestro producto puede variar, por favor cont\u00e1ctenos para saber m\u00e1s a cerca de la disponibilidad de este producto \u00f3 escr\u00edbenos a nuestro \u00a0<a href=\"https:\/\/wa.me\/56997056557\">Whatsapp<\/a>.<\/em><\/b><\/p>\n<div id=\"tw-target-rmn-container\" class=\"tw-target-rmn tw-ta-container F0azHf tw-nfl\">\n<pre id=\"tw-target-rmn\" class=\"tw-data-placeholder tw-text-small tw-ta\" dir=\"ltr\" data-placeholder=\"\"><\/pre>\n<\/div>\n","protected":false},"excerpt":{"rendered":"<div class=\"woocommerce-product-details__short-description\">\n<h5><span style=\"color: #ff0000;\">AL RESTO DEL PA\u00cdS $690.928<\/span><\/h5>\n<p><b><em>El stock disponible de nuestro producto puede variar, por favor cont\u00e1ctenos para saber m\u00e1s a cerca de la disponibilidad de este producto \u00f3 escr\u00edbenos a nuestro \u00a0<a href=\"https:\/\/wa.me\/56997056557\">Whatsapp<\/a>.<\/em><\/b><\/p>\n<\/div>\n<p class=\"stock available-on-backorder\">Disponible para Entrega Inmediata.<\/p>\n<h5><span style=\"color: #ff0000;\">Entrega a domicilio<\/span><\/h5>\n<p>Este servicio se cobra por aparte. Tambi\u00e9n puede retirar en nuestra Tienda, ubicado en Manzana E sitio 48E &#8211; Barrio Industrial (diagonal a la puerta 4 de Zofri).<\/p>\n<p>Horario de atenci\u00f3n de lunes a viernes.<br \/>\nDe 9 a 14HRS y De 15 a 19HRS<\/p>\n<div class=\"shareThis\"><span class=\"socLeft\"><a><img decoding=\"async\" src=\"https:\/\/intlhomestore.com\/layout\/one_1920\/images\/cst-Facebook.png\" alt=\"\" \/><\/a><img decoding=\"async\" class=\"\" src=\"https:\/\/intlhomestore.com\/layout\/one_1920\/images\/cst-email.png\" alt=\"\" \/><\/span><\/div>\n","protected":false},"featured_media":17156,"comment_status":"open","ping_status":"closed","template":"","meta":[],"product_brand":[],"product_cat":[166,100,161],"product_tag":[],"class_list":{"0":"post-17154","1":"product","2":"type-product","3":"status-publish","4":"has-post-thumbnail","6":"product_cat-cama","7":"product_cat-dormitorio","8":"product_cat-tocadores","10":"first","11":"instock","12":"sale","13":"taxable","14":"shipping-taxable","15":"purchasable","16":"product-type-simple"},"_links":{"self":[{"href":"https:\/\/www.aguilamuebles.cl\/tienda\/wp-json\/wp\/v2\/product\/17154","targetHints":{"allow":["GET"]}}],"collection":[{"href":"https:\/\/www.aguilamuebles.cl\/tienda\/wp-json\/wp\/v2\/product"}],"about":[{"href":"https:\/\/www.aguilamuebles.cl\/tienda\/wp-json\/wp\/v2\/types\/product"}],"replies":[{"embeddable":true,"href":"https:\/\/www.aguilamuebles.cl\/tienda\/wp-json\/wp\/v2\/comments?post=17154"}],"wp:featuredmedia":[{"embeddable":true,"href":"https:\/\/www.aguilamuebles.cl\/tienda\/wp-json\/wp\/v2\/media\/17156"}],"wp:attachment":[{"href":"https:\/\/www.aguilamuebles.cl\/tienda\/wp-json\/wp\/v2\/media?parent=17154"}],"wp:term":[{"taxonomy":"product_brand","embeddable":true,"href":"https:\/\/www.aguilamuebles.cl\/tienda\/wp-json\/wp\/v2\/product_brand?post=17154"},{"taxonomy":"product_cat","embeddable":true,"href":"https:\/\/www.aguilamuebles.cl\/tienda\/wp-json\/wp\/v2\/product_cat?post=17154"},{"taxonomy":"product_tag","embeddable":true,"href":"https:\/\/www.aguilamuebles.cl\/tienda\/wp-json\/wp\/v2\/product_tag?post=17154"}],"curies":[{"name":"wp","href":"https:\/\/api.w.org\/{rel}","templated":true}]}}