{"id":17836,"date":"2022-03-24T17:37:04","date_gmt":"2022-03-24T21:37:04","guid":{"rendered":"https:\/\/www.aguilamuebles.cl\/tienda\/?post_type=product&#038;p=17836"},"modified":"2024-01-03T15:47:42","modified_gmt":"2024-01-03T19:47:42","slug":"17836","status":"publish","type":"product","link":"https:\/\/www.aguilamuebles.cl\/tienda\/product\/17836\/","title":{"rendered":"Silla Decorativa Zossen"},"content":{"rendered":"<div class=\"detail-cols detail-column-left\">\n<div>\n<h3 class=\"tab-header3\">Descripci\u00f3n<\/h3>\n<p>La silla decorativa Zossen demuestra que las tendencias siempre vuelven.\u00a0Su perfil elegante le devuelve el estilo al dise\u00f1o de mediados de siglo.\u00a0La suave tela de terciopelo arrugado en marfil es un toque exclusivo.\u00a0El capiton\u00e9 de botones en la parte posterior lo convierte en un complemento elegante para su hogar.<\/p>\n<\/div>\n<ul class=\"detail-row\">\n<li>Cojines de respaldo y asiento sueltos<\/li>\n<li>Tapicer\u00eda poli\u00e9ster terciopelo triturado<\/li>\n<li>Pies expuestos con acabado de imitaci\u00f3n de madera.<\/li>\n<li>Excluido de descuentos promocionales y cupones<\/li>\n<li>Tiempo estimado de montaje: 15 minutos<\/li>\n<\/ul>\n<div class=\"detail-row\">\n<h3 class=\"tab-header3\">Detalles de la tela<\/h3>\n<ul>\n<li>Cuerpo: POLIESTER (100)%<\/li>\n<li>Color:\u00a0<span class=\"selected-variant\">Marfil\u00a0<\/span><\/li>\n<\/ul>\n<\/div>\n<h3 class=\"tab-header3\">Peso<\/h3>\n<ul>\n<li>19,5 kg<\/li>\n<\/ul>\n<\/div>\n<div class=\"detail-cols detail-column-right\">\n<div class=\"detail-row detail-row-dimensions\">\n<h3 class=\"tab-header3\">Dimensiones<\/h3>\n<div class=\"dimension-image\"><img decoding=\"async\" src=\"https:\/\/ashleyfurniture.scene7.com\/is\/image\/AshleyFurniture\/A3000045-Zossen-DIM?$AFHS-Grid-1X$\" alt=\"Sill\u00f3n Zossen Accent, marfil, grande\" \/><\/div>\n<ul>\n<li>Ancho: 72 cm<\/li>\n<li>Profundidad: 77 cm<\/li>\n<li>Altura: 90 cm<\/li>\n<\/ul>\n<\/div>\n<\/div>\n<p>&nbsp;<\/p>\n<p>&nbsp;<\/p>\n<h5><\/h5>\n<h5><\/h5>\n<h5><b>GARANT\u00cdA LEGAL<\/b><\/h5>\n<p>Los productos poseen una garant\u00eda de 3 meses establecida por la Ley 19.496 Sobre Protecci\u00f3n de los Derechos de Los Consumidores, contados desde la fecha de recepci\u00f3n del producto, en caso de fallas o deficiencias que afecten el uso al cual est\u00e1 destinado el producto. De acuerdo con la ley de protecci\u00f3n al consumidor, en caso de falla del producto tiene el derecho a elegir entre las siguientes opciones:<\/p>\n<ol type=\"I\">\n<li>Reparaci\u00f3n gratuita del producto.<\/li>\n<li>Reposici\u00f3n o cambio.<\/li>\n<li>La devoluci\u00f3n del dinero pagado.<\/li>\n<\/ol>\n<p>Para ejercer este derecho, se deben determinar preliminarmente las causas de falla del producto. No podr\u00e1 ejercer este derecho cuando el deterioro sea imputable al cliente por su mal uso .<\/p>\n<h5>Precio publicado para Zona Franca, A OTRAS REGIONES SE APLICAN COSTOS EXTRAS : IVA(19%), Impuesto ad valorem(6%), generaci\u00f3n de DIN y honorarios de Agencia de aduana.<\/h5>\n<p>Inf\u00f3rmese en Manual de Zona Franca p\u00e1gina 22.<\/p>\n<p><b><em>El stock disponible de nuestro producto puede variar, por favor cont\u00e1ctenos para saber m\u00e1s a cerca de la disponibilidad de este producto \u00f3 escr\u00edbenos a nuestro \u00a0<a href=\"https:\/\/wa.me\/56997056557\">Whatsapp<\/a>.<\/em><\/b><\/p>\n","protected":false},"excerpt":{"rendered":"<div class=\"woocommerce-product-details__short-description\">\n<h5><span style=\"color: #ff0000;\">AL RESTO DEL PA\u00cdS $337.736<\/span><\/h5>\n<h5><b><em>El stock disponible de nuestro producto puede variar, por favor cont\u00e1ctenos para saber m\u00e1s a cerca de la disponibilidad de este producto \u00f3 escr\u00edbenos a nuestro \u00a0<a href=\"https:\/\/wa.me\/56997056557\">Whatsapp<\/a>.<\/em><\/b><\/h5>\n<\/div>\n<p class=\"stock available-on-backorder\">Disponible para Entrega Inmediata.<\/p>\n<h5><span style=\"color: #ff0000;\">Entrega a domicilio<\/span><\/h5>\n<p>Este servicio se cobra por aparte. Tambi\u00e9n puede retirar en nuestra Tienda, ubicado en Manzana E sitio 48E &#8211; Barrio Industrial (diagonal a la puerta 4 de Zofri).<\/p>\n<p>Horario de atenci\u00f3n de lunes a viernes.<br \/>\nDe 9 a 14HRS y De 15 a 19HRS<\/p>\n<div class=\"shareThis\"><span class=\"socLeft\"><a><img decoding=\"async\" src=\"https:\/\/intlhomestore.com\/layout\/one_1920\/images\/cst-Facebook.png\" alt=\"\" \/><\/a><img decoding=\"async\" class=\"\" src=\"https:\/\/intlhomestore.com\/layout\/one_1920\/images\/cst-email.png\" alt=\"\" \/><\/span><\/div>\n","protected":false},"featured_media":17839,"comment_status":"open","ping_status":"closed","template":"","meta":[],"product_brand":[],"product_cat":[63,154,66,71,83],"product_tag":[],"class_list":{"0":"post-17836","1":"product","2":"type-product","3":"status-publish","4":"has-post-thumbnail","6":"product_cat-living","7":"product_cat-poltrona","8":"product_cat-sala-de-estar","9":"product_cat-sitial","10":"product_cat-sofa","12":"first","13":"instock","14":"sale","15":"taxable","16":"shipping-taxable","17":"purchasable","18":"product-type-simple"},"_links":{"self":[{"href":"https:\/\/www.aguilamuebles.cl\/tienda\/wp-json\/wp\/v2\/product\/17836","targetHints":{"allow":["GET"]}}],"collection":[{"href":"https:\/\/www.aguilamuebles.cl\/tienda\/wp-json\/wp\/v2\/product"}],"about":[{"href":"https:\/\/www.aguilamuebles.cl\/tienda\/wp-json\/wp\/v2\/types\/product"}],"replies":[{"embeddable":true,"href":"https:\/\/www.aguilamuebles.cl\/tienda\/wp-json\/wp\/v2\/comments?post=17836"}],"wp:featuredmedia":[{"embeddable":true,"href":"https:\/\/www.aguilamuebles.cl\/tienda\/wp-json\/wp\/v2\/media\/17839"}],"wp:attachment":[{"href":"https:\/\/www.aguilamuebles.cl\/tienda\/wp-json\/wp\/v2\/media?parent=17836"}],"wp:term":[{"taxonomy":"product_brand","embeddable":true,"href":"https:\/\/www.aguilamuebles.cl\/tienda\/wp-json\/wp\/v2\/product_brand?post=17836"},{"taxonomy":"product_cat","embeddable":true,"href":"https:\/\/www.aguilamuebles.cl\/tienda\/wp-json\/wp\/v2\/product_cat?post=17836"},{"taxonomy":"product_tag","embeddable":true,"href":"https:\/\/www.aguilamuebles.cl\/tienda\/wp-json\/wp\/v2\/product_tag?post=17836"}],"curies":[{"name":"wp","href":"https:\/\/api.w.org\/{rel}","templated":true}]}}