{"id":19964,"date":"2022-06-09T10:59:42","date_gmt":"2022-06-09T14:59:42","guid":{"rendered":"https:\/\/www.aguilamuebles.cl\/tienda\/?post_type=product&#038;p=19964"},"modified":"2022-06-09T10:59:42","modified_gmt":"2022-06-09T14:59:42","slug":"sillon-reclinable-dorsten-m1-de-ashley-7720425","status":"publish","type":"product","link":"https:\/\/www.aguilamuebles.cl\/tienda\/product\/sillon-reclinable-dorsten-m1-de-ashley-7720425\/","title":{"rendered":"Sill\u00f3n Reclinable Dorsten M1 De Ashley 7720425"},"content":{"rendered":"<div class=\"detail-cols detail-column-left\">\n<div>\n<h3 class=\"tab-header3\"><span>Descripci\u00f3n<\/span><\/h3>\n<p><span>El sill\u00f3n reclinable mecedor Dorsten tiene un estilo ultracontempor\u00e1neo hecho para la vida cotidiana f\u00e1cil.\u00a0Tapizado en felpa de felpilla color pizarra, lleva la sofisticaci\u00f3n neutra a otro nivel.\u00a0Rel\u00e1jese y rel\u00e1jese.\u00a0El look que amas viene con una sensaci\u00f3n lujosa a un precio tentador.<\/span><\/div>\n<ul class=\"detail-row\">\n<li><span>Movimiento reclinable de un tir\u00f3n<\/span><\/li>\n<li><span>Suave movimiento de balanceo<\/span><\/li>\n<li><span>Marco de esquinas bloqueadas con asiento reforzado con metal<\/span><\/li>\n<li><span>Cojines adjuntos<\/span><\/li>\n<li><span>Cojines de espuma de alta resiliencia envueltos en fibra de poli\u00e9ster gruesa<\/span><\/li>\n<li><span>Tapicer\u00eda de poli\u00e9ster<\/span><\/li>\n<\/ul>\n<div class=\"detail-row\">\n<h3><\/h3>\n<h3><\/h3>\n<h3 class=\"tab-header3\"><span>Detalles de la tela<\/span><\/h3>\n<ul>\n<li><span>Cuerpo: Poli\u00e9ster (100)%<\/span><\/li>\n<\/ul>\n<\/div>\n<div class=\"detail-row\">\n<h3 class=\"tab-header3\"><span>Peso<\/span><\/h3>\n<p><span>40,82 kg.<\/span><\/div>\n<\/div>\n<div class=\"detail-cols detail-column-right\">\n<div class=\"detail-row detail-row-dimensions\">\n<h3 class=\"tab-header3\"><span>Dimensiones<\/span><\/h3>\n<div class=\"dimension-image\"><img decoding=\"async\" src=\"https:\/\/ashleyfurniture.scene7.com\/is\/image\/AshleyFurniture\/7720425-Dorsten-DIM?$AFHS-Grid-1X$\" alt=\"Sill\u00f3n reclinable Dorsten, pizarra, grande\" \/><\/div>\n<ul>\n<li><span>Ancho: 84 cm<\/span><\/li>\n<li><span>Profundidad: 1 mt<\/span><\/li>\n<li><span>Altura: 1.07 cm<\/span><\/li>\n<\/ul>\n<\/div>\n<div class=\"detail-row\">\n<h3><\/h3>\n<h3><\/h3>\n<h3 class=\"tab-header3\"><span>Dimensiones adicionales<\/span><\/h3>\n<ul>\n<li><span>Altura del brazo: 64 cm<\/span><\/li>\n<li><span>Distancia entre el sill\u00f3n reclinable y la pared: 30 cm<\/span><\/li>\n<li><span>Altura del reposapi\u00e9s: 51 cm<\/span><\/li>\n<li><span>Largo completamente reclinado: 1.73 cm<\/span><\/li>\n<li><span>Ancho m\u00ednimo de entrada para entrega: 82 cm<\/span><\/li>\n<li><span>Profundidad del asiento: 54 cm<\/span><\/li>\n<li><span>Altura del asiento: 54 cm<\/span><\/li>\n<li><span>Distancia entre brazos: 46 cm<\/span><\/li>\n<\/ul>\n<\/div>\n<\/div>\n<p>&nbsp;<\/p>\n<p>&nbsp;<\/p>\n<h5><\/h5>\n<h5><b>GARANT\u00cdA LEGAL<\/b><\/h5>\n<p>Los productos poseen una garant\u00eda de 3 meses establecida por la Ley 19.496 Sobre Protecci\u00f3n de los Derechos de Los Consumidores, contados desde la fecha de recepci\u00f3n del producto, en caso de fallas o deficiencias que afecten el uso al cual est\u00e1 destinado el producto. De acuerdo con la ley de protecci\u00f3n al consumidor, en caso de falla del producto tiene el derecho a elegir entre las siguientes opciones:<\/p>\n<ol type=\"I\">\n<li>Reparaci\u00f3n gratuita del producto.<\/li>\n<li>Reposici\u00f3n o cambio.<\/li>\n<li>La devoluci\u00f3n del dinero pagado.<\/li>\n<\/ol>\n<p>Para ejercer este derecho, se deben determinar preliminarmente las causas de falla del producto. No podr\u00e1 ejercer este derecho cuando el deterioro sea imputable al cliente por su mal uso .<\/p>\n<h5><span style=\"color: #ff0000;\">Precio publicado para Zona Franca, A OTRAS REGIONES SE APLICAN COSTOS EXTRAS : IVA(19%), Impuesto ad valorem(6%), generaci\u00f3n de DIN y honorarios de Agencia de aduana.<\/span><\/h5>\n<p>Inf\u00f3rmese en Manual de Zona Franca p\u00e1gina 22.<\/p>\n<p><span style=\"color: #ff0000;\"><b><em>El stock disponible de nuestro producto puede variar, por favor cont\u00e1ctenos para saber m\u00e1s a cerca de la disponibilidad de este producto \u00f3 escr\u00edbenos a nuestro <span style=\"color: #ff6600;\">\u00a0<\/span><a style=\"color: #ff0000;\" href=\"https:\/\/wa.me\/56997056557\"><span style=\"color: #ff6600;\">Whatsapp<\/span><\/a>.<\/em><\/b><\/span><\/p>\n","protected":false},"excerpt":{"rendered":"<div class=\"woocommerce-product-details__short-description\">\n<h5><span style=\"color: #ff0000;\">AL RESTO DEL PA\u00cdS $716.156<\/span><\/h5>\n<h5><b><em>El stock disponible de nuestro producto puede variar, por favor cont\u00e1ctenos para saber m\u00e1s a cerca de la disponibilidad de este producto \u00f3 escr\u00edbenos a nuestro \u00a0<span style=\"color: #ff0000;\"><a style=\"color: #ff0000;\" href=\"https:\/\/wa.me\/56997056557\">Whatsapp<\/a>.<\/span><\/em><\/b><\/h5>\n<\/div>\n<p class=\"stock available-on-backorder\">Disponible para Entrega Inmediata.<\/p>\n<h5><span style=\"color: #ff0000;\">Entrega a domicilio<\/span><\/h5>\n<p>Este servicio se cobra por aparte. Tambi\u00e9n puede retirar en nuestra Tienda, ubicado en Manzana E sitio 48E &#8211; Barrio Industrial (diagonal a la puerta 4 de Zofri).<\/p>\n<p>Horario de atenci\u00f3n de lunes a viernes.<br \/>\nDe 8:30 a 14HRS y De 15 a 18:30HRS<\/p>\n<div class=\"shareThis\"><span class=\"socLeft\"><a><img decoding=\"async\" src=\"https:\/\/intlhomestore.com\/layout\/one_1920\/images\/cst-Facebook.png\" alt=\"\" \/><\/a><img decoding=\"async\" class=\"\" src=\"https:\/\/intlhomestore.com\/layout\/one_1920\/images\/cst-email.png\" alt=\"\" \/><\/span><\/div>\n","protected":false},"featured_media":19968,"comment_status":"open","ping_status":"closed","template":"","meta":[],"product_brand":[],"product_cat":[137,63,83],"product_tag":[],"class_list":{"0":"post-19964","1":"product","2":"type-product","3":"status-publish","4":"has-post-thumbnail","6":"product_cat-berger","7":"product_cat-living","8":"product_cat-sofa","10":"first","11":"instock","12":"sale","13":"taxable","14":"shipping-taxable","15":"purchasable","16":"product-type-simple"},"_links":{"self":[{"href":"https:\/\/www.aguilamuebles.cl\/tienda\/wp-json\/wp\/v2\/product\/19964","targetHints":{"allow":["GET"]}}],"collection":[{"href":"https:\/\/www.aguilamuebles.cl\/tienda\/wp-json\/wp\/v2\/product"}],"about":[{"href":"https:\/\/www.aguilamuebles.cl\/tienda\/wp-json\/wp\/v2\/types\/product"}],"replies":[{"embeddable":true,"href":"https:\/\/www.aguilamuebles.cl\/tienda\/wp-json\/wp\/v2\/comments?post=19964"}],"wp:featuredmedia":[{"embeddable":true,"href":"https:\/\/www.aguilamuebles.cl\/tienda\/wp-json\/wp\/v2\/media\/19968"}],"wp:attachment":[{"href":"https:\/\/www.aguilamuebles.cl\/tienda\/wp-json\/wp\/v2\/media?parent=19964"}],"wp:term":[{"taxonomy":"product_brand","embeddable":true,"href":"https:\/\/www.aguilamuebles.cl\/tienda\/wp-json\/wp\/v2\/product_brand?post=19964"},{"taxonomy":"product_cat","embeddable":true,"href":"https:\/\/www.aguilamuebles.cl\/tienda\/wp-json\/wp\/v2\/product_cat?post=19964"},{"taxonomy":"product_tag","embeddable":true,"href":"https:\/\/www.aguilamuebles.cl\/tienda\/wp-json\/wp\/v2\/product_tag?post=19964"}],"curies":[{"name":"wp","href":"https:\/\/api.w.org\/{rel}","templated":true}]}}