{"id":19970,"date":"2022-06-09T11:49:06","date_gmt":"2022-06-09T15:49:06","guid":{"rendered":"https:\/\/www.aguilamuebles.cl\/tienda\/?post_type=product&#038;p=19970"},"modified":"2022-07-26T18:28:50","modified_gmt":"2022-07-26T22:28:50","slug":"sofa-2-plazas-callisburg-ashley-3900135","status":"publish","type":"product","link":"https:\/\/www.aguilamuebles.cl\/tienda\/product\/sofa-2-plazas-callisburg-ashley-3900135\/","title":{"rendered":"Sof\u00e1 2 Plazas Callisburg Ashley 3900135"},"content":{"rendered":"<div class=\"col-xs-12 col-sm-8 col-md-8\">\n<h5>DETALLES<\/h5>\n<p>Ya sea que est\u00e9 dise\u00f1ando un espacio fresco y contempor\u00e1neo o creando un ambiente de casa de campo moderno, c\u00e1lido y acogedor, no puede negarlo: este Sof\u00e1 de 2 Cuerpos hace que quedarse en casa por la noche sea tan tentador.\u00a0Atrevido a ser diferente, este Sof\u00e1 de 2 Cuerpos de dise\u00f1ador cautiva con los brazos de riel redondeados colocados en \u00e1ngulo para un estilo vanguardista.\u00a0La tela similar al lino de tejido plano en un tono neutro fresco seguramente animar\u00e1 su espacio.\u00a0Los cojines de asiento reversibles le dan a este Sof\u00e1 de 2 Cuerpos mucho m\u00e1s poder de permanencia.<\/p>\n<div class=\"bulletPoint\">\n<ul>\n<li>Marco bloqueado en las esquinas<\/li>\n<li>Respaldo adjunto y cojines de asiento reversibles<\/li>\n<li>Cojines de espuma de alta resiliencia envueltos en fibra de poli\u00e9ster gruesa<\/li>\n<li>Tapicer\u00eda de poli\u00e9ster<\/li>\n<li>Cojines incluidos<\/li>\n<li>Almohadas con polyfill suave<\/li>\n<li>Pies c\u00f3nicos expuestos<\/li>\n<li>El sistema de cimentaci\u00f3n de la plataforma resiste la flacidez 3 veces mejor que el sistema de resorte despu\u00e9s de 20\u00a0000 ciclos de prueba al proporcionar un soporte m\u00e1s uniforme<\/li>\n<li>La base de plataforma suave mantiene un aspecto apretado y sin arrugas sin ca\u00eddas ni hundimientos que pueden ocurrir con el tiempo con bases de resorte sinuosas.<\/li>\n<\/ul>\n<\/div>\n<\/div>\n<div class=\"col-xs-12 col-sm-4 col-md-4 dimensionCustom\">\n<h5><b>DIMENSIONES<\/b><\/h5>\n<ul class=\"dimCustomCls\">\n<li>Sof\u00e1 de 2 cuerpos\u00a0Ancho: 170.18 cm<\/li>\n<li>Sof\u00e1 de 2 cuerpos\u00a0Profundidad: 101.60 cm<\/li>\n<li>Sof\u00e1 de 2 cuerpos\u00a0Alto: 101.60 cm<\/li>\n<\/ul>\n<\/div>\n<p>&nbsp;<\/p>\n<h5><\/h5>\n<h5><b>GARANT\u00cdA LEGAL<\/b><\/h5>\n<p>Los productos poseen una garant\u00eda de 3 meses establecida por la Ley 19.496 Sobre Protecci\u00f3n de los Derechos de Los Consumidores, contados desde la fecha de recepci\u00f3n del producto, en caso de fallas o deficiencias que afecten el uso al cual est\u00e1 destinado el producto. De acuerdo con la ley de protecci\u00f3n al consumidor, en caso de falla del producto tiene el derecho a elegir entre las siguientes opciones:<\/p>\n<ol type=\"I\">\n<li>Reparaci\u00f3n gratuita del producto.<\/li>\n<li>Reposici\u00f3n o cambio.<\/li>\n<li>La devoluci\u00f3n del dinero pagado.<\/li>\n<\/ol>\n<p>Para ejercer este derecho, se deben determinar preliminarmente las causas de falla del producto. No podr\u00e1 ejercer este derecho cuando el deterioro sea imputable al cliente por su mal uso .<\/p>\n<h5><span style=\"color: #ff0000;\">Precio publicado para Zona Franca, A OTRAS REGIONES SE APLICAN COSTOS EXTRAS : IVA(19%), Impuesto ad valorem(6%), generaci\u00f3n de DIN y honorarios de Agencia de aduana.<\/span><\/h5>\n<p>Inf\u00f3rmese en Manual de Zona Franca p\u00e1gina 22.<\/p>\n<p><span style=\"color: #ff0000;\"><b><em>El stock disponible de nuestro producto puede variar, por favor cont\u00e1ctenos para saber m\u00e1s a cerca de la disponibilidad de este producto \u00f3 escr\u00edbenos a nuestro <span style=\"color: #ff6600;\">\u00a0<\/span><a style=\"color: #ff0000;\" href=\"https:\/\/wa.me\/56997056557\"><span style=\"color: #ff6600;\">Whatsapp<\/span><\/a>.<\/em><\/b><\/span><\/p>\n","protected":false},"excerpt":{"rendered":"<div class=\"woocommerce-product-details__short-description\">\n<h5><span style=\"color: #ff0000;\">AL RESTO DEL PA\u00cdS $1.069.348<\/span><\/h5>\n<h5><b><em>El stock disponible de nuestro producto puede variar, por favor cont\u00e1ctenos para saber m\u00e1s a cerca de la disponibilidad de este producto \u00f3 escr\u00edbenos a nuestro \u00a0<span style=\"color: #ff0000;\"><a style=\"color: #ff0000;\" href=\"https:\/\/wa.me\/56997056557\">Whatsapp<\/a>.<\/span><\/em><\/b><\/h5>\n<\/div>\n<p class=\"stock available-on-backorder\">Disponible para Entrega Inmediata.<\/p>\n<h5><span style=\"color: #ff0000;\">Entrega a domicilio<\/span><\/h5>\n<p>Este servicio se cobra por aparte. Tambi\u00e9n puede retirar en nuestra Tienda, ubicado en Manzana E sitio 48E &#8211; Barrio Industrial (diagonal a la puerta 4 de Zofri).<\/p>\n<p>Horario de atenci\u00f3n de lunes a viernes.<br \/>\nDe 8:30 a 14HRS y De 15 a 18:30HRS<\/p>\n<div class=\"shareThis\"><span class=\"socLeft\"><a><img decoding=\"async\" src=\"https:\/\/intlhomestore.com\/layout\/one_1920\/images\/cst-Facebook.png\" alt=\"\" \/><\/a><img decoding=\"async\" class=\"\" src=\"https:\/\/intlhomestore.com\/layout\/one_1920\/images\/cst-email.png\" alt=\"\" \/><\/span><\/div>\n","protected":false},"featured_media":19976,"comment_status":"open","ping_status":"closed","template":"","meta":[],"product_brand":[],"product_cat":[63,83],"product_tag":[],"class_list":{"0":"post-19970","1":"product","2":"type-product","3":"status-publish","4":"has-post-thumbnail","6":"product_cat-living","7":"product_cat-sofa","9":"first","10":"instock","11":"sale","12":"taxable","13":"shipping-taxable","14":"purchasable","15":"product-type-simple"},"_links":{"self":[{"href":"https:\/\/www.aguilamuebles.cl\/tienda\/wp-json\/wp\/v2\/product\/19970","targetHints":{"allow":["GET"]}}],"collection":[{"href":"https:\/\/www.aguilamuebles.cl\/tienda\/wp-json\/wp\/v2\/product"}],"about":[{"href":"https:\/\/www.aguilamuebles.cl\/tienda\/wp-json\/wp\/v2\/types\/product"}],"replies":[{"embeddable":true,"href":"https:\/\/www.aguilamuebles.cl\/tienda\/wp-json\/wp\/v2\/comments?post=19970"}],"wp:featuredmedia":[{"embeddable":true,"href":"https:\/\/www.aguilamuebles.cl\/tienda\/wp-json\/wp\/v2\/media\/19976"}],"wp:attachment":[{"href":"https:\/\/www.aguilamuebles.cl\/tienda\/wp-json\/wp\/v2\/media?parent=19970"}],"wp:term":[{"taxonomy":"product_brand","embeddable":true,"href":"https:\/\/www.aguilamuebles.cl\/tienda\/wp-json\/wp\/v2\/product_brand?post=19970"},{"taxonomy":"product_cat","embeddable":true,"href":"https:\/\/www.aguilamuebles.cl\/tienda\/wp-json\/wp\/v2\/product_cat?post=19970"},{"taxonomy":"product_tag","embeddable":true,"href":"https:\/\/www.aguilamuebles.cl\/tienda\/wp-json\/wp\/v2\/product_tag?post=19970"}],"curies":[{"name":"wp","href":"https:\/\/api.w.org\/{rel}","templated":true}]}}