{"id":20544,"date":"2022-06-30T18:20:02","date_gmt":"2022-06-30T22:20:02","guid":{"rendered":"https:\/\/www.aguilamuebles.cl\/tienda\/?post_type=product&#038;p=20544"},"modified":"2023-03-29T16:29:28","modified_gmt":"2023-03-29T20:29:28","slug":"sillon-reclinable-mecedor-manual-bladen-de-ashley-1200025","status":"publish","type":"product","link":"https:\/\/www.aguilamuebles.cl\/tienda\/product\/sillon-reclinable-mecedor-manual-bladen-de-ashley-1200025\/","title":{"rendered":"Sill\u00f3n Reclinable Mecedor Manual Bladen De Ashley 1200025"},"content":{"rendered":"<div class=\"detail-cols detail-column-left\">\n<div>\n<h3 class=\"tab-header3\">Descripci\u00f3n<\/h3>\n<p>Si te encanta el aspecto fresco del cuero pero anhelas la sensaci\u00f3n c\u00e1lida de la tela, encontrar\u00e1s que el sill\u00f3n reclinable mecedor Bladen se ajusta maravillosamente a tus necesidades.\u00a0Tenga la seguridad de que la tapicer\u00eda de texturas multicolores es rica en car\u00e1cter e inter\u00e9s, mientras que los cojines mullidos combinan comodidad y apoyo con un dise\u00f1o de gran estilo.<\/p>\n<\/div>\n<ul class=\"detail-row\">\n<li>Suave movimiento de balanceo<\/li>\n<li>Movimiento reclinable de leng\u00fceta<\/li>\n<li>Marco de esquinas bloqueadas con asiento reforzado con metal<\/li>\n<li>Cojines de respaldo y asiento adjuntos<\/li>\n<li>Cojines de espuma de alta resiliencia envueltos en fibra de poli\u00e9ster gruesa<\/li>\n<li>Tapicer\u00eda de poli\u00e9ster\/poliuretano<\/li>\n<li>Excluido de descuentos promocionales y cupones<\/li>\n<\/ul>\n<div class=\"detail-row\">\n<h3 class=\"tab-header3\">Detalles de la tela<\/h3>\n<ul>\n<li>Cuerpo: POLIESTER (95)%,PU (5)%<\/li>\n<\/ul>\n<\/div>\n<div class=\"detail-row\">\n<h3 class=\"tab-header3\">Peso<\/h3>\n<p>52,47 kg.<\/p>\n<\/div>\n<\/div>\n<div class=\"detail-cols detail-column-right\">\n<div class=\"detail-row detail-row-dimensions\">\n<h3 class=\"tab-header3\">Dimensiones<\/h3>\n<div class=\"dimension-image\"><img decoding=\"async\" src=\"https:\/\/ashleyfurniture.scene7.com\/is\/image\/AshleyFurniture\/1200025-Bladen-DIM?$AFHS-Grid-1X$\" alt=\"Sill\u00f3n reclinable Bladen, caf\u00e9, grande\" \/><\/div>\n<ul>\n<li>Ancho: 107 cm<\/li>\n<li>Profundidad: 102 cm<\/li>\n<li>Altura: 102 cm<\/li>\n<\/ul>\n<\/div>\n<div class=\"detail-row\">\n<h3 class=\"tab-header3\">Dimensiones adicionales<\/h3>\n<ul>\n<li>Altura del reposapi\u00e9s reclinado: 54 cm<\/li>\n<li>Altura del asiento: 253 cm<\/li>\n<li>Distancia entre brazos: 49 cm<\/li>\n<li>Largo completamente reclinado: 176 cm<\/li>\n<li>Profundidad del asiento: 51 cm<\/li>\n<li>Distancia entre el sill\u00f3n reclinable y la pared: 30 cm<\/li>\n<li>Ancho m\u00ednimo de entrada para entrega: 82 cn<\/li>\n<li>Altura del brazo: 66 cm<\/li>\n<li>Parte superior del coj\u00edn a la parte superior del respaldo: 51 cm<\/li>\n<\/ul>\n<\/div>\n<\/div>\n<p>&nbsp;<\/p>\n<p>&nbsp;<\/p>\n<p>&nbsp;<\/p>\n<h5><b>GARANT\u00cdA LEGAL<\/b><\/h5>\n<p>Los productos poseen una garant\u00eda de 3 meses establecida por la Ley 19.496 Sobre Protecci\u00f3n de los Derechos de Los Consumidores, contados desde la fecha de recepci\u00f3n del producto, en caso de fallas o deficiencias que afecten el uso al cual est\u00e1 destinado el producto. De acuerdo con la ley de protecci\u00f3n al consumidor, en caso de falla del producto tiene el derecho a elegir entre las siguientes opciones:<\/p>\n<ol type=\"I\">\n<li>Reparaci\u00f3n gratuita del producto.<\/li>\n<li>Reposici\u00f3n o cambio.<\/li>\n<li>La devoluci\u00f3n del dinero pagado.<\/li>\n<\/ol>\n<p>Para ejercer este derecho, se deben determinar preliminarmente las causas de falla del producto. No podr\u00e1 ejercer este derecho cuando el deterioro sea imputable al cliente por su mal uso .<\/p>\n<h5><span style=\"color: #ff0000;\">Precio publicado para Zona Franca, A OTRAS REGIONES SE APLICAN COSTOS EXTRAS : IVA(19%), Impuesto ad valorem(6%), generaci\u00f3n de DIN y honorarios de Agencia de aduana.<\/span><\/h5>\n<p>Inf\u00f3rmese en Manual de Zona Franca p\u00e1gina 22.<\/p>\n<p><span style=\"color: #ff0000;\"><b><em>El stock disponible de nuestro producto puede variar, por favor cont\u00e1ctenos para saber m\u00e1s a cerca de la disponibilidad de este producto \u00f3 escr\u00edbenos a nuestro \u00a0<a style=\"color: #ff0000;\" href=\"https:\/\/wa.me\/56997056557\">Whatsapp<\/a>.<\/em><\/b><\/span><\/p>\n","protected":false},"excerpt":{"rendered":"<div class=\"woocommerce-product-details__short-description\">\n<h5><span style=\"color: #ff0000;\">AL RESTO DEL PA\u00cdS $615.244<\/span><\/h5>\n<h5><span style=\"color: #ff0000;\"><b><em>El stock disponible de nuestro producto puede variar, por favor cont\u00e1ctenos para saber m\u00e1s a cerca de la disponibilidad de este producto \u00f3 escr\u00edbenos a nuestro \u00a0<a style=\"color: #ff0000;\" href=\"https:\/\/wa.me\/56997056557\">Whatsapp<\/a>.<\/em><\/b><\/span><\/h5>\n<\/div>\n<p class=\"stock available-on-backorder\"><span style=\"color: #ff0000;\">Disponible para Entrega Inmediata.<\/span><\/p>\n<h5><span style=\"color: #ff0000;\">Entrega a domicilio<\/span><\/h5>\n<p><span style=\"color: #ff0000;\">Este servicio se cobra por aparte. Tambi\u00e9n puede retirar en nuestra Tienda, ubicado en Manzana E sitio 48E \u2013 Barrio Industrial (diagonal a la puerta 4 de Zofri).<\/span><\/p>\n<p><span style=\"color: #ff0000;\">Horario de atenci\u00f3n de lunes a viernes.<\/span><br \/>\n<span style=\"color: #ff0000;\">De 9 a 14HRS y De 15 a 19HRS<\/span><\/p>\n<div class=\"shareThis\"><span class=\"socLeft\"><span style=\"color: #ff0000;\"><a style=\"color: #ff0000;\"><img decoding=\"async\" src=\"https:\/\/intlhomestore.com\/layout\/one_1920\/images\/cst-Facebook.png\" alt=\"\" \/><\/a><\/span><img decoding=\"async\" class=\"\" src=\"https:\/\/intlhomestore.com\/layout\/one_1920\/images\/cst-email.png\" alt=\"\" \/><\/span><\/div>\n","protected":false},"featured_media":20545,"comment_status":"open","ping_status":"closed","template":"","meta":[],"product_brand":[],"product_cat":[137,66,83],"product_tag":[],"class_list":{"0":"post-20544","1":"product","2":"type-product","3":"status-publish","4":"has-post-thumbnail","6":"product_cat-berger","7":"product_cat-sala-de-estar","8":"product_cat-sofa","10":"first","11":"instock","12":"sale","13":"taxable","14":"shipping-taxable","15":"purchasable","16":"product-type-simple"},"_links":{"self":[{"href":"https:\/\/www.aguilamuebles.cl\/tienda\/wp-json\/wp\/v2\/product\/20544","targetHints":{"allow":["GET"]}}],"collection":[{"href":"https:\/\/www.aguilamuebles.cl\/tienda\/wp-json\/wp\/v2\/product"}],"about":[{"href":"https:\/\/www.aguilamuebles.cl\/tienda\/wp-json\/wp\/v2\/types\/product"}],"replies":[{"embeddable":true,"href":"https:\/\/www.aguilamuebles.cl\/tienda\/wp-json\/wp\/v2\/comments?post=20544"}],"wp:featuredmedia":[{"embeddable":true,"href":"https:\/\/www.aguilamuebles.cl\/tienda\/wp-json\/wp\/v2\/media\/20545"}],"wp:attachment":[{"href":"https:\/\/www.aguilamuebles.cl\/tienda\/wp-json\/wp\/v2\/media?parent=20544"}],"wp:term":[{"taxonomy":"product_brand","embeddable":true,"href":"https:\/\/www.aguilamuebles.cl\/tienda\/wp-json\/wp\/v2\/product_brand?post=20544"},{"taxonomy":"product_cat","embeddable":true,"href":"https:\/\/www.aguilamuebles.cl\/tienda\/wp-json\/wp\/v2\/product_cat?post=20544"},{"taxonomy":"product_tag","embeddable":true,"href":"https:\/\/www.aguilamuebles.cl\/tienda\/wp-json\/wp\/v2\/product_tag?post=20544"}],"curies":[{"name":"wp","href":"https:\/\/api.w.org\/{rel}","templated":true}]}}