{"id":22160,"date":"2022-11-02T16:22:55","date_gmt":"2022-11-02T20:22:55","guid":{"rendered":"https:\/\/www.aguilamuebles.cl\/tienda\/?post_type=product&#038;p=22160"},"modified":"2025-08-14T11:25:53","modified_gmt":"2025-08-14T15:25:53","slug":"escritorio-electrico-altura-regulable-para-oficina-y-hogar-hf-fa002","status":"publish","type":"product","link":"https:\/\/www.aguilamuebles.cl\/tienda\/product\/escritorio-electrico-altura-regulable-para-oficina-y-hogar-hf-fa002\/","title":{"rendered":"Escritorio Electrico Altura Regulable para oficina y hogar HF-FA002"},"content":{"rendered":"<div>\n<div>\n<h3>Detalles<\/h3>\n<\/div>\n<p>El Escritorio modelo HF-FA002 es el mueble que no puede faltar en tu hogar y\/u oficina. De estilo moderno, este mueble optimo te ser\u00e1 de gran utilidad a la hora de estudiar, hacer tareas o trabajar frente a un computador, sus bordes y esquinas suavemente redondeados evita lesiones accidentales y roces incomodos. Adem\u00e1s, gracias a la simpleza de su dise\u00f1o, podr\u00e1s combinarlo con otros muebles de madera, tales como esquineros, estantes y repisas.<\/p>\n<p>Estar sentado durante mucho tiempo te puede causar mente aturdido, hombros apretados, columna vertebral pierde su elasticidad, da\u00f1o en disco intervertebral, rigidez en la articulaci\u00f3n de la cadera y v\u00e1rices en las piernas y pies. Con este escritorio altura regulable puedes seguir en lo que haces estando parado, este movimiento te aliviara la tension del hombro, espalda y el cuello, ayuda la circulacion de sangre en todo el cuerpo y evita la fatiga para que sigues dando lo mejor de ti!<\/p>\n<ul>\n<li>Medidas de 150 cm ancho x 150 profundidad x 120~168cm<\/li>\n<li>Llega a su altura m\u00e1xima\/m\u00ednima en 12 segundos solo pulsando el bot\u00f3n.<\/li>\n<li>Electricidad Input: 100-240V~50\/60Hz 1.5A<\/li>\n<li>Electricidad Output: 29.0V===1.8A \u00a052.2W<\/li>\n<li>Producto se entrega desarmado, armado facil, incluye herramientas.<\/li>\n<\/ul>\n<div>\n<h3>Material<\/h3>\n<\/div>\n<ul>\n<li>Estructura en Metal<\/li>\n<li>Escritorio en Trupan Melaminado<\/li>\n<li>Caja1\u00a0 160cm x 80cm x 8cm 18kg<\/li>\n<li>Caja2\u00a0 160cm x 80cm x 9cm 20kg<\/li>\n<li>Caja3\u00a0 90.5cm x 34cm x 17.5cm 24kg<\/li>\n<li>Caja4\u00a0 90.5cm x 34cm x 17.5cm 36kg<\/li>\n<\/ul>\n<h3>Garant\u00eda<\/h3>\n<ul>\n<li>La garant\u00eda solo cubre fallas de fabricaci\u00f3n.<\/li>\n<\/ul>\n<h3>Devoluciones<\/h3>\n<ul>\n<li>El cliente puede devolver un producto siempre y cuando est\u00e9 en su embalaje original sin haber sido abierto, enti\u00e9ndase sin uso y sin da\u00f1os en sus piezas.<\/li>\n<li>La devoluci\u00f3n se acepta dentro de los 10 d\u00edas corridos desde la fecha de emisi\u00f3n de la boleta o factura<\/li>\n<li>El costo del flete de la devoluci\u00f3n lo asume el cliente.<\/li>\n<\/ul>\n<\/div>\n<p><span style=\"color: #ff0000;\">IMPORTANTE! Hacemos env\u00edo a regiones<\/span><br \/>\nEl costo de flete lo cancela al recibir su compra.<br \/>\nEnv\u00edos a trav\u00e9s de Starken y Pullman cargo. Costo por cancelar en destino.<\/p>\n","protected":false},"excerpt":{"rendered":"<h5><span style=\"color: #ff0000;\">Precio publicado de Zona Franca, AL RESTO DEL PA\u00cdS $664.439<\/span><\/h5>\n<div class=\"woocommerce-product-details__short-description\">\n<p><span style=\"color: #ff0000;\"><b><em>El stock disponible de nuestro producto puede variar, por favor cont\u00e1ctenos para saber m\u00e1s a cerca de la disponibilidad de este producto \u00f3 escr\u00edbenos a nuestro \u00a0<a style=\"color: #ff0000;\" href=\"https:\/\/wa.me\/56997056557\">Whatsapp<\/a>.<\/em><\/b><\/span><\/p>\n<\/div>\n<p class=\"stock available-on-backorder\"><span style=\"color: #ff0000;\">Disponible para Entrega Inmediata.<\/span><\/p>\n<h5><span style=\"color: #ff0000;\">Entrega a domicilio, Este servicio se cobra por aparte.<\/span><\/h5>\n<p><span style=\"color: #ff0000;\">Tambi\u00e9n puede retirar en nuestra Tienda, ubicado en Manzana E sitio 48E \u2013 Barrio Industrial (diagonal a la puerta 4 de Zofri).<\/span><\/p>\n<p>Horario de atenci\u00f3n de lunes a viernes.<br \/>\nDe 8:30 a 14HRS y De 15 a 18:30HRS<\/p>\n","protected":false},"featured_media":22161,"comment_status":"open","ping_status":"closed","template":"","meta":[],"product_brand":[],"product_cat":[65],"product_tag":[],"class_list":{"0":"post-22160","1":"product","2":"type-product","3":"status-publish","4":"has-post-thumbnail","6":"product_cat-oficina","8":"first","9":"instock","10":"sale","11":"taxable","12":"shipping-taxable","13":"purchasable","14":"product-type-simple"},"_links":{"self":[{"href":"https:\/\/www.aguilamuebles.cl\/tienda\/wp-json\/wp\/v2\/product\/22160","targetHints":{"allow":["GET"]}}],"collection":[{"href":"https:\/\/www.aguilamuebles.cl\/tienda\/wp-json\/wp\/v2\/product"}],"about":[{"href":"https:\/\/www.aguilamuebles.cl\/tienda\/wp-json\/wp\/v2\/types\/product"}],"replies":[{"embeddable":true,"href":"https:\/\/www.aguilamuebles.cl\/tienda\/wp-json\/wp\/v2\/comments?post=22160"}],"wp:featuredmedia":[{"embeddable":true,"href":"https:\/\/www.aguilamuebles.cl\/tienda\/wp-json\/wp\/v2\/media\/22161"}],"wp:attachment":[{"href":"https:\/\/www.aguilamuebles.cl\/tienda\/wp-json\/wp\/v2\/media?parent=22160"}],"wp:term":[{"taxonomy":"product_brand","embeddable":true,"href":"https:\/\/www.aguilamuebles.cl\/tienda\/wp-json\/wp\/v2\/product_brand?post=22160"},{"taxonomy":"product_cat","embeddable":true,"href":"https:\/\/www.aguilamuebles.cl\/tienda\/wp-json\/wp\/v2\/product_cat?post=22160"},{"taxonomy":"product_tag","embeddable":true,"href":"https:\/\/www.aguilamuebles.cl\/tienda\/wp-json\/wp\/v2\/product_tag?post=22160"}],"curies":[{"name":"wp","href":"https:\/\/api.w.org\/{rel}","templated":true}]}}