{"id":28733,"date":"2023-07-04T10:35:57","date_gmt":"2023-07-04T14:35:57","guid":{"rendered":"https:\/\/www.aguilamuebles.cl\/tienda\/?post_type=product&#038;p=28733"},"modified":"2025-09-01T16:36:39","modified_gmt":"2025-09-01T20:36:39","slug":"escritorio-en-l-para-oficina-y-hogar-web-bg123-140","status":"publish","type":"product","link":"https:\/\/www.aguilamuebles.cl\/tienda\/product\/escritorio-en-l-para-oficina-y-hogar-web-bg123-140\/","title":{"rendered":"Escritorio en L para oficina y hogar WEB-BG123-140"},"content":{"rendered":"<div>\n<h3>Detalles<\/h3>\n<\/div>\n<p>\u00a1Obt\u00e9n la m\u00e1xima comodidad y funcionalidad para tu hogar y oficina con nuestro escritorio! Este escritorio es la elecci\u00f3n perfecta para cualquier espacio de trabajo, ya sea que lo necesites en tu hogar o en tu oficina. Con amplio espacio de trabajo y almacenamiento incorporado, puedes mantener todo organizado y a mano mientras trabajas. El dise\u00f1o moderno y elegante lo hace ideal para cualquier decoraci\u00f3n, y la construcci\u00f3n de alta calidad lo hace resistente y duradero para uso diario. Este escritorio es lo suficientemente vers\u00e1til como para adaptarse a cualquier ambiente de trabajo, desde una oficina de negocios hasta un espacio de trabajo en casa. Con una combinaci\u00f3n perfecta de estilo y funcionalidad, nuestro escritorio es la opci\u00f3n ideal para mejorar tu espacio de trabajo. \u00a1Consigue la comodidad y el estilo que necesitas con nuestro escritorio hoy mismo!<\/p>\n<ul>\n<li>Producto se entrega desarmado, armado facil, incluye herramientas.<\/li>\n<\/ul>\n<h3 class=\"tab-header3\">Dimensiones Escritorio.<\/h3>\n<ul>\n<li style=\"list-style-type: none;\">\n<ul class=\"qs-specs col-100 tm-border-grey-2 border-top-0 col-100 \">\n<li class=\"tm-table-fixed p-mobile-0 noliststyle \"><span class=\"font-12 col-50 p-mobile-2 wl-word-break tm-tcell-top ntxt\">Profundidad<\/span><span class=\"font-12 col-50 p-mobile-2 wl-word-break tm-tcell-top\">: 1.40 cm<\/span><\/li>\n<li class=\"tm-table-fixed p-mobile-0 noliststyle \"><span class=\"font-12 col-50 p-mobile-2 wl-word-break tm-tcell-top ntxt\">Ancho<\/span><span class=\"font-12 col-50 p-mobile-2 wl-word-break tm-tcell-top\">: 60 cm<\/span><\/li>\n<li class=\"tm-table-fixed p-mobile-0 noliststyle \"><span class=\"font-12 col-50 p-mobile-2 wl-word-break tm-tcell-top ntxt\">Altura<\/span><span class=\"font-12 col-50 p-mobile-2 wl-word-break tm-tcell-top\">: 74.3 cm<\/span><\/li>\n<\/ul>\n<\/li>\n<\/ul>\n<h3 class=\"tab-header3\">Dimensiones Estante.<\/h3>\n<ul>\n<li style=\"list-style-type: none;\">\n<ul class=\"qs-specs col-100 tm-border-grey-2 border-top-0 col-100 \">\n<li class=\"tm-table-fixed p-mobile-0 noliststyle \"><span class=\"font-12 col-50 p-mobile-2 wl-word-break tm-tcell-top ntxt\">Profundidad<\/span><span class=\"font-12 col-50 p-mobile-2 wl-word-break tm-tcell-top\">: 1.20 cm<\/span><\/li>\n<li class=\"tm-table-fixed p-mobile-0 noliststyle \"><span class=\"font-12 col-50 p-mobile-2 wl-word-break tm-tcell-top ntxt\">Ancho<\/span><span class=\"font-12 col-50 p-mobile-2 wl-word-break tm-tcell-top\">: 40 cm<\/span><\/li>\n<li class=\"tm-table-fixed p-mobile-0 noliststyle \"><span class=\"font-12 col-50 p-mobile-2 wl-word-break tm-tcell-top ntxt\">Altura<\/span><span class=\"font-12 col-50 p-mobile-2 wl-word-break tm-tcell-top\">: 63 cm<\/span><\/li>\n<\/ul>\n<\/li>\n<\/ul>\n<div>\n<h3>Material<\/h3>\n<\/div>\n<ul>\n<li>Estructura en Metal<\/li>\n<li>Escritorio en Trupan Melaminad<\/li>\n<li>Caja1 : 150cm x 71.5cm x 16cm 52.5kg<\/li>\n<\/ul>\n<h5><\/h5>\n<h5><span style=\"color: #ff0000;\"><b>GARANT\u00cdA LEGAL<\/b><\/span><\/h5>\n<p><span style=\"color: #ff0000;\">Los productos poseen una garant\u00eda de 3 meses establecida por la Ley 19.496 Sobre Protecci\u00f3n de los Derechos de Los Consumidores, contados desde la fecha de recepci\u00f3n del producto, en caso de fallas o deficiencias que afecten el uso al cual est\u00e1 destinado el producto. De acuerdo con la ley de protecci\u00f3n al consumidor, en caso de falla del producto tiene el derecho a elegir entre las siguientes opciones:<\/span><\/p>\n<ol type=\"I\">\n<li><span style=\"color: #ff0000;\">Reparaci\u00f3n gratuita del producto.<\/span><\/li>\n<li><span style=\"color: #ff0000;\">Reposici\u00f3n o cambio.<\/span><\/li>\n<li><span style=\"color: #ff0000;\">La devoluci\u00f3n del dinero pagado.<\/span><\/li>\n<\/ol>\n<p><span style=\"color: #ff0000;\">Para ejercer este derecho, se deben determinar preliminarmente las causas de falla del producto. No podr\u00e1 ejercer este derecho cuando el deterioro sea imputable al cliente por su mal uso .<\/span><\/p>\n<h5><span style=\"color: #ff0000;\">Precio publicado para Zona Franca, A OTRAS REGIONES SE APLICAN COSTOS EXTRAS : IVA(19%), Impuesto ad valorem(6%), generaci\u00f3n de DIN y honorarios de Agencia de aduana.<\/span><\/h5>\n<p><span style=\"color: #ff0000;\">Inf\u00f3rmese en Manual de Zona Franca p\u00e1gina 22.<\/span><\/p>\n<p><span style=\"color: #ff0000;\"><b><em>El stock disponible de nuestro producto puede variar, por favor cont\u00e1ctenos para saber m\u00e1s a cerca de la disponibilidad de este producto \u00f3 escr\u00edbenos a nuestro \u00a0<a style=\"color: #ff0000;\" href=\"https:\/\/wa.me\/56997056557\">Whatsapp<\/a>.<\/em><\/b><\/span><\/p>\n","protected":false},"excerpt":{"rendered":"<h5><span style=\"color: #ff0000;\">AL RESTO DEL PA\u00cdS $224.197<\/span><\/h5>\n<div class=\"woocommerce-product-details__short-description\">\n<h5><span style=\"color: #ff0000;\"><b><em>El stock disponible de nuestro producto puede variar, por favor cont\u00e1ctenos para saber m\u00e1s a cerca de la disponibilidad de este producto \u00f3 escr\u00edbenos a nuestro \u00a0<a style=\"color: #ff0000;\" href=\"https:\/\/wa.me\/56997056557\">Whatsapp<\/a>.<\/em><\/b><\/span><\/h5>\n<\/div>\n<p class=\"stock available-on-backorder\"><span style=\"color: #ff0000;\">Disponible para Entrega Inmediata.<\/span><\/p>\n<h5><span style=\"color: #ff0000;\">Entrega a domicilio<\/span><\/h5>\n<p><span style=\"color: #ff0000;\">Este servicio se cobra por aparte. Tambi\u00e9n puede retirar en nuestra Tienda, ubicado en Manzana E sitio 48E \u2013 Barrio Industrial (diagonal a la puerta 4 de Zofri).<\/span><\/p>\n<p><span style=\"color: #ff0000;\">Horario de atenci\u00f3n de lunes a viernes.<\/span><br \/>\n<span style=\"color: #ff0000;\">De 8:30 a 14HRS y De 15 a 18:30HRS<\/span><\/p>\n<div class=\"shareThis\"><span class=\"socLeft\" style=\"color: #ff0000;\"><a style=\"color: #ff0000;\"><img decoding=\"async\" src=\"https:\/\/intlhomestore.com\/layout\/one_1920\/images\/cst-Facebook.png\" alt=\"\" \/>@Aguilamuebles.cl<\/a><\/span><\/div>\n<div class=\"shareThis\"><span class=\"socLeft\" style=\"color: #ff0000;\"><img decoding=\"async\" class=\"\" src=\"https:\/\/intlhomestore.com\/layout\/one_1920\/images\/cst-email.png\" alt=\"\" \/>vetas1@ooook.com<\/span><\/div>\n","protected":false},"featured_media":28734,"comment_status":"open","ping_status":"closed","template":"","meta":[],"product_brand":[],"product_cat":[86,138,65,87],"product_tag":[],"class_list":{"0":"post-28733","1":"product","2":"type-product","3":"status-publish","4":"has-post-thumbnail","6":"product_cat-escritorios","7":"product_cat-mesa-de-computador","8":"product_cat-oficina","9":"product_cat-tipo-l","11":"first","12":"outofstock","13":"sale","14":"taxable","15":"shipping-taxable","16":"purchasable","17":"product-type-simple"},"_links":{"self":[{"href":"https:\/\/www.aguilamuebles.cl\/tienda\/wp-json\/wp\/v2\/product\/28733","targetHints":{"allow":["GET"]}}],"collection":[{"href":"https:\/\/www.aguilamuebles.cl\/tienda\/wp-json\/wp\/v2\/product"}],"about":[{"href":"https:\/\/www.aguilamuebles.cl\/tienda\/wp-json\/wp\/v2\/types\/product"}],"replies":[{"embeddable":true,"href":"https:\/\/www.aguilamuebles.cl\/tienda\/wp-json\/wp\/v2\/comments?post=28733"}],"wp:featuredmedia":[{"embeddable":true,"href":"https:\/\/www.aguilamuebles.cl\/tienda\/wp-json\/wp\/v2\/media\/28734"}],"wp:attachment":[{"href":"https:\/\/www.aguilamuebles.cl\/tienda\/wp-json\/wp\/v2\/media?parent=28733"}],"wp:term":[{"taxonomy":"product_brand","embeddable":true,"href":"https:\/\/www.aguilamuebles.cl\/tienda\/wp-json\/wp\/v2\/product_brand?post=28733"},{"taxonomy":"product_cat","embeddable":true,"href":"https:\/\/www.aguilamuebles.cl\/tienda\/wp-json\/wp\/v2\/product_cat?post=28733"},{"taxonomy":"product_tag","embeddable":true,"href":"https:\/\/www.aguilamuebles.cl\/tienda\/wp-json\/wp\/v2\/product_tag?post=28733"}],"curies":[{"name":"wp","href":"https:\/\/api.w.org\/{rel}","templated":true}]}}