{"id":28748,"date":"2023-06-27T17:14:14","date_gmt":"2023-06-27T21:14:14","guid":{"rendered":"https:\/\/www.aguilamuebles.cl\/tienda\/?post_type=product&#038;p=28748"},"modified":"2023-06-27T17:14:25","modified_gmt":"2023-06-27T21:14:25","slug":"mesa-de-centro-modelo-industrialweb-s2224","status":"publish","type":"product","link":"https:\/\/www.aguilamuebles.cl\/tienda\/product\/mesa-de-centro-modelo-industrialweb-s2224\/","title":{"rendered":"Mesa De Centro modelo industrialWEB-S2224"},"content":{"rendered":"<h3>Detalles<\/h3>\n<p>Presentamos la mesa ovalada de dos niveles con estructura de metal dorado, una pieza de alta calidad que ofrece una est\u00e9tica elegante y sofisticada para su hogar. Con una atractiva pintura dorada en su estructura de metal, esta mesa es no solo visualmente atractiva, sino tambi\u00e9n duradera y resistente. La forma ovalada \u00fanica de la mesa y sus dos niveles planos proporcionan un amplio espacio para organizar sus art\u00edculos, mientras que la estructura de metal protege los bordes para evitar que los objetos se caigan. Esta mesa ovalada es perfecta para la sala de estar, el dormitorio o cualquier otra habitaci\u00f3n de su hogar donde desee a\u00f1adir un toque de glamour. Su estilo moderno y sofisticado se adapta a cualquier decoraci\u00f3n y a\u00f1ade un toque de elegancia y funcionalidad. No pierda la oportunidad de adquirir esta mesa ovalada de dos niveles con estructura de metal dorado y disfrutar de la belleza y funcionalidad que aporta a su hogar.<\/p>\n<ul>\n<li>Medidas: 110 cm ancho x 55 profundidad x 45cm<\/li>\n<li>Producto se entrega desarmado, armado facil, incluye herramientas.<\/li>\n<\/ul>\n<h3>Material<\/h3>\n<ul>\n<li>Tablero de Vidrio Templado<\/li>\n<li>Estructura de Metal<\/li>\n<li>Repisa de Trupan Melaminado<\/li>\n<li>Caja : 120cm x 61cm x 10cm 18kg<\/li>\n<\/ul>\n<h5><b>DIMENSIONES<\/b><\/h5>\n<ul class=\"dimCustomCls\">\n<li>Ancho: 110 cm<\/li>\n<li>Profundidad: 55 cm<\/li>\n<li>Alto: 45 cm<\/li>\n<\/ul>\n<h3><span style=\"color: #ff0000;\">Garant\u00eda<\/span><\/h3>\n<ul>\n<li><span style=\"color: #ff0000;\">La garant\u00eda solo cubre fallas de fabricaci\u00f3n.<\/span><\/li>\n<\/ul>\n<h3><span style=\"color: #ff0000;\">Devoluciones<\/span><\/h3>\n<ul>\n<li><span style=\"color: #ff0000;\">El cliente puede devolver un producto siempre y cuando est\u00e9 en su embalaje original sin haber sido abierto, enti\u00e9ndase sin uso y sin da\u00f1os en sus piezas.<\/span><\/li>\n<li><span style=\"color: #ff0000;\">La devoluci\u00f3n se acepta dentro de los 10 d\u00edas corridos desde la fecha de emisi\u00f3n de la boleta o factura<\/span><\/li>\n<li><span style=\"color: #ff0000;\">El costo del flete de la devoluci\u00f3n lo asume el cliente.<\/span><\/li>\n<\/ul>\n<h5><span style=\"color: #ff0000;\">Precio publicado para Zona Franca, A OTRAS REGIONES SE APLICAN COSTOS EXTRAS : IVA(19%), Impuesto ad valorem(6%), generaci\u00f3n de DIN y honorarios de Agencia de aduana.<\/span><\/h5>\n<p><span style=\"color: #ff0000;\">Inf\u00f3rmese en Manual de Zona Franca p\u00e1gina 22.<\/span><\/p>\n<p><span style=\"color: #ff0000;\"><b><em>El stock disponible de nuestro producto puede variar, por favor cont\u00e1ctenos para saber m\u00e1s a cerca de la disponibilidad de este producto \u00f3 escr\u00edbenos a nuestro \u00a0<a style=\"color: #ff0000;\" href=\"https:\/\/wa.me\/56997056557\">Whatsapp<\/a>.<\/em><\/b><\/span><\/p>\n","protected":false},"excerpt":{"rendered":"<div class=\"woocommerce-product-details__short-description\">\n<h5><span style=\"color: #ff0000;\">AL RESTO DEL PA\u00cdS $118.252<\/span><\/h5>\n<h5><span style=\"color: #ff0000;\"><b><em>El stock disponible de nuestro producto puede variar, por favor cont\u00e1ctenos para saber m\u00e1s a cerca de la disponibilidad de este producto \u00f3 escr\u00edbenos a nuestro \u00a0<a style=\"color: #ff0000;\" href=\"https:\/\/wa.me\/56997056557\">Whatsapp<\/a>.<\/em><\/b><\/span><\/h5>\n<\/div>\n<p class=\"stock available-on-backorder\"><span style=\"color: #ff0000;\">Disponible para Entrega Inmediata.<\/span><\/p>\n<h5><span style=\"color: #ff0000;\">Entrega a domicilio<\/span><\/h5>\n<p><span style=\"color: #ff0000;\">Este servicio se cobra por aparte. Tambi\u00e9n puede retirar en nuestra Tienda, ubicado en Manzana E sitio 48E \u2013 Barrio Industrial (diagonal a la puerta 4 de Zofri).<\/span><\/p>\n<p><span style=\"color: #ff0000;\">Horario de atenci\u00f3n de lunes a viernes.<\/span><br \/>\n<span style=\"color: #ff0000;\">De 9 a 14HRS y De 15 a 18:30HRS<\/span><\/p>\n<div class=\"shareThis\"><span class=\"socLeft\"><span style=\"color: #ff0000;\"><a style=\"color: #ff0000;\"><img decoding=\"async\" src=\"https:\/\/intlhomestore.com\/layout\/one_1920\/images\/cst-Facebook.png\" alt=\"\" \/><\/a><\/span><img decoding=\"async\" class=\"\" src=\"https:\/\/intlhomestore.com\/layout\/one_1920\/images\/cst-email.png\" alt=\"\" \/><\/span><\/div>\n","protected":false},"featured_media":28749,"comment_status":"open","ping_status":"closed","template":"","meta":[],"product_brand":[],"product_cat":[63,85,147,104,146],"product_tag":[],"class_list":{"0":"post-28748","1":"product","2":"type-product","3":"status-publish","4":"has-post-thumbnail","6":"product_cat-living","7":"product_cat-mesa-centro","8":"product_cat-mesa-de-arrimo","9":"product_cat-mesa-lateral","10":"product_cat-mesa-lateral-2","12":"first","13":"instock","14":"sale","15":"taxable","16":"shipping-taxable","17":"purchasable","18":"product-type-simple"},"_links":{"self":[{"href":"https:\/\/www.aguilamuebles.cl\/tienda\/wp-json\/wp\/v2\/product\/28748","targetHints":{"allow":["GET"]}}],"collection":[{"href":"https:\/\/www.aguilamuebles.cl\/tienda\/wp-json\/wp\/v2\/product"}],"about":[{"href":"https:\/\/www.aguilamuebles.cl\/tienda\/wp-json\/wp\/v2\/types\/product"}],"replies":[{"embeddable":true,"href":"https:\/\/www.aguilamuebles.cl\/tienda\/wp-json\/wp\/v2\/comments?post=28748"}],"wp:featuredmedia":[{"embeddable":true,"href":"https:\/\/www.aguilamuebles.cl\/tienda\/wp-json\/wp\/v2\/media\/28749"}],"wp:attachment":[{"href":"https:\/\/www.aguilamuebles.cl\/tienda\/wp-json\/wp\/v2\/media?parent=28748"}],"wp:term":[{"taxonomy":"product_brand","embeddable":true,"href":"https:\/\/www.aguilamuebles.cl\/tienda\/wp-json\/wp\/v2\/product_brand?post=28748"},{"taxonomy":"product_cat","embeddable":true,"href":"https:\/\/www.aguilamuebles.cl\/tienda\/wp-json\/wp\/v2\/product_cat?post=28748"},{"taxonomy":"product_tag","embeddable":true,"href":"https:\/\/www.aguilamuebles.cl\/tienda\/wp-json\/wp\/v2\/product_tag?post=28748"}],"curies":[{"name":"wp","href":"https:\/\/api.w.org\/{rel}","templated":true}]}}