{"id":3104,"date":"2020-04-23T08:57:55","date_gmt":"2020-04-23T12:57:55","guid":{"rendered":"https:\/\/www.aguilamuebles.cl\/tienda\/?post_type=product&#038;p=3104"},"modified":"2024-10-24T15:01:12","modified_gmt":"2024-10-24T19:01:12","slug":"ropero-tipo-closets-de-4-puertas-para-hogar-y-oficina","status":"publish","type":"product","link":"https:\/\/www.aguilamuebles.cl\/tienda\/product\/ropero-tipo-closets-de-4-puertas-para-hogar-y-oficina\/","title":{"rendered":"Ropero tipo Closets de 4 puertas para Hogar y Oficina"},"content":{"rendered":"<h5>Precio publicado de Zona Franca, a otras regiones se aplica IVA.<\/h5>\n<h3>Detalles<\/h3>\n<p>Ropero tipo Closets <span style=\"color: #333333; font-size: 16px;\">de 4 puertas con llave 2 cajonera, dos compartimentos grandes y dos espejo<\/span><\/p>\n<p>CODIGO VB-645<\/p>\n<p>ventas al mayor y al detalle<\/p>\n<p>estamos ubicados en la Manzana E Sitio 48 Zona Franca de Iquique, fr<span class=\"text_exposed_show\">ente a la puerta 4 de la zofri<br \/>\n\u2013<br \/>\nWHATSAPP +56 9 97056557<br \/>\nTEL\u00c9FONO OFICINA +56-57-2391888 \u2013 2391889<br \/>\nNuestros horarios son de<br \/>\nLunes a Viernes<br \/>\n9:00 Am a 2:00 Pm y de 3:00Pm a 7:00Pm<\/span><\/p>\n","protected":false},"excerpt":{"rendered":"<p>Ropero tipo Closets <span style=\"color: #333333; font-size: 16px;\">de 4 puertas con llave 2 cajonera, dos compartimentos grandes y espejo<\/span><\/p>\n<p>CODIGO VB-645<\/p>\n<p>ventas al mayor y al detalle<\/p>\n<p>&nbsp;<\/p>\n<div class=\"woocommerce-product-details__short-description\">\n<p><b><em>El stock disponible de nuestro producto puede variar, por favor cont\u00e1ctenos para saber m\u00e1s a cerca de la disponibilidad de este producto \u00f3 escr\u00edbenos a nuestro <span style=\"color: #ff0000;\">\u00a0<a style=\"color: #ff0000;\" href=\"https:\/\/wa.me\/56997056557\">Whatsapp<\/a>.<\/span><\/em><\/b><\/p>\n<\/div>\n<p class=\"stock available-on-backorder\">Disponible para Entrega Inmediata.<\/p>\n<h5><span style=\"color: #ff0000;\">Entrega a domicilio, Este servicio se cobra por aparte.<\/span><\/h5>\n<p>Tambi\u00e9n puede retirar en nuestra Tienda, ubicado en Manzana E sitio 48E \u2013 Barrio Industrial (diagonal a la puerta 4 de Zofri).<\/p>\n<p>Horario de atenci\u00f3n de lunes a viernes.<br \/>\nDe 9 a 14HRS y De 15 a 19HRS<\/p>\n","protected":false},"featured_media":3105,"comment_status":"open","ping_status":"closed","template":"","meta":[],"product_brand":[],"product_cat":[100,65,101],"product_tag":[],"class_list":{"0":"post-3104","1":"product","2":"type-product","3":"status-publish","4":"has-post-thumbnail","6":"product_cat-dormitorio","7":"product_cat-oficina","8":"product_cat-ropero","10":"first","11":"instock","12":"sale","13":"taxable","14":"shipping-taxable","15":"purchasable","16":"product-type-simple"},"_links":{"self":[{"href":"https:\/\/www.aguilamuebles.cl\/tienda\/wp-json\/wp\/v2\/product\/3104","targetHints":{"allow":["GET"]}}],"collection":[{"href":"https:\/\/www.aguilamuebles.cl\/tienda\/wp-json\/wp\/v2\/product"}],"about":[{"href":"https:\/\/www.aguilamuebles.cl\/tienda\/wp-json\/wp\/v2\/types\/product"}],"replies":[{"embeddable":true,"href":"https:\/\/www.aguilamuebles.cl\/tienda\/wp-json\/wp\/v2\/comments?post=3104"}],"wp:featuredmedia":[{"embeddable":true,"href":"https:\/\/www.aguilamuebles.cl\/tienda\/wp-json\/wp\/v2\/media\/3105"}],"wp:attachment":[{"href":"https:\/\/www.aguilamuebles.cl\/tienda\/wp-json\/wp\/v2\/media?parent=3104"}],"wp:term":[{"taxonomy":"product_brand","embeddable":true,"href":"https:\/\/www.aguilamuebles.cl\/tienda\/wp-json\/wp\/v2\/product_brand?post=3104"},{"taxonomy":"product_cat","embeddable":true,"href":"https:\/\/www.aguilamuebles.cl\/tienda\/wp-json\/wp\/v2\/product_cat?post=3104"},{"taxonomy":"product_tag","embeddable":true,"href":"https:\/\/www.aguilamuebles.cl\/tienda\/wp-json\/wp\/v2\/product_tag?post=3104"}],"curies":[{"name":"wp","href":"https:\/\/api.w.org\/{rel}","templated":true}]}}