{"id":31254,"date":"2023-07-17T17:11:22","date_gmt":"2023-07-17T21:11:22","guid":{"rendered":"https:\/\/www.aguilamuebles.cl\/tienda\/?post_type=product&#038;p=31254"},"modified":"2024-11-26T08:17:46","modified_gmt":"2024-11-26T12:17:46","slug":"mesa-de-arrimo-havalance-t814-5-ashley","status":"publish","type":"product","link":"https:\/\/www.aguilamuebles.cl\/tienda\/product\/mesa-de-arrimo-havalance-t814-5-ashley\/","title":{"rendered":"Mesa De Arrimo Havalance T814-5 Ashley"},"content":{"rendered":"<h3>Detalles.<\/h3>\n<p>Con su rico acabado r\u00fastico y mezcla de texturas, la mesa de sof\u00e1 Havalance va a la ciudad en un estilo de granja moderna. El tratamiento de dos tonos de melancol\u00eda mezcla un gris envejecido con un blanco antiguo para un efecto totalmente encantador. Las tablas de estilo balaustrada que sostienen la parte superior crean un aspecto llamativo que no es nada ordinario.<\/p>\n<ul>\n<li>Hecho de madera de pino, chapilla de pino y madera contrachapada<\/li>\n<li>Acabado relajado de dos tonos: Superficie de gris gastado; base blanco antiguo<\/li>\n<li>Superficie efecto tabl\u00f3n<\/li>\n<li>Estante fijo<\/li>\n<li>Requiere ensamblaje<\/li>\n<\/ul>\n<h3>Dimensiones.<\/h3>\n<ul>\n<li>Ancho:<\/li>\n<li>Profundidad:<\/li>\n<li>Alto:<\/li>\n<\/ul>\n<h3>Peso.<\/h3>\n<ul>\n<li>26.55 kgs.<\/li>\n<\/ul>\n<h5><span style=\"color: #ff0000;\"><b>GARANT\u00cdA LEGAL<\/b><\/span><\/h5>\n<p><span style=\"color: #ff0000;\">Los productos poseen una garant\u00eda de 3 meses establecida por la Ley 19.496 Sobre Protecci\u00f3n de los Derechos de Los Consumidores, contados desde la fecha de recepci\u00f3n del producto, en caso de fallas o deficiencias que afecten el uso al cual est\u00e1 destinado el producto. De acuerdo con la ley de protecci\u00f3n al consumidor, en caso de falla del producto tiene el derecho a elegir entre las siguientes opciones:<\/span><\/p>\n<ol type=\"I\">\n<li><span style=\"color: #ff0000;\">Reparaci\u00f3n gratuita del producto.<\/span><\/li>\n<li><span style=\"color: #ff0000;\">Reposici\u00f3n o cambio.<\/span><\/li>\n<li><span style=\"color: #ff0000;\">La devoluci\u00f3n del dinero pagado.<\/span><\/li>\n<\/ol>\n<p><span style=\"color: #ff0000;\">Para ejercer este derecho, se deben determinar preliminarmente las causas de falla del producto. No podr\u00e1 ejercer este derecho cuando el deterioro sea imputable al cliente por su mal uso .<\/span><\/p>\n<h5><span style=\"color: #ff0000;\">Precio publicado para Zona Franca, A OTRAS REGIONES SE APLICAN COSTOS EXTRAS : IVA(19%), Impuesto ad valorem(6%), generaci\u00f3n de DIN y honorarios de Agencia de aduana.<\/span><\/h5>\n<p><span style=\"color: #ff0000;\">Inf\u00f3rmese en Manual de Zona Franca p\u00e1gina 22.<\/span><\/p>\n<p><span style=\"color: #ff0000;\"><b><em>El stock disponible de nuestro producto puede variar, por favor cont\u00e1ctenos para saber m\u00e1s a cerca de la disponibilidad de este producto \u00f3 escr\u00edbenos a nuestro \u00a0<a style=\"color: #ff0000;\" href=\"https:\/\/wa.me\/56997056557\">Whatsapp<\/a>.<\/em><\/b><\/span><\/p>\n","protected":false},"excerpt":{"rendered":"<h5><span style=\"color: #ff0000;\">AL RESTO DEL PA\u00cdS $323.861<\/span><\/h5>\n<div class=\"woocommerce-product-details__short-description\">\n<h5><span style=\"color: #ff0000;\"><b><em>El stock disponible de nuestro producto puede variar, por favor cont\u00e1ctenos para saber m\u00e1s a cerca de la disponibilidad de este producto \u00f3 escr\u00edbenos a nuestro \u00a0<a style=\"color: #ff0000;\" href=\"https:\/\/wa.me\/56997056557\">Whatsapp<\/a>.<\/em><\/b><\/span><\/h5>\n<\/div>\n<p class=\"stock available-on-backorder\"><span style=\"color: #ff0000;\">Disponible para Entrega Inmediata.<\/span><\/p>\n<h5><span style=\"color: #ff0000;\">Entrega a domicilio<\/span><\/h5>\n<p><span style=\"color: #ff0000;\">Este servicio se cobra por aparte. Tambi\u00e9n puede retirar en nuestra Tienda, ubicado en Manzana E sitio 48E \u2013 Barrio Industrial (diagonal a la puerta 4 de Zofri).<\/span><\/p>\n<p><span style=\"color: #ff0000;\">Horario de atenci\u00f3n de lunes a viernes.<\/span><br \/>\n<span style=\"color: #ff0000;\">De 8:30 a 14HRS y De 15 a 18:30HRS<\/span><\/p>\n<div class=\"shareThis\"><span class=\"socLeft\" style=\"color: #ff0000;\"><a style=\"color: #ff0000;\"><img decoding=\"async\" src=\"https:\/\/intlhomestore.com\/layout\/one_1920\/images\/cst-Facebook.png\" alt=\"\" \/>@Aguilamuebles.cl<\/a><\/span><\/div>\n<div class=\"shareThis\"><span class=\"socLeft\" style=\"color: #ff0000;\"><img decoding=\"async\" class=\"\" src=\"https:\/\/intlhomestore.com\/layout\/one_1920\/images\/cst-email.png\" alt=\"\" \/>vetas1@ooook.com<\/span><\/div>\n","protected":false},"featured_media":31257,"comment_status":"open","ping_status":"closed","template":"","meta":[],"product_brand":[],"product_cat":[85,147,146],"product_tag":[],"class_list":{"0":"post-31254","1":"product","2":"type-product","3":"status-publish","4":"has-post-thumbnail","6":"product_cat-mesa-centro","7":"product_cat-mesa-de-arrimo","8":"product_cat-mesa-lateral-2","10":"first","11":"instock","12":"sale","13":"taxable","14":"shipping-taxable","15":"purchasable","16":"product-type-simple"},"_links":{"self":[{"href":"https:\/\/www.aguilamuebles.cl\/tienda\/wp-json\/wp\/v2\/product\/31254","targetHints":{"allow":["GET"]}}],"collection":[{"href":"https:\/\/www.aguilamuebles.cl\/tienda\/wp-json\/wp\/v2\/product"}],"about":[{"href":"https:\/\/www.aguilamuebles.cl\/tienda\/wp-json\/wp\/v2\/types\/product"}],"replies":[{"embeddable":true,"href":"https:\/\/www.aguilamuebles.cl\/tienda\/wp-json\/wp\/v2\/comments?post=31254"}],"wp:featuredmedia":[{"embeddable":true,"href":"https:\/\/www.aguilamuebles.cl\/tienda\/wp-json\/wp\/v2\/media\/31257"}],"wp:attachment":[{"href":"https:\/\/www.aguilamuebles.cl\/tienda\/wp-json\/wp\/v2\/media?parent=31254"}],"wp:term":[{"taxonomy":"product_brand","embeddable":true,"href":"https:\/\/www.aguilamuebles.cl\/tienda\/wp-json\/wp\/v2\/product_brand?post=31254"},{"taxonomy":"product_cat","embeddable":true,"href":"https:\/\/www.aguilamuebles.cl\/tienda\/wp-json\/wp\/v2\/product_cat?post=31254"},{"taxonomy":"product_tag","embeddable":true,"href":"https:\/\/www.aguilamuebles.cl\/tienda\/wp-json\/wp\/v2\/product_tag?post=31254"}],"curies":[{"name":"wp","href":"https:\/\/api.w.org\/{rel}","templated":true}]}}