{"id":32224,"date":"2023-10-04T11:58:03","date_gmt":"2023-10-04T15:58:03","guid":{"rendered":"https:\/\/www.aguilamuebles.cl\/tienda\/?post_type=product&#038;p=32224"},"modified":"2025-05-15T13:58:39","modified_gmt":"2025-05-15T17:58:39","slug":"archivo-de-acero-con-2-puertas-batientes-con-acabado-en-veta-de-madera-fb380f-metal","status":"publish","type":"product","link":"https:\/\/www.aguilamuebles.cl\/tienda\/product\/archivo-de-acero-con-2-puertas-batientes-con-acabado-en-veta-de-madera-fb380f-metal\/","title":{"rendered":"Archivo de Acero con 2 Puertas Batientes con acabado en veta de madera FB380F-METAL."},"content":{"rendered":"<h3 class=\"tab-header3\">Descripci\u00f3n.<\/h3>\n<p>Armario de acero con 2 puertas batientes y acabado en veta de madera<\/p>\n<ul>\n<li>Material: Chapa de acero laminado en fr\u00edo<\/li>\n<li>2 puertas de acero batientes<\/li>\n<li>Estante de 5 capas, cada uno puede soportar 45 kg<\/li>\n<li>4 separadores, cada uno puede soportar 45 kg<\/li>\n<li>Con 1 cerradura central y 2 llaves<\/li>\n<li>Estructura KD, ahorra espacio<\/li>\n<li>Revestimiento duradero de pintura en polvo electrost\u00e1tica<\/li>\n<li>Manija: Cerradura cibern\u00e9tica con manijas luminosas.<\/li>\n<\/ul>\n<h3>Dimensiones.<\/h3>\n<ul>\n<li>Ancho: 90 cm<\/li>\n<li>Profundidad: 40 cm<\/li>\n<li>Alto: 1.85 cm<\/li>\n<\/ul>\n<p>&nbsp;<\/p>\n<h5><span style=\"color: #ff0000;\"><b>ENTREGA A DOMICILIO<\/b><\/span><\/h5>\n<p><span style=\"color: #ff0000;\">Este servicio se cobra por separado. Tambi\u00e9n puede retirar en el Centro de Distribuci\u00f3n, \u00e9sta, debe ser coordinada con anticipaci\u00f3n.<\/span><\/p>\n<h5><span style=\"color: #ff0000;\"><b>GARANT\u00cdA LEGAL<\/b><\/span><\/h5>\n<p><span style=\"color: #ff0000;\">Los productos poseen una garant\u00eda de 3 meses establecida por la Ley 19.496 Sobre Protecci\u00f3n de los Derechos de Los Consumidores, contados desde la fecha de recepci\u00f3n del producto, en caso de fallas o deficiencias que afecten el uso al cual est\u00e1 destinado el producto. De acuerdo con la ley de protecci\u00f3n al consumidor, en caso de falla del producto tiene el derecho a elegir entre las siguientes opciones:<\/span><\/p>\n<ol type=\"I\">\n<li><span style=\"color: #ff0000;\">Reparaci\u00f3n gratuita del producto.<\/span><\/li>\n<li><span style=\"color: #ff0000;\">Reposici\u00f3n o cambio.<\/span><\/li>\n<li><span style=\"color: #ff0000;\">La devoluci\u00f3n del dinero pagado.<\/span><\/li>\n<\/ol>\n<p><span style=\"color: #ff0000;\">Para ejercer este derecho, se deben determinar preliminarmente las causas de falla del producto. No podr\u00e1 ejercer este derecho cuando el deterioro sea imputable al cliente por su mal uso .<\/span><\/p>\n<h5><span style=\"color: #ff0000;\">Precio publicado para Zona Franca, A OTRAS REGIONES SE APLICAN COSTOS EXTRAS : IVA(19%), Impuesto ad valorem(6%), generaci\u00f3n de DIN y honorarios de Agencia de aduana.<\/span><\/h5>\n<p><span style=\"color: #ff0000;\">Inf\u00f3rmese en Manual de Zona Franca p\u00e1gina 22.<\/span><\/p>\n<p><span style=\"color: #ff0000;\"><b><em>El stock disponible de nuestros productos puede variar, por favor cont\u00e1ctenos para saber m\u00e1s a cerca de la disponibilidad de este producto o escr\u00edbenos a nuestro \u00a0<a style=\"color: #ff0000;\" href=\"https:\/\/wa.me\/56997056557\">Whatsapp<\/a>.<\/em><\/b><\/span><\/p>\n","protected":false},"excerpt":{"rendered":"<div class=\"woocommerce-product-details__short-description\">\n<h5><span style=\"color: #ff0000;\">AL RESTO DEL PA\u00cdS $188.891<\/span><\/h5>\n<h5><span style=\"color: #ff0000;\"><b><em>El stock disponible de nuestro producto puede variar, por favor cont\u00e1ctenos para saber m\u00e1s a cerca de la disponibilidad de este producto \u00f3 escr\u00edbenos a nuestro \u00a0<a style=\"color: #ff0000;\" href=\"https:\/\/wa.me\/56997056557\">Whatsapp<\/a>.<\/em><\/b><\/span><\/h5>\n<\/div>\n<p class=\"stock available-on-backorder\"><span style=\"color: #ff0000;\">Disponible para Entrega Inmediata.<\/span><\/p>\n<h5><span style=\"color: #ff0000;\">Entrega a domicilio<\/span><\/h5>\n<p><span style=\"color: #ff0000;\">Este servicio se cobra por aparte. Tambi\u00e9n puede retirar en nuestra Tienda, ubicado en Manzana E sitio 48E \u2013 Barrio Industrial (diagonal a la puerta 4 de Zofri).<\/span><\/p>\n<p><span style=\"color: #ff0000;\">Horario de atenci\u00f3n de lunes a viernes.<\/span><br \/>\n<span style=\"color: #ff0000;\">De 8:30 a 14HRS y De 15 a 18:30HRS<\/span><\/p>\n<div class=\"shareThis\"><span class=\"socLeft\" style=\"color: #ff0000;\"><img decoding=\"async\" src=\"https:\/\/intlhomestore.com\/layout\/one_1920\/images\/cst-Facebook.png\" alt=\"\" \/><img decoding=\"async\" class=\"\" src=\"https:\/\/intlhomestore.com\/layout\/one_1920\/images\/cst-email.png\" alt=\"\" \/><\/span><\/div>\n","protected":false},"featured_media":32225,"comment_status":"open","ping_status":"closed","template":"","meta":[],"product_brand":[],"product_cat":[95,97,65],"product_tag":[],"class_list":{"0":"post-32224","1":"product","2":"type-product","3":"status-publish","4":"has-post-thumbnail","6":"product_cat-archivero","7":"product_cat-librero","8":"product_cat-oficina","10":"first","11":"instock","12":"sale","13":"taxable","14":"shipping-taxable","15":"purchasable","16":"product-type-simple"},"_links":{"self":[{"href":"https:\/\/www.aguilamuebles.cl\/tienda\/wp-json\/wp\/v2\/product\/32224","targetHints":{"allow":["GET"]}}],"collection":[{"href":"https:\/\/www.aguilamuebles.cl\/tienda\/wp-json\/wp\/v2\/product"}],"about":[{"href":"https:\/\/www.aguilamuebles.cl\/tienda\/wp-json\/wp\/v2\/types\/product"}],"replies":[{"embeddable":true,"href":"https:\/\/www.aguilamuebles.cl\/tienda\/wp-json\/wp\/v2\/comments?post=32224"}],"wp:featuredmedia":[{"embeddable":true,"href":"https:\/\/www.aguilamuebles.cl\/tienda\/wp-json\/wp\/v2\/media\/32225"}],"wp:attachment":[{"href":"https:\/\/www.aguilamuebles.cl\/tienda\/wp-json\/wp\/v2\/media?parent=32224"}],"wp:term":[{"taxonomy":"product_brand","embeddable":true,"href":"https:\/\/www.aguilamuebles.cl\/tienda\/wp-json\/wp\/v2\/product_brand?post=32224"},{"taxonomy":"product_cat","embeddable":true,"href":"https:\/\/www.aguilamuebles.cl\/tienda\/wp-json\/wp\/v2\/product_cat?post=32224"},{"taxonomy":"product_tag","embeddable":true,"href":"https:\/\/www.aguilamuebles.cl\/tienda\/wp-json\/wp\/v2\/product_tag?post=32224"}],"curies":[{"name":"wp","href":"https:\/\/api.w.org\/{rel}","templated":true}]}}