{"id":3370,"date":"2020-05-21T09:14:19","date_gmt":"2020-05-21T13:14:19","guid":{"rendered":"https:\/\/www.aguilamuebles.cl\/tienda\/?post_type=product&#038;p=3370"},"modified":"2025-03-20T16:07:49","modified_gmt":"2025-03-20T20:07:49","slug":"a-91062h","status":"publish","type":"product","link":"https:\/\/www.aguilamuebles.cl\/tienda\/product\/a-91062h\/","title":{"rendered":"Silla Gamer, Youtuber y para Oficina Marca Aguila A-91062H"},"content":{"rendered":"<div>\n<h3>Detalles<\/h3>\n<\/div>\n<p>Estar sentado en un escritorio genera esfuerzo en muchas partes del cuerpo, como la columna vertebral, mu\u00f1ecas, cuello y hombros. La nueva silla gamer ergon\u00f3mica de Aguila fue dise\u00f1ada especialmente con cuidado y atenci\u00f3n para aliviar dolores y brindar una mejor postura de juego o trabajo.<\/p>\n<ul>\n<li>Ideal para profesionales y gamers que pasan horas frente a un escritorio.<\/li>\n<li>El dise\u00f1o y la posici\u00f3n m\u00e1s ergon\u00f3mica del segmento.<\/li>\n<li>Respaldo ajustable y vers\u00e1til, con s\u00f3lo accionar una palanca.<\/li>\n<li>Base s\u00f3lida de 5 brazos para mayor estabilidad y movilidad.<\/li>\n<li>Altura y respaldo ajustables<\/li>\n<li>Construida sobre estructura met\u00e1lica<\/li>\n<li>Inclinaci\u00f3n s\u00edncrona del chasis<\/li>\n<li>Peso soportado: Hasta 100 kg<\/li>\n<\/ul>\n<div>\n<h3>Material<\/h3>\n<\/div>\n<ul>\n<li>Forrado de cuero sintetico PU+PVC<\/li>\n<li>Base nylon Arco redondo<\/li>\n<li>Ruedas PU de carrera color<\/li>\n<li>Relleno de espuma de alta densidad<\/li>\n<\/ul>\n","protected":false},"excerpt":{"rendered":"<p>Silla Gamer, Youtuber y para Oficina Marca Aguila A-91062H<\/p>\n<h5><span style=\"color: #ff0000;\">Precio publicado de Zona Franca, AL RESTO DEL PA\u00cdS $63.070<\/span><\/h5>\n<p>&nbsp;<\/p>\n<div class=\"woocommerce-product-details__short-description\">\n<p><b><em>El stock disponible de nuestro producto puede variar, por favor cont\u00e1ctenos para saber m\u00e1s a cerca de la disponibilidad de este producto \u00f3 escr\u00edbenos a nuestro <span style=\"color: #ff0000;\">\u00a0<a style=\"color: #ff0000;\" href=\"https:\/\/wa.me\/56997056557\">Whatsapp<\/a>.<\/span><\/em><\/b><\/p>\n<\/div>\n<p class=\"stock available-on-backorder\">Disponible para Entrega Inmediata.<\/p>\n<h5><span style=\"color: #ff0000;\">Entrega a domicilio, Este servicio se cobra por aparte.<\/span><\/h5>\n<p>Tambi\u00e9n puede retirar en nuestra Tienda, ubicado en Manzana E sitio 48E \u2013 Barrio Industrial (diagonal a la puerta 4 de Zofri).<\/p>\n<p>Horario de atenci\u00f3n de lunes a viernes.<br \/>\nDe 9 a 14HRS y De 15 a 19HRS<\/p>\n","protected":false},"featured_media":3371,"comment_status":"open","ping_status":"closed","template":"","meta":[],"product_brand":[],"product_cat":[65,66,139,107,106],"product_tag":[],"class_list":{"0":"post-3370","1":"product","2":"type-product","3":"status-publish","4":"has-post-thumbnail","6":"product_cat-oficina","7":"product_cat-sala-de-estar","8":"product_cat-sillas-oficina","9":"product_cat-sillas-de-oficina","10":"product_cat-zona-gamer","11":"product_shipping_class-oficinas","13":"first","14":"instock","15":"sale","16":"featured","17":"taxable","18":"shipping-taxable","19":"purchasable","20":"product-type-simple"},"_links":{"self":[{"href":"https:\/\/www.aguilamuebles.cl\/tienda\/wp-json\/wp\/v2\/product\/3370","targetHints":{"allow":["GET"]}}],"collection":[{"href":"https:\/\/www.aguilamuebles.cl\/tienda\/wp-json\/wp\/v2\/product"}],"about":[{"href":"https:\/\/www.aguilamuebles.cl\/tienda\/wp-json\/wp\/v2\/types\/product"}],"replies":[{"embeddable":true,"href":"https:\/\/www.aguilamuebles.cl\/tienda\/wp-json\/wp\/v2\/comments?post=3370"}],"wp:featuredmedia":[{"embeddable":true,"href":"https:\/\/www.aguilamuebles.cl\/tienda\/wp-json\/wp\/v2\/media\/3371"}],"wp:attachment":[{"href":"https:\/\/www.aguilamuebles.cl\/tienda\/wp-json\/wp\/v2\/media?parent=3370"}],"wp:term":[{"taxonomy":"product_brand","embeddable":true,"href":"https:\/\/www.aguilamuebles.cl\/tienda\/wp-json\/wp\/v2\/product_brand?post=3370"},{"taxonomy":"product_cat","embeddable":true,"href":"https:\/\/www.aguilamuebles.cl\/tienda\/wp-json\/wp\/v2\/product_cat?post=3370"},{"taxonomy":"product_tag","embeddable":true,"href":"https:\/\/www.aguilamuebles.cl\/tienda\/wp-json\/wp\/v2\/product_tag?post=3370"}],"curies":[{"name":"wp","href":"https:\/\/api.w.org\/{rel}","templated":true}]}}