{"id":3395,"date":"2020-05-12T08:49:16","date_gmt":"2020-05-12T12:49:16","guid":{"rendered":"https:\/\/www.aguilamuebles.cl\/tienda\/?post_type=product&#038;p=3395"},"modified":"2025-01-27T09:44:00","modified_gmt":"2025-01-27T13:44:00","slug":"bg-0816","status":"publish","type":"product","link":"https:\/\/www.aguilamuebles.cl\/tienda\/product\/bg-0816\/","title":{"rendered":"Escritorio BG-0816 tipo L de 1.60m con cajonera para oficina y hogar"},"content":{"rendered":"<div>\n<h5>Precio publicado de Zona Franca, a otras regiones se aplica IVA.<\/h5>\n<h3>Detalles<\/h3>\n<\/div>\n<p>El Escritorio modelo BG-0816 es el mueble tipo L que no puede faltar en tu hogar y\/u oficina. De estilo cl\u00e1sico, este mueble organizador te ser\u00e1 de gran utilidad a la hora de estudiar, hacer tareas o trabajar frente a un computador, sus bordes y esquinas suavemente redondeados evita lesiones accidentales y roces incomodos. Adem\u00e1s, gracias a la simpleza de su dise\u00f1o, podr\u00e1s combinarlo con otros muebles de madera, tales como esquineros, estantes y repisas. Este vers\u00e1til mueble cuenta tambi\u00e9n con repisas y compartimientos donde podr\u00e1s guardar documentos o implementos de escritorio.<\/p>\n<ul>\n<li>Contiene 3 cajones con llaves.<\/li>\n<li>Bandeja para CPU con ruedas<\/li>\n<li>Producto se entrega desarmado, armado facil, incluye herramientas.<\/li>\n<\/ul>\n<div>\n<h3>Material<\/h3>\n<\/div>\n<ul>\n<li>Estrutura en Trupan Melaminado<\/li>\n<li>Bandeja de teclado con rieles met\u00e1licos<\/li>\n<li>Cajones rieles met\u00e1licos<\/li>\n<li>Manilla de cajones de nylon<\/li>\n<li>Ruedas de Nylon<\/li>\n<\/ul>\n<h3>Garant\u00eda<\/h3>\n<ul>\n<li>La garant\u00eda solo cubre fallas de fabricaci\u00f3n.<\/li>\n<\/ul>\n<h3>Devoluciones<\/h3>\n<ul>\n<li>El cliente puede devolver un producto siempre y cuando est\u00e9 en su embalaje original sin haber sido abierto, enti\u00e9ndase sin uso y sin da\u00f1os en sus piezas.<\/li>\n<li>La devoluci\u00f3n se acepta dentro de los 10 d\u00edas corridos desde la fecha de emisi\u00f3n de la boleta o factura<\/li>\n<li>El costo del flete de la devoluci\u00f3n lo asume el cliente.<\/li>\n<\/ul>\n<h5><\/h5>\n<h5><span style=\"color: #ff0000;\">Precio publicado para Zona Franca, A OTRAS REGIONES SE APLICAN COSTOS EXTRAS : IVA(19%), Impuesto ad valorem(6%), generaci\u00f3n de DIN y honorarios de Agencia de aduana.<\/span><\/h5>\n<p>Inf\u00f3rmese en Manual de Zona Franca p\u00e1gina 22.<\/p>\n<h5><b><em>El stock disponible de nuestros productos puede variar, por favor cont\u00e1ctenos para saber m\u00e1s a cerca de la disponibilidad de este producto o escr\u00edbenos a nuestro <span style=\"color: #ff0000;\">\u00a0<a style=\"color: #ff0000;\" href=\"https:\/\/wa.me\/56997056557\">Whatsapp<\/a>.<\/span><\/em><\/b><\/h5>\n","protected":false},"excerpt":{"rendered":"<div class=\"woocommerce-product-details__short-description\">\n<h5><span style=\"color: #ff0000;\">AL RESTO DEL PA\u00cdS $260.791<\/span><\/h5>\n<div class=\"woocommerce-product-details__short-description\">\n<p><b><em>El stock disponible de nuestro producto puede variar, por favor cont\u00e1ctenos para saber m\u00e1s a cerca de la disponibilidad de este producto \u00f3 escr\u00edbenos a nuestro\u00a0\u00a0<span style=\"color: #ff0000;\"><a style=\"color: #ff0000;\" href=\"https:\/\/wa.me\/56997056557\">Whatsapp<\/a>.<\/span><\/em><\/b><\/p>\n<\/div>\n<p class=\"stock available-on-backorder\">Disponible para Entrega Inmediata.<\/p>\n<h5><span style=\"color: #ff0000;\">Entrega a domicilio, Este servicio se cobra por aparte.<\/span><\/h5>\n<p>Tambi\u00e9n puede retirar en nuestra Tienda, ubicado en Manzana E sitio 48E \u2013 Barrio Industrial (diagonal a la puerta 4 de Zofri).<\/p>\n<p>Horario de atenci\u00f3n de lunes a viernes.<br \/>\nDe 8:30 a 14HRS y De 15 a 18:30HRS<\/p>\n<\/div>\n<p class=\"stock available-on-backorder\">Disponible para reserva<\/p>\n","protected":false},"featured_media":3396,"comment_status":"open","ping_status":"closed","template":"","meta":[],"product_brand":[],"product_cat":[86,65,87],"product_tag":[],"class_list":{"0":"post-3395","1":"product","2":"type-product","3":"status-publish","4":"has-post-thumbnail","6":"product_cat-escritorios","7":"product_cat-oficina","8":"product_cat-tipo-l","9":"product_shipping_class-oficinas","11":"first","12":"instock","13":"sale","14":"taxable","15":"shipping-taxable","16":"purchasable","17":"product-type-simple"},"_links":{"self":[{"href":"https:\/\/www.aguilamuebles.cl\/tienda\/wp-json\/wp\/v2\/product\/3395","targetHints":{"allow":["GET"]}}],"collection":[{"href":"https:\/\/www.aguilamuebles.cl\/tienda\/wp-json\/wp\/v2\/product"}],"about":[{"href":"https:\/\/www.aguilamuebles.cl\/tienda\/wp-json\/wp\/v2\/types\/product"}],"replies":[{"embeddable":true,"href":"https:\/\/www.aguilamuebles.cl\/tienda\/wp-json\/wp\/v2\/comments?post=3395"}],"wp:featuredmedia":[{"embeddable":true,"href":"https:\/\/www.aguilamuebles.cl\/tienda\/wp-json\/wp\/v2\/media\/3396"}],"wp:attachment":[{"href":"https:\/\/www.aguilamuebles.cl\/tienda\/wp-json\/wp\/v2\/media?parent=3395"}],"wp:term":[{"taxonomy":"product_brand","embeddable":true,"href":"https:\/\/www.aguilamuebles.cl\/tienda\/wp-json\/wp\/v2\/product_brand?post=3395"},{"taxonomy":"product_cat","embeddable":true,"href":"https:\/\/www.aguilamuebles.cl\/tienda\/wp-json\/wp\/v2\/product_cat?post=3395"},{"taxonomy":"product_tag","embeddable":true,"href":"https:\/\/www.aguilamuebles.cl\/tienda\/wp-json\/wp\/v2\/product_tag?post=3395"}],"curies":[{"name":"wp","href":"https:\/\/api.w.org\/{rel}","templated":true}]}}