{"id":3453,"date":"2020-05-14T11:50:00","date_gmt":"2020-05-14T15:50:00","guid":{"rendered":"https:\/\/www.aguilamuebles.cl\/tienda\/?post_type=product&#038;p=3453"},"modified":"2024-05-08T11:29:20","modified_gmt":"2024-05-08T15:29:20","slug":"bg-13l","status":"publish","type":"product","link":"https:\/\/www.aguilamuebles.cl\/tienda\/product\/bg-13l\/","title":{"rendered":"Escritorio color cafe oscuro tipo L para Oficina y Hogar modelo BG-13L Izquierdo."},"content":{"rendered":"<div>\n<h5><span style=\"color: #ff0000;\">Precio publicado de Zona Franca, a otras regiones se aplica IVA.<\/span><\/h5>\n<h3>Detalles<\/h3>\n<\/div>\n<p>El Escritorio modelo BG-13 en forma de L es el mueble que no puede faltar en tu hogar y\/u oficina. De estilo cl\u00e1sico, este mueble organizador te ser\u00e1 de gran utilidad a la hora de estudiar, hacer tareas o trabajar frente a un computador, sus bordes y esquinas suavemente redondeados evita lesiones accidentales y roces incomodos. Adem\u00e1s, gracias a la simpleza de su dise\u00f1o, podr\u00e1s combinarlo con otros muebles de madera, tales como esquineros, estantes y repisas.<\/p>\n<ul>\n<li>Contiene 3 cajones con llaves movible.<\/li>\n<li>Bandeja para CPU movible.<\/li>\n<li>Bandeja para el teclado.<\/li>\n<li>Producto se entrega desarmado, armado facil, incluye herramientas.<\/li>\n<\/ul>\n<div>\n<h3>Material<\/h3>\n<\/div>\n<ul>\n<li>Estrutura en Trupan Melaminado<\/li>\n<li>Cajones con rieles metalicas<\/li>\n<li>Manilla de cajon cromado<\/li>\n<\/ul>\n<h3>Garant\u00eda<\/h3>\n<ul>\n<li>La garant\u00eda solo cubre fallas de fabricaci\u00f3n.<\/li>\n<\/ul>\n<h3>Devoluciones<\/h3>\n<ul>\n<li>El cliente puede devolver un producto siempre y cuando est\u00e9 en su embalaje original sin haber sido abierto, enti\u00e9ndase sin uso y sin da\u00f1os en sus piezas.<\/li>\n<li>La devoluci\u00f3n se acepta dentro de los 10 d\u00edas corridos desde la fecha de emisi\u00f3n de la boleta o factura<\/li>\n<li>El costo del flete de la devoluci\u00f3n lo asume el cliente.<\/li>\n<\/ul>\n","protected":false},"excerpt":{"rendered":"<div class=\"woocommerce-product-details__short-description\">\n<div class=\"woocommerce-product-details__short-description\">\n<h5><span style=\"color: #ff0000;\">AL RESTO DEL PA\u00cdS $249.312<\/span><\/h5>\n<h5><span style=\"color: #ff0000;\"><b><em>El stock disponible de nuestro producto puede variar, por favor cont\u00e1ctenos para saber m\u00e1s a cerca de la disponibilidad de este producto \u00f3 escr\u00edbenos a nuestro \u00a0<a style=\"color: #ff0000;\" href=\"https:\/\/wa.me\/56997056557\">Whatsapp<\/a>.<\/em><\/b><\/span><\/h5>\n<\/div>\n<p class=\"stock available-on-backorder\"><span style=\"color: #ff0000;\">Disponible para Entrega Inmediata.<\/span><\/p>\n<h5><span style=\"color: #ff0000;\">Entrega a domicilio<\/span><\/h5>\n<p><span style=\"color: #ff0000;\">Este servicio se cobra por aparte. Tambi\u00e9n puede retirar en nuestra Tienda, ubicado en Manzana E sitio 48E \u2013 Barrio Industrial (diagonal a la puerta 4 de Zofri).<\/span><\/p>\n<p><span style=\"color: #ff0000;\">Horario de atenci\u00f3n de lunes a viernes.<\/span><br \/>\n<span style=\"color: #ff0000;\">De 8:30 a 14HRS y De 15 a 18:30HRS<\/span><\/p>\n<div class=\"shareThis\"><span class=\"socLeft\" style=\"color: #ff0000;\"><img decoding=\"async\" src=\"https:\/\/intlhomestore.com\/layout\/one_1920\/images\/cst-Facebook.png\" alt=\"\" \/><img decoding=\"async\" class=\"\" src=\"https:\/\/intlhomestore.com\/layout\/one_1920\/images\/cst-email.png\" alt=\"\" \/><\/span><\/div>\n<\/div>\n","protected":false},"featured_media":3454,"comment_status":"open","ping_status":"closed","template":"","meta":[],"product_brand":[],"product_cat":[86,65,87],"product_tag":[],"class_list":{"0":"post-3453","1":"product","2":"type-product","3":"status-publish","4":"has-post-thumbnail","6":"product_cat-escritorios","7":"product_cat-oficina","8":"product_cat-tipo-l","9":"product_shipping_class-oficinas","11":"first","12":"instock","13":"taxable","14":"shipping-taxable","15":"purchasable","16":"product-type-simple"},"_links":{"self":[{"href":"https:\/\/www.aguilamuebles.cl\/tienda\/wp-json\/wp\/v2\/product\/3453","targetHints":{"allow":["GET"]}}],"collection":[{"href":"https:\/\/www.aguilamuebles.cl\/tienda\/wp-json\/wp\/v2\/product"}],"about":[{"href":"https:\/\/www.aguilamuebles.cl\/tienda\/wp-json\/wp\/v2\/types\/product"}],"replies":[{"embeddable":true,"href":"https:\/\/www.aguilamuebles.cl\/tienda\/wp-json\/wp\/v2\/comments?post=3453"}],"wp:featuredmedia":[{"embeddable":true,"href":"https:\/\/www.aguilamuebles.cl\/tienda\/wp-json\/wp\/v2\/media\/3454"}],"wp:attachment":[{"href":"https:\/\/www.aguilamuebles.cl\/tienda\/wp-json\/wp\/v2\/media?parent=3453"}],"wp:term":[{"taxonomy":"product_brand","embeddable":true,"href":"https:\/\/www.aguilamuebles.cl\/tienda\/wp-json\/wp\/v2\/product_brand?post=3453"},{"taxonomy":"product_cat","embeddable":true,"href":"https:\/\/www.aguilamuebles.cl\/tienda\/wp-json\/wp\/v2\/product_cat?post=3453"},{"taxonomy":"product_tag","embeddable":true,"href":"https:\/\/www.aguilamuebles.cl\/tienda\/wp-json\/wp\/v2\/product_tag?post=3453"}],"curies":[{"name":"wp","href":"https:\/\/api.w.org\/{rel}","templated":true}]}}