{"id":3951,"date":"2020-06-29T15:05:07","date_gmt":"2020-06-29T19:05:07","guid":{"rendered":"https:\/\/www.aguilamuebles.cl\/tienda\/?post_type=product&#038;p=3951"},"modified":"2026-04-12T12:31:18","modified_gmt":"2026-04-12T16:31:18","slug":"d388-113","status":"publish","type":"product","link":"https:\/\/www.aguilamuebles.cl\/tienda\/product\/d388-113\/","title":{"rendered":"Mesa de comedor y taburetes de bar Caitbrook ASHLEY D388-113"},"content":{"rendered":"<h1>Mesa de comedor y taburetes de bar Caitbrook ASHLEY<\/h1>\n<p>Modelo: D388-113<\/p>\n<h5>Precio publicado de Zona Franca, a otras regiones se aplica IVA<\/h5>\n<h3>Dimensiones<\/h3>\n<ul>\n<li>Ancho: 76.2<\/li>\n<li>Profundidad: 91.44<\/li>\n<li>Altura: 91.44<\/li>\n<\/ul>\n<div>Porci\u00f3n perfecta.\u00a0Con una pose simplemente elegante, el juego de mesa de comedor Caitbrook de altura de mostrador ofrece un estilo alto en una escala m\u00e1s peque\u00f1a.\u00a0Su acabado de lavado gris envejecido le da al dise\u00f1o de l\u00edneas limpias una sensibilidad informal y fresca.\u00a0Con un tama\u00f1o ideal para la cena para dos o como un espacio de trabajo improvisado, los estantes laterales equilibran inteligentemente la forma y la funci\u00f3n.\u00a0Cubierto con una tela gris texturizada, el asiento acolchado del taburete se adapta f\u00e1cilmente al cuerpo.<\/div>\n<ul class=\"detail-row\">\n<li>Incluye mesa de altura y 2 taburetes.<\/li>\n<li>Mesa de chapas, madera y madera reconstituida.<\/li>\n<li>Taburetes de bar hechos con madera de acacia s\u00f3lida<\/li>\n<li>Acabado de lavado gris envejecido<\/li>\n<li>2 estantes ajustables<\/li>\n<li>Tapizado de poli\u00e9ster sobre asiento acolchado de espuma.<\/li>\n<li>Recorte de cabeza de clavo<\/li>\n<li>se requiere ensamblaje<\/li>\n<\/ul>\n<div class=\"detail-row\">\n<h3>Peso<\/h3>\n<p>112 libras\u00a0(50.8 kgs.)<\/p>\n<\/div>\n<div>\n<h3>Dimensiones adicionales<\/h3>\n<ul>\n<li>Ancho de la mesa: 76.2&#8243;<\/li>\n<li>Profundidad de la mesa: 91.44&#8243;<\/li>\n<li>Altura de la Mesa: 91.44&#8243;<\/li>\n<li>Delantal al piso: 81.915&#8243;<\/li>\n<li>Apertura (3) Ancho: 57.15&#8243;<\/li>\n<li>Apertura (3) Profundidad: 18.11&#8243;<\/li>\n<li>Apertura (3) Altura: 21.28&#8243;<\/li>\n<li>Taburete de bar (2) Ancho: 54.30 \u00ab<\/li>\n<li>Taburete de bar (2) Profundidad: 41.60&#8243;<\/li>\n<li>Taburete de bar (2) Altura: 62.56&#8243;<\/li>\n<li>Altura del reposapi\u00e9s del taburete de bar: 20.95&#8243;<\/li>\n<li>Ancho del asiento: 46.35&#8243;<\/li>\n<li>Profundidad del asiento: 35.25&#8243;<\/li>\n<li>Altura del asiento: 62.56&#8243;<\/li>\n<\/ul>\n<h5>Precio publicado para Zona Franca, A OTRAS REGIONES SE APLICAN COSTOS EXTRAS : IVA(19%), Impuesto ad valorem(6%), generaci\u00f3n de DIN y honorarios de Agencia de aduana.<\/h5>\n<p>Inf\u00f3rmese en Manual de Zona Franca p\u00e1gina 22.<\/p>\n<h5><b><em>El stock disponible de nuestros productos puede variar, por favor cont\u00e1ctenos para saber m\u00e1s a cerca de la disponibilidad de este producto o escr\u00edbenos a nuestro \u00a0<a href=\"https:\/\/wa.me\/56997056557\">Whatsapp<\/a>.<\/em><\/b><\/h5>\n<\/div>\n","protected":false},"excerpt":{"rendered":"<h5><span style=\"color: #ff0000;\">Precio publicado de Zona Franca, AL RESTO DEL PA\u00cdS $471.445<\/span><\/h5>\n<h5><b><em>El stock disponible de nuestros productos puede variar, por favor cont\u00e1ctenos para saber m\u00e1s a cerca de la disponibilidad de este producto o escr\u00edbenos a nuestro \u00a0<a href=\"https:\/\/wa.me\/56997056557\">Whatsapp<\/a>.<\/em><\/b><\/h5>\n","protected":false},"featured_media":3952,"comment_status":"open","ping_status":"closed","template":"","meta":[],"product_brand":[],"product_cat":[102,103,66],"product_tag":[],"class_list":{"0":"post-3951","1":"product","2":"type-product","3":"status-publish","4":"has-post-thumbnail","6":"product_cat-comedor","7":"product_cat-juego-de-comedor","8":"product_cat-sala-de-estar","10":"first","11":"instock","12":"taxable","13":"shipping-taxable","14":"purchasable","15":"product-type-simple"},"_links":{"self":[{"href":"https:\/\/www.aguilamuebles.cl\/tienda\/wp-json\/wp\/v2\/product\/3951","targetHints":{"allow":["GET"]}}],"collection":[{"href":"https:\/\/www.aguilamuebles.cl\/tienda\/wp-json\/wp\/v2\/product"}],"about":[{"href":"https:\/\/www.aguilamuebles.cl\/tienda\/wp-json\/wp\/v2\/types\/product"}],"replies":[{"embeddable":true,"href":"https:\/\/www.aguilamuebles.cl\/tienda\/wp-json\/wp\/v2\/comments?post=3951"}],"wp:featuredmedia":[{"embeddable":true,"href":"https:\/\/www.aguilamuebles.cl\/tienda\/wp-json\/wp\/v2\/media\/3952"}],"wp:attachment":[{"href":"https:\/\/www.aguilamuebles.cl\/tienda\/wp-json\/wp\/v2\/media?parent=3951"}],"wp:term":[{"taxonomy":"product_brand","embeddable":true,"href":"https:\/\/www.aguilamuebles.cl\/tienda\/wp-json\/wp\/v2\/product_brand?post=3951"},{"taxonomy":"product_cat","embeddable":true,"href":"https:\/\/www.aguilamuebles.cl\/tienda\/wp-json\/wp\/v2\/product_cat?post=3951"},{"taxonomy":"product_tag","embeddable":true,"href":"https:\/\/www.aguilamuebles.cl\/tienda\/wp-json\/wp\/v2\/product_tag?post=3951"}],"curies":[{"name":"wp","href":"https:\/\/api.w.org\/{rel}","templated":true}]}}