{"id":41864,"date":"2024-09-09T15:54:50","date_gmt":"2024-09-09T19:54:50","guid":{"rendered":"https:\/\/www.aguilamuebles.cl\/tienda\/?post_type=product&#038;p=41864"},"modified":"2024-09-09T15:54:51","modified_gmt":"2024-09-09T19:54:51","slug":"silla-decorativa-dulthish-a3000668","status":"publish","type":"product","link":"https:\/\/www.aguilamuebles.cl\/tienda\/product\/silla-decorativa-dulthish-a3000668\/","title":{"rendered":"Silla decorativa Dulthish A3000668"},"content":{"rendered":"<h3 class=\"tab-header3\">Descripci\u00f3n.<\/h3>\n<p class=\"ng-star-inserted\"><span>Con un dise\u00f1o casi cultural, esta silla decorativa es una adici\u00f3n destacada a su \u00e1rea de descanso. Su forma art\u00edstica atrae su atenci\u00f3n hacia un dise\u00f1o contempor\u00e1neo \u00fanico, mientras que la tela ultrasuave fomenta una experiencia de descanso placentero. En tonos contrastantes de blanco y negro, la silla de tendencia puede coexistir de manera experta con las piezas existentes. Ese es el estilo al que aspirar.<\/span><\/p>\n<div class=\"ng-star-inserted\">\n<ul>\n<li class=\"ng-star-inserted\"><span>Tapicer\u00eda de poli\u00e9ster<\/span><\/li>\n<li class=\"ng-star-inserted\"><span>Respaldo de barril con detalle recortado y coj\u00edn de asiento adjunto.<\/span><\/li>\n<li class=\"ng-star-inserted\"><span>Estructura de madera de 3 patas en acabado negro mate.<\/span><\/li>\n<li>Hermosa silla color nieve.<\/li>\n<\/ul>\n<\/div>\n<div class=\"ng-star-inserted\">\n<h5><b>DIMENSIONES<\/b><\/h5>\n<ul class=\"dimCustomCls\">\n<li>\u00a0Ancho del Asiento :\u00a0 50cm<\/li>\n<li>\u00a0Profundidad del Asiento : 58cm<\/li>\n<li>\u00a0Alto de la Silla :\u00a0 75cm<\/li>\n<\/ul>\n<h3>Material del Fabricante<\/h3>\n<ul>\n<li>100% poli\u00e9ster<\/li>\n<\/ul>\n<h5><b>GARANT\u00cdA LEGAL<\/b><\/h5>\n<p>Los productos poseen una garant\u00eda de 3 meses establecida por la Ley 19.496 Sobre Protecci\u00f3n de los Derechos de Los Consumidores, contados desde la fecha de recepci\u00f3n del producto, en caso de fallas o deficiencias que afecten el uso al cual est\u00e1 destinado el producto. De acuerdo con la ley de protecci\u00f3n al consumidor, en caso de falla del producto tiene el derecho a elegir entre las siguientes opciones:<\/p>\n<ol type=\"I\">\n<li>Reparaci\u00f3n gratuita del producto.<\/li>\n<li>Reposici\u00f3n o cambio.<\/li>\n<li>La devoluci\u00f3n del dinero pagado.<\/li>\n<\/ol>\n<p>Para ejercer este derecho, se deben determinar preliminarmente las causas de falla del producto. No podr\u00e1 ejercer este derecho cuando el deterioro sea imputable al cliente por su mal uso .<\/p>\n<h5>Precio publicado para Zona Franca, A OTRAS REGIONES SE APLICAN COSTOS EXTRAS : IVA(19%), Impuesto ad valorem(6%), generaci\u00f3n de DIN y honorarios de Agencia de aduana.<\/h5>\n<p>Inf\u00f3rmese en Manual de Zona Franca p\u00e1gina 22.<\/p>\n<p><b><em>El stock disponible de nuestro producto puede variar, por favor cont\u00e1ctenos para saber m\u00e1s a cerca de la disponibilidad de este producto \u00f3 escr\u00edbenos a nuestro \u00a0<a href=\"https:\/\/wa.me\/56997056557\">Whatsapp<\/a>.<\/em><\/b><\/p>\n<\/div>\n","protected":false},"excerpt":{"rendered":"<div class=\"woocommerce-product-details__short-description\">\n<h5><span style=\"color: #ff0000;\">AL RESTO DEL PA\u00cdS $ 504.560<\/span><\/h5>\n<p><b><em>El stock disponible de nuestro producto puede variar, por favor cont\u00e1ctenos para saber m\u00e1s a cerca de la disponibilidad de este producto \u00f3 escr\u00edbenos a nuestro \u00a0<a href=\"https:\/\/wa.me\/56997056557\">Whatsapp<\/a>.<\/em><\/b><\/p>\n<\/div>\n<p class=\"stock available-on-backorder\">Disponible para Entrega Inmediata.<\/p>\n","protected":false},"featured_media":41870,"comment_status":"open","ping_status":"closed","template":"","meta":[],"product_brand":[],"product_cat":[157,100,63,65,154,66,139,83],"product_tag":[],"class_list":{"0":"post-41864","1":"product","2":"type-product","3":"status-publish","4":"has-post-thumbnail","6":"product_cat-buffet","7":"product_cat-dormitorio","8":"product_cat-living","9":"product_cat-oficina","10":"product_cat-poltrona","11":"product_cat-sala-de-estar","12":"product_cat-sillas-oficina","13":"product_cat-sofa","15":"first","16":"instock","17":"taxable","18":"shipping-taxable","19":"purchasable","20":"product-type-simple"},"_links":{"self":[{"href":"https:\/\/www.aguilamuebles.cl\/tienda\/wp-json\/wp\/v2\/product\/41864","targetHints":{"allow":["GET"]}}],"collection":[{"href":"https:\/\/www.aguilamuebles.cl\/tienda\/wp-json\/wp\/v2\/product"}],"about":[{"href":"https:\/\/www.aguilamuebles.cl\/tienda\/wp-json\/wp\/v2\/types\/product"}],"replies":[{"embeddable":true,"href":"https:\/\/www.aguilamuebles.cl\/tienda\/wp-json\/wp\/v2\/comments?post=41864"}],"wp:featuredmedia":[{"embeddable":true,"href":"https:\/\/www.aguilamuebles.cl\/tienda\/wp-json\/wp\/v2\/media\/41870"}],"wp:attachment":[{"href":"https:\/\/www.aguilamuebles.cl\/tienda\/wp-json\/wp\/v2\/media?parent=41864"}],"wp:term":[{"taxonomy":"product_brand","embeddable":true,"href":"https:\/\/www.aguilamuebles.cl\/tienda\/wp-json\/wp\/v2\/product_brand?post=41864"},{"taxonomy":"product_cat","embeddable":true,"href":"https:\/\/www.aguilamuebles.cl\/tienda\/wp-json\/wp\/v2\/product_cat?post=41864"},{"taxonomy":"product_tag","embeddable":true,"href":"https:\/\/www.aguilamuebles.cl\/tienda\/wp-json\/wp\/v2\/product_tag?post=41864"}],"curies":[{"name":"wp","href":"https:\/\/api.w.org\/{rel}","templated":true}]}}