{"id":6728,"date":"2021-05-01T14:55:40","date_gmt":"2021-05-01T18:55:40","guid":{"rendered":"https:\/\/www.aguilamuebles.cl\/tienda\/?post_type=product&#038;p=6728"},"modified":"2026-04-18T05:25:18","modified_gmt":"2026-04-18T09:25:18","slug":"sofa-reclinable-earhart-ashley-2910288","status":"publish","type":"product","link":"https:\/\/www.aguilamuebles.cl\/tienda\/product\/sofa-reclinable-earhart-ashley-2910288\/","title":{"rendered":"Sof\u00e1 Reclinable de 2 plaza Earhart de ASHLEY"},"content":{"rendered":"<h5>DETALLES<\/h5>\n<p>Cada d\u00eda es un buen d\u00eda con este sof\u00e1 de dos plazas reclinable.\u00a0Rel\u00e1jate y olv\u00eddate de las preocupaciones mientras vuelves a la lujosa sensaci\u00f3n de la tela similar a la gamuza.\u00a0La piel sint\u00e9tica cubre las partes exteriores para una apariencia elevada.\u00a0\u00bfNecesita m\u00e1s comodidad y apoyo para su cuerpo?\u00a0Indique los asientos profundos y la espalda alta.\u00a0Las costuras gigantes en contraste agregan un elemento de estilo a los cojines.\u00a0Coloque f\u00e1cilmente las bebidas y los elementos esenciales de la peque\u00f1a sala de estar en la consola de almacenamiento central con portavasos.<\/p>\n<p>Armaz\u00f3n de esquina bloqueada con asiento reforzado con metal<br \/>\nCojines de respaldo y\u00a0asiento\u00a0adjuntos<br \/>\nMovimiento reclinable con leng\u00fceta de tracci\u00f3n<br \/>\nConsola de almacenamiento con elevaci\u00f3n superior y 2 portavasos<br \/>\nCojines de espuma de alta resiliencia envueltos en polifibra gruesa<br \/>\nTapicer\u00eda interior de poli\u00e9ster \/ poliuretano;\u00a0tapicer\u00eda exterior de vinilo \/ poli\u00e9ster \/ poliuretano<br \/>\nColor (es): Pizarra<\/p>\n<p><b>Tela Detalles<\/b><\/p>\n<ul>\n<li>Cuerpo: poli\u00e9ster (98%), poliuretano (2%)<\/li>\n<\/ul>\n<h4><\/h4>\n<h5><b>DIMENSIONES<\/b><\/h5>\n<ul class=\"dimCustomCls\">\n<li>Ancho: <span class=\"ProductInfoSpanValue ProductInfoSpanValueWidth\">208,3 cm<\/span><\/li>\n<li>Profundidad: <span class=\"ProductInfoSpanValue ProductInfoSpanValueDepth\">104,1 cm<\/span><\/li>\n<li>Alto: <span class=\"ProductInfoSpanValue ProductInfoSpanValueHeight\">106,7 cm<\/span><\/li>\n<\/ul>\n<p class=\"ProductInfoParagraph ProductInfoParagraphWeight\"><span class=\"ProductInfoSpanName ProductInfoSpanNameWeight\">Peso\u00a0<\/span>\u00a0<span class=\"ProductInfoSpanValue ProductInfoSpanValueWeight\">208 libras (93,6 kg)<\/span><\/p>\n<h5><b>ENTREGA A DOMICILIO<\/b><\/h5>\n<p>Este servicio se cobra por separado. Tambi\u00e9n puede retirar en el Centro de Distribuci\u00f3n, \u00e9sta, debe ser coordinada con anticipaci\u00f3n.<\/p>\n<h5><b>GARANT\u00cdA LEGAL<\/b><\/h5>\n<p>Los productos poseen una garant\u00eda de 3 meses establecida por la Ley 19.496 Sobre Protecci\u00f3n de los Derechos de Los Consumidores, contados desde la fecha de recepci\u00f3n del producto, en caso de fallas o deficiencias que afecten el uso al cual est\u00e1 destinado el producto. De acuerdo con la ley de protecci\u00f3n al consumidor, en caso de falla del producto tiene el derecho a elegir entre las siguientes opciones:<\/p>\n<ol type=\"I\">\n<li>Reparaci\u00f3n gratuita del producto.<\/li>\n<li>Reposici\u00f3n o cambio.<\/li>\n<li>La devoluci\u00f3n del dinero pagado.<\/li>\n<\/ol>\n<p>Para ejercer este derecho, se deben determinar preliminarmente las causas de falla del producto. No podr\u00e1 ejercer este derecho cuando el deterioro sea imputable al cliente por su mal uso .<\/p>\n<h5><span style=\"color: #ff0000;\">Precio publicado para Zona Franca, A OTRAS REGIONES SE APLICAN COSTOS EXTRAS : IVA(19%), Impuesto ad valorem(6%), generaci\u00f3n de DIN y honorarios de Agencia de aduana.<\/span><\/h5>\n<p>Inf\u00f3rmese en Manual de Zona Franca p\u00e1gina 22.<\/p>\n","protected":false},"excerpt":{"rendered":"<div class=\"woocommerce-product-details__short-description\">\n<h5><span style=\"color: #ff0000;\">AL RESTO DEL PA\u00cdS $1.283.786<\/span><\/h5>\n<p><span style=\"color: #ff0000;\"><b><em>El stock disponible de nuestro producto puede variar, por favor cont\u00e1ctenos para saber m\u00e1s a cerca de la disponibilidad de este producto \u00f3 escr\u00edbenos a nuestro \u00a0<a style=\"color: #ff0000;\" href=\"https:\/\/wa.me\/56997056557\">Whatsapp<\/a>.<\/em><\/b><\/span><\/p>\n<\/div>\n<p class=\"stock available-on-backorder\"><span style=\"color: #ff0000;\">Disponible para Entrega Inmediata.<\/span><\/p>\n<h5><span style=\"color: #ff0000;\">Entrega a domicilio<\/span><\/h5>\n<p><span style=\"color: #ff0000;\">Este servicio se cobra por aparte. Tambi\u00e9n puede retirar en nuestra Tienda, ubicado en Manzana E sitio 48E \u2013 Barrio Industrial (diagonal a la puerta 4 de Zofri).<\/span><\/p>\n<p>Horario de atenci\u00f3n de lunes a viernes.<br \/>\nDe 8:30 a 14HRS y De 15 a 18:30HRS<\/p>\n<div class=\"shareThis\"><span class=\"socLeft\"><a><img decoding=\"async\" src=\"https:\/\/intlhomestore.com\/layout\/one_1920\/images\/cst-Facebook.png\" alt=\"\" \/><\/a><img decoding=\"async\" class=\"\" src=\"https:\/\/intlhomestore.com\/layout\/one_1920\/images\/cst-email.png\" alt=\"\" \/><\/span><\/div>\n","protected":false},"featured_media":8044,"comment_status":"open","ping_status":"closed","template":"","meta":[],"product_brand":[],"product_cat":[137,63,78,83],"product_tag":[],"class_list":{"0":"post-6728","1":"product","2":"type-product","3":"status-publish","4":"has-post-thumbnail","6":"product_cat-berger","7":"product_cat-living","8":"product_cat-otros","9":"product_cat-sofa","10":"product_shipping_class-paquete-grande","12":"first","13":"instock","14":"sale","15":"featured","16":"taxable","17":"shipping-taxable","18":"purchasable","19":"product-type-simple"},"_links":{"self":[{"href":"https:\/\/www.aguilamuebles.cl\/tienda\/wp-json\/wp\/v2\/product\/6728","targetHints":{"allow":["GET"]}}],"collection":[{"href":"https:\/\/www.aguilamuebles.cl\/tienda\/wp-json\/wp\/v2\/product"}],"about":[{"href":"https:\/\/www.aguilamuebles.cl\/tienda\/wp-json\/wp\/v2\/types\/product"}],"replies":[{"embeddable":true,"href":"https:\/\/www.aguilamuebles.cl\/tienda\/wp-json\/wp\/v2\/comments?post=6728"}],"wp:featuredmedia":[{"embeddable":true,"href":"https:\/\/www.aguilamuebles.cl\/tienda\/wp-json\/wp\/v2\/media\/8044"}],"wp:attachment":[{"href":"https:\/\/www.aguilamuebles.cl\/tienda\/wp-json\/wp\/v2\/media?parent=6728"}],"wp:term":[{"taxonomy":"product_brand","embeddable":true,"href":"https:\/\/www.aguilamuebles.cl\/tienda\/wp-json\/wp\/v2\/product_brand?post=6728"},{"taxonomy":"product_cat","embeddable":true,"href":"https:\/\/www.aguilamuebles.cl\/tienda\/wp-json\/wp\/v2\/product_cat?post=6728"},{"taxonomy":"product_tag","embeddable":true,"href":"https:\/\/www.aguilamuebles.cl\/tienda\/wp-json\/wp\/v2\/product_tag?post=6728"}],"curies":[{"name":"wp","href":"https:\/\/api.w.org\/{rel}","templated":true}]}}