{"id":7009,"date":"2021-02-17T10:57:58","date_gmt":"2021-02-17T14:57:58","guid":{"rendered":"https:\/\/www.aguilamuebles.cl\/tienda\/?post_type=product&#038;p=7009"},"modified":"2021-08-19T16:59:51","modified_gmt":"2021-08-19T20:59:51","slug":"banco-decorativo-con-almacenameinto-gwendale","status":"publish","type":"product","link":"https:\/\/www.aguilamuebles.cl\/tienda\/product\/banco-decorativo-con-almacenameinto-gwendale\/","title":{"rendered":"Banco Decorativo con Almacenameinto Gwendale"},"content":{"rendered":"<div class=\"col-xs-12 col-sm-8 col-md-8\">\n<h1>Banco Decorativo con Almacenameinto Gwendale<\/h1>\n<h5>ENTREGA INMEDIATA<\/h5>\n<p>Modelo A3000185<\/p>\n<h5>DETALLES<\/h5>\n<p>Finalmente, una opci\u00f3n de almacenamiento que es un fabuloso punto focal.\u00a0Ya sea para adornar una entrada o para agregar un toque final a una habitaci\u00f3n familiar, este banco de almacenamiento es bonito.\u00a0El estilo sin brazos ahorra mucho espacio.\u00a0Los mechones de botones profundos le dan un aspecto tan lujoso.<\/p>\n<div class=\"bulletPoint\">\n<ul>\n<li>Tejido de poli\u00e9ster beige<\/li>\n<li>Amortiguaci\u00f3n de espuma<\/li>\n<li>Mech\u00f3n de botones<\/li>\n<li>Patas de madera en acabado marr\u00f3n oscuro<\/li>\n<li>Interior del banco de madera de ingenier\u00eda<\/li>\n<li>Tapa abatible con almacenamiento<\/li>\n<\/ul>\n<\/div>\n<\/div>\n<div class=\"col-xs-12 col-sm-4 col-md-4 dimensionCustom\">\n<h5><b>DIMENSIONES<\/b><\/h5>\n<ul class=\"dimCustomCls\">\n<li>\u00a0Ancho: 135.59 cm<\/li>\n<li>\u00a0Profundidad: 60.33 cm<\/li>\n<li>\u00a0Alto: 89,87 cm<\/li>\n<\/ul>\n<h5><b>ENTREGA A DOMICILIO<\/b><\/h5>\n<p>Este servicio se cobra por separado. Tambi\u00e9n puede retirar en el Centro de Distribuci\u00f3n, \u00e9sta, debe ser coordinada con anticipaci\u00f3n.<\/p>\n<h5><b>GARANT\u00cdA LEGAL<\/b><\/h5>\n<p>Los productos poseen una garant\u00eda de 3 meses establecida por la Ley 19.496 Sobre Protecci\u00f3n de los Derechos de Los Consumidores, contados desde la fecha de recepci\u00f3n del producto, en caso de fallas o deficiencias que afecten el uso al cual est\u00e1 destinado el producto. De acuerdo con la ley de protecci\u00f3n al consumidor, en caso de falla del producto tiene el derecho a elegir entre las siguientes opciones:<\/p>\n<ol type=\"I\">\n<li>Reparaci\u00f3n gratuita del producto.<\/li>\n<li>Reposici\u00f3n o cambio.<\/li>\n<li>La devoluci\u00f3n del dinero pagado.<\/li>\n<\/ol>\n<p>Para ejercer este derecho, se deben determinar preliminarmente las causas de falla del producto. No podr\u00e1 ejercer este derecho cuando el deterioro sea imputable al cliente por su mal uso .<\/p>\n<h5>Precio publicado para Zona Franca, A OTRAS REGIONES SE APLICAN COSTOS EXTRAS : IVA(19%), Impuesto ad valorem(6%), generaci\u00f3n de DIN y honorarios de Agencia de aduana.<\/h5>\n<p>Inf\u00f3rmese en Manual de Zona Franca p\u00e1gina 22.<\/p>\n<p><b><em>El stock disponible de nuestro producto puede variar, por favor cont\u00e1ctenos para saber m\u00e1s a cerca de la disponibilidad de este producto \u00f3 escr\u00edbenos a nuestro \u00a0<a href=\"https:\/\/wa.me\/56997056557\">Whatsapp<\/a>.<\/em><\/b><\/p>\n<\/div>\n","protected":false},"excerpt":{"rendered":"<h5><span style=\"color: #ff0000;\">Precio publicado de Zona Franca, AL RESTO DEL PA\u00cdS $325.122<\/span><\/h5>\n<h5><b><em>El stock disponible de nuestro producto puede variar, por favor cont\u00e1ctenos para saber m\u00e1s a cerca de la disponibilidad de este producto \u00f3 escr\u00edbenos a nuestro \u00a0<a href=\"https:\/\/wa.me\/56997056557\">Whatsapp<\/a>.<\/em><\/b><\/h5>\n","protected":false},"featured_media":7010,"comment_status":"open","ping_status":"closed","template":"","meta":[],"product_brand":[],"product_cat":[63,154,83],"product_tag":[],"class_list":{"0":"post-7009","1":"product","2":"type-product","3":"status-publish","4":"has-post-thumbnail","6":"product_cat-living","7":"product_cat-poltrona","8":"product_cat-sofa","9":"product_shipping_class-paquete-grande","11":"first","12":"outofstock","13":"sale","14":"taxable","15":"shipping-taxable","16":"purchasable","17":"product-type-simple"},"_links":{"self":[{"href":"https:\/\/www.aguilamuebles.cl\/tienda\/wp-json\/wp\/v2\/product\/7009","targetHints":{"allow":["GET"]}}],"collection":[{"href":"https:\/\/www.aguilamuebles.cl\/tienda\/wp-json\/wp\/v2\/product"}],"about":[{"href":"https:\/\/www.aguilamuebles.cl\/tienda\/wp-json\/wp\/v2\/types\/product"}],"replies":[{"embeddable":true,"href":"https:\/\/www.aguilamuebles.cl\/tienda\/wp-json\/wp\/v2\/comments?post=7009"}],"wp:featuredmedia":[{"embeddable":true,"href":"https:\/\/www.aguilamuebles.cl\/tienda\/wp-json\/wp\/v2\/media\/7010"}],"wp:attachment":[{"href":"https:\/\/www.aguilamuebles.cl\/tienda\/wp-json\/wp\/v2\/media?parent=7009"}],"wp:term":[{"taxonomy":"product_brand","embeddable":true,"href":"https:\/\/www.aguilamuebles.cl\/tienda\/wp-json\/wp\/v2\/product_brand?post=7009"},{"taxonomy":"product_cat","embeddable":true,"href":"https:\/\/www.aguilamuebles.cl\/tienda\/wp-json\/wp\/v2\/product_cat?post=7009"},{"taxonomy":"product_tag","embeddable":true,"href":"https:\/\/www.aguilamuebles.cl\/tienda\/wp-json\/wp\/v2\/product_tag?post=7009"}],"curies":[{"name":"wp","href":"https:\/\/api.w.org\/{rel}","templated":true}]}}