{"id":7042,"date":"2021-02-18T09:54:02","date_gmt":"2021-02-18T13:54:02","guid":{"rendered":"https:\/\/www.aguilamuebles.cl\/tienda\/?post_type=product&#038;p=7042"},"modified":"2024-08-30T13:35:12","modified_gmt":"2024-08-30T17:35:12","slug":"comedor-rectangular-alto-skempton","status":"publish","type":"product","link":"https:\/\/www.aguilamuebles.cl\/tienda\/product\/comedor-rectangular-alto-skempton\/","title":{"rendered":"Comedor Rectangular Alto Skempton"},"content":{"rendered":"<div class=\"col-xs-12 col-sm-8 col-md-8\">\n<h1>Comedor Rectangular Alto Skempton<\/h1>\n<div>\n<p>Modelo D394-113+D394-024<\/p>\n<\/div>\n<h5>DETALLES<\/h5>\n<p>Este inteligente juego de mesa con altura de mostrador y taburete de bar te invita a subir el list\u00f3n en espacios reducidos.\u00a0Una elecci\u00f3n inspirada para ambientes costeros chic o de granja moderna, este conjunto de l\u00edneas limpias y simplemente llamativo duplica el encanto con tapas de efecto de tabl\u00f3n de tono marr\u00f3n, combinadas con bases de color blanco gris\u00e1ceo con efecto de frotar para un atractivo desgastado.\u00a0Los estantes abiertos integrados de la mesa aprovechan al m\u00e1ximo cada cent\u00edmetro de espacio.<\/p>\n<div class=\"bulletPoint\">\n<ul>\n<li>Incluye mesa de altura de mostrador y 2 taburetes de bar<\/li>\n<li>Hecho de madera, chapa de acacia y madera sint\u00e9tica.<\/li>\n<li>Acabado blanco gris\u00e1ceo envejecido<\/li>\n<li>Asiento acolchado con tapizado de poli\u00e9ster<\/li>\n<li>3 estantes abiertos<\/li>\n<\/ul>\n<\/div>\n<\/div>\n<div class=\"col-xs-12 col-sm-4 col-md-4 dimensionCustom\">\n<h5><b>DIMENSIONES<\/b><\/h5>\n<ul class=\"dimCustomCls\">\n<li>Ancho: 91,44 cm<\/li>\n<li>Profundidad: 76.20 cm<\/li>\n<li>91,44 cm<\/li>\n<\/ul>\n<h5>PESO<\/h5>\n<p>106 libras (48.08 kgs.)<\/p>\n<h5><b>ENTREGA A DOMICILIO<\/b><\/h5>\n<p>Este servicio se cobra por separado. Tambi\u00e9n puede retirar en el Centro de Distribuci\u00f3n, \u00e9sta, debe ser coordinada con anticipaci\u00f3n.<\/p>\n<h5><b>GARANT\u00cdA LEGAL<\/b><\/h5>\n<p>Los productos poseen una garant\u00eda de 3 meses establecida por la Ley 19.496 Sobre Protecci\u00f3n de los Derechos de Los Consumidores, contados desde la fecha de recepci\u00f3n del producto, en caso de fallas o deficiencias que afecten el uso al cual est\u00e1 destinado el producto. De acuerdo con la ley de protecci\u00f3n al consumidor, en caso de falla del producto tiene el derecho a elegir entre las siguientes opciones:<\/p>\n<ol type=\"I\">\n<li>Reparaci\u00f3n gratuita del producto.<\/li>\n<li>Reposici\u00f3n o cambio.<\/li>\n<li>La devoluci\u00f3n del dinero pagado.<\/li>\n<\/ol>\n<p>Para ejercer este derecho, se deben determinar preliminarmente las causas de falla del producto. No podr\u00e1 ejercer este derecho cuando el deterioro sea imputable al cliente por su mal uso .<\/p>\n<h5>Precio publicado de Zona Franca, a otras regiones se aplica IVA<\/h5>\n<p><b><em>El stock disponible de nuestro producto puede variar, por favor cont\u00e1ctenos para saber m\u00e1s a cerca de la disponibilidad de este producto \u00f3 escr\u00edbenos a nuestro \u00a0<a href=\"https:\/\/wa.me\/56997056557\">Whatsapp<\/a>.<\/em><\/b><\/p>\n<\/div>\n","protected":false},"excerpt":{"rendered":"<h5><span style=\"color: #ff0000;\">Precio publicado de Zona Franca, AL RESTO DEL PA\u00cdS $620.290<\/span><\/h5>\n<h5><b><em>El stock disponible de nuestro producto puede variar, por favor cont\u00e1ctenos para saber m\u00e1s a cerca de la disponibilidad de este producto \u00f3 escr\u00edbenos a nuestro \u00a0<a href=\"https:\/\/wa.me\/56997056557\">Whatsapp<\/a>.<\/em><\/b><\/h5>\n","protected":false},"featured_media":7048,"comment_status":"open","ping_status":"closed","template":"","meta":[],"product_brand":[],"product_cat":[64,102,103],"product_tag":[],"class_list":{"0":"post-7042","1":"product","2":"type-product","3":"status-publish","4":"has-post-thumbnail","6":"product_cat-cocina","7":"product_cat-comedor","8":"product_cat-juego-de-comedor","10":"first","11":"instock","12":"taxable","13":"shipping-taxable","14":"purchasable","15":"product-type-simple"},"_links":{"self":[{"href":"https:\/\/www.aguilamuebles.cl\/tienda\/wp-json\/wp\/v2\/product\/7042","targetHints":{"allow":["GET"]}}],"collection":[{"href":"https:\/\/www.aguilamuebles.cl\/tienda\/wp-json\/wp\/v2\/product"}],"about":[{"href":"https:\/\/www.aguilamuebles.cl\/tienda\/wp-json\/wp\/v2\/types\/product"}],"replies":[{"embeddable":true,"href":"https:\/\/www.aguilamuebles.cl\/tienda\/wp-json\/wp\/v2\/comments?post=7042"}],"wp:featuredmedia":[{"embeddable":true,"href":"https:\/\/www.aguilamuebles.cl\/tienda\/wp-json\/wp\/v2\/media\/7048"}],"wp:attachment":[{"href":"https:\/\/www.aguilamuebles.cl\/tienda\/wp-json\/wp\/v2\/media?parent=7042"}],"wp:term":[{"taxonomy":"product_brand","embeddable":true,"href":"https:\/\/www.aguilamuebles.cl\/tienda\/wp-json\/wp\/v2\/product_brand?post=7042"},{"taxonomy":"product_cat","embeddable":true,"href":"https:\/\/www.aguilamuebles.cl\/tienda\/wp-json\/wp\/v2\/product_cat?post=7042"},{"taxonomy":"product_tag","embeddable":true,"href":"https:\/\/www.aguilamuebles.cl\/tienda\/wp-json\/wp\/v2\/product_tag?post=7042"}],"curies":[{"name":"wp","href":"https:\/\/api.w.org\/{rel}","templated":true}]}}