{"id":7928,"date":"2021-05-04T07:38:37","date_gmt":"2021-05-04T11:38:37","guid":{"rendered":"https:\/\/www.aguilamuebles.cl\/tienda\/?post_type=product&#038;p=7928"},"modified":"2021-07-22T18:05:58","modified_gmt":"2021-07-22T22:05:58","slug":"sofa-3-plaza-kiessel-nuvella-de-ashley","status":"publish","type":"product","link":"https:\/\/www.aguilamuebles.cl\/tienda\/product\/sofa-3-plaza-kiessel-nuvella-de-ashley\/","title":{"rendered":"Sofa 3 plaza Kiessel Nuvella de Ashley"},"content":{"rendered":"<h5>DETALLES<\/h5>\n<p>Robando el espect\u00e1culo con una tapicer\u00eda de acero gris que es suave al tacto pero resistente a las manchas y muy f\u00e1cil de limpiar, este Nuvella y reg; El sof\u00e1 es de alto estilo hecho para la vida real. Perfecto para espacios inspirados o contempor\u00e1neos de mediados de siglo, su perfil de l\u00edneas limpias con brazos de pista y cojines de caja es incre\u00edblemente simple y simplemente brillante. Los cojines decorativos con motivos originales son un giro inesperado.<\/p>\n<div class=\"bulletPoint\">\n<ul>\n<li>Marco esquinas-bloqueadas<\/li>\n<li>respaldo pegado y cojines con asientos flojos<\/li>\n<li>Cojines de espuma de alta-risilencia envueltos en gruesa fibra de polietileno.<\/li>\n<li>Incluye 3 almohadas<\/li>\n<li>Almohadas con suave polillenado<\/li>\n<li>La tapicer\u00eda de poli\u00e9ster (Nuvella &amp; reg) de f\u00e1cil limpieza permanece vibrante y resiste las manchas<\/li>\n<li>Poli\u00e9ster<\/li>\n<li>Almohadas Poliesterac\u00edlicas<\/li>\n<li>Pies expestos con acabado de madera sint\u00e9tica<\/li>\n<li>Platforma de base de sistema que resiste resiste hundimiento 3x mejor que el sistema de resorte despues de 20,000 ciclos de prueba al proveer incluso m\u00e1s apoyo<\/li>\n<\/ul>\n<h5><b>DIMENSIONES<\/b><\/h5>\n<ul class=\"dimCustomCls\">\n<li>Ancho: 215.90 cm<\/li>\n<li>Profundidad: 101.60 cm<\/li>\n<li>Alto: 99.06 cm<\/li>\n<\/ul>\n<h5><b>GARANT\u00cdA LEGAL<\/b><\/h5>\n<p>Los productos poseen una garant\u00eda de 3 meses establecida por la Ley 19.496 Sobre Protecci\u00f3n de los Derechos de Los Consumidores, contados desde la fecha de recepci\u00f3n del producto, en caso de fallas o deficiencias que afecten el uso al cual est\u00e1 destinado el producto. De acuerdo con la ley de protecci\u00f3n al consumidor, en caso de falla del producto tiene el derecho a elegir entre las siguientes opciones:<\/p>\n<ol type=\"I\">\n<li>Reparaci\u00f3n gratuita del producto.<\/li>\n<li>Reposici\u00f3n o cambio.<\/li>\n<li>La devoluci\u00f3n del dinero pagado.<\/li>\n<\/ol>\n<p>Para ejercer este derecho, se deben determinar preliminarmente las causas de falla del producto. No podr\u00e1 ejercer este derecho cuando el deterioro sea imputable al cliente por su mal uso .<\/p>\n<h5>Precio publicado para Zona Franca, A OTRAS REGIONES SE APLICAN COSTOS EXTRAS : IVA(19%), Impuesto ad valorem(6%), generaci\u00f3n de DIN y honorarios de Agencia de aduana.<\/h5>\n<p>Inf\u00f3rmese en Manual de Zona Franca p\u00e1gina 22.<\/p>\n<p><b><em>El stock disponible de nuestro producto puede variar, por favor cont\u00e1ctenos para saber m\u00e1s a cerca de la disponibilidad de este producto \u00f3 escr\u00edbenos a nuestro \u00a0<a href=\"https:\/\/wa.me\/56997056557\">Whatsapp<\/a>.<\/em><\/b><\/p>\n<\/div>\n","protected":false},"excerpt":{"rendered":"<h5><span style=\"color: #ff0000;\">Precio publicado de Zona Franca, AL RESTO DEL PA\u00cdS $829.682<\/span><\/h5>\n<h5><b>DIMENSIONES<\/b><\/h5>\n<ul class=\"dimCustomCls\">\n<li>Ancho: 215.90 cm<\/li>\n<li>Profundidad: 101.60 cm<\/li>\n<li>Alto: 99.06 cm<\/li>\n<\/ul>\n<p><b><em>El stock disponible de nuestro producto puede variar, por favor cont\u00e1ctenos para saber m\u00e1s a cerca de la disponibilidad de este producto \u00f3 escr\u00edbenos a nuestro \u00a0<a href=\"https:\/\/wa.me\/56997056557\">Whatsapp<\/a>.<\/em><\/b><\/p>\n","protected":false},"featured_media":7929,"comment_status":"open","ping_status":"closed","template":"","meta":[],"product_brand":[],"product_cat":[63,83],"product_tag":[],"class_list":{"0":"post-7928","1":"product","2":"type-product","3":"status-publish","4":"has-post-thumbnail","6":"product_cat-living","7":"product_cat-sofa","8":"product_shipping_class-paquete-grande","10":"first","11":"outofstock","12":"sale","13":"taxable","14":"shipping-taxable","15":"purchasable","16":"product-type-simple"},"_links":{"self":[{"href":"https:\/\/www.aguilamuebles.cl\/tienda\/wp-json\/wp\/v2\/product\/7928","targetHints":{"allow":["GET"]}}],"collection":[{"href":"https:\/\/www.aguilamuebles.cl\/tienda\/wp-json\/wp\/v2\/product"}],"about":[{"href":"https:\/\/www.aguilamuebles.cl\/tienda\/wp-json\/wp\/v2\/types\/product"}],"replies":[{"embeddable":true,"href":"https:\/\/www.aguilamuebles.cl\/tienda\/wp-json\/wp\/v2\/comments?post=7928"}],"wp:featuredmedia":[{"embeddable":true,"href":"https:\/\/www.aguilamuebles.cl\/tienda\/wp-json\/wp\/v2\/media\/7929"}],"wp:attachment":[{"href":"https:\/\/www.aguilamuebles.cl\/tienda\/wp-json\/wp\/v2\/media?parent=7928"}],"wp:term":[{"taxonomy":"product_brand","embeddable":true,"href":"https:\/\/www.aguilamuebles.cl\/tienda\/wp-json\/wp\/v2\/product_brand?post=7928"},{"taxonomy":"product_cat","embeddable":true,"href":"https:\/\/www.aguilamuebles.cl\/tienda\/wp-json\/wp\/v2\/product_cat?post=7928"},{"taxonomy":"product_tag","embeddable":true,"href":"https:\/\/www.aguilamuebles.cl\/tienda\/wp-json\/wp\/v2\/product_tag?post=7928"}],"curies":[{"name":"wp","href":"https:\/\/api.w.org\/{rel}","templated":true}]}}