{"id":7965,"date":"2021-05-04T07:46:00","date_gmt":"2021-05-04T11:46:00","guid":{"rendered":"https:\/\/www.aguilamuebles.cl\/tienda\/?post_type=product&#038;p=7965"},"modified":"2022-11-15T17:27:59","modified_gmt":"2022-11-15T21:27:59","slug":"lampara-de-mesa-shavon-de-ashley","status":"publish","type":"product","link":"https:\/\/www.aguilamuebles.cl\/tienda\/product\/lampara-de-mesa-shavon-de-ashley\/","title":{"rendered":"L\u00e1mpara de mesa Shavon de Ashley"},"content":{"rendered":"<h5>DETALLES<\/h5>\n<p>Con un esmalte neutro texturizado, esta l\u00e1mpara de mesa monocrom\u00e1tica trae pensamientos de sol, surf y arena a su espacio. Convierta la elegancia costera en el lado contempor\u00e1neo con esta l\u00e1mpara de transici\u00f3n.<\/p>\n<div class=\"bulletPoint\">\n<ul>\n<li>Hecho de cer\u00e1mica esmaltada con pantalla de tela.<\/li>\n<li>Interruptor de 3 v\u00edas<\/li>\n<li>1 bombilla tipo A (no incluida); 150 vatios m\u00e1ximo o CFL 25 vatios m\u00e1ximo; Listado en UL<\/li>\n<li>Se requiere montaje<\/li>\n<\/ul>\n<h5><b>DIMENSIONES<\/b><\/h5>\n<ul class=\"dimCustomCls\">\n<li>Ancho: 39.37 cm<\/li>\n<li>Profundidad: 39.37 cm<\/li>\n<li>Lamp (1\/CN) Alto: 67.31 cm<\/li>\n<\/ul>\n<h5><b>GARANT\u00cdA LEGAL<\/b><\/h5>\n<p>Los productos poseen una garant\u00eda de 3 meses establecida por la Ley 19.496 Sobre Protecci\u00f3n de los Derechos de Los Consumidores, contados desde la fecha de recepci\u00f3n del producto, en caso de fallas o deficiencias que afecten el uso al cual est\u00e1 destinado el producto. De acuerdo con la ley de protecci\u00f3n al consumidor, en caso de falla del producto tiene el derecho a elegir entre las siguientes opciones:<\/p>\n<ol type=\"I\">\n<li>Reparaci\u00f3n gratuita del producto.<\/li>\n<li>Reposici\u00f3n o cambio.<\/li>\n<li>La devoluci\u00f3n del dinero pagado.<\/li>\n<\/ol>\n<p>Para ejercer este derecho, se deben determinar preliminarmente las causas de falla del producto. No podr\u00e1 ejercer este derecho cuando el deterioro sea imputable al cliente por su mal uso .<\/p>\n<h5>Precio publicado para Zona Franca, A OTRAS REGIONES SE APLICAN COSTOS EXTRAS : IVA(19%), Impuesto ad valorem(6%), generaci\u00f3n de DIN y honorarios de Agencia de aduana.<\/h5>\n<p>Inf\u00f3rmese en Manual de Zona Franca p\u00e1gina 22.<\/p>\n<p><b><em>El stock disponible de nuestro producto puede variar, por favor cont\u00e1ctenos para saber m\u00e1s a cerca de la disponibilidad de este producto \u00f3 escr\u00edbenos a nuestro \u00a0<a href=\"https:\/\/wa.me\/56997056557\">Whatsapp<\/a>.<\/em><\/b><\/p>\n<\/div>\n","protected":false},"excerpt":{"rendered":"<h5><span style=\"color: #ff0000;\">Precio publicado de Zona Franca, AL RESTO DEL PA\u00cdS $134.651<\/span><\/h5>\n<p><b><em>El stock disponible de nuestro producto puede variar, por favor cont\u00e1ctenos para saber m\u00e1s a cerca de la disponibilidad de este producto \u00f3 escr\u00edbenos a nuestro \u00a0<a href=\"https:\/\/wa.me\/56997056557\">Whatsapp<\/a>.<\/em><\/b><\/p>\n","protected":false},"featured_media":7969,"comment_status":"open","ping_status":"closed","template":"","meta":[],"product_brand":[],"product_cat":[149,63],"product_tag":[],"class_list":{"0":"post-7965","1":"product","2":"type-product","3":"status-publish","4":"has-post-thumbnail","6":"product_cat-lamparas","7":"product_cat-living","9":"first","10":"outofstock","11":"sale","12":"taxable","13":"shipping-taxable","14":"purchasable","15":"product-type-simple"},"_links":{"self":[{"href":"https:\/\/www.aguilamuebles.cl\/tienda\/wp-json\/wp\/v2\/product\/7965","targetHints":{"allow":["GET"]}}],"collection":[{"href":"https:\/\/www.aguilamuebles.cl\/tienda\/wp-json\/wp\/v2\/product"}],"about":[{"href":"https:\/\/www.aguilamuebles.cl\/tienda\/wp-json\/wp\/v2\/types\/product"}],"replies":[{"embeddable":true,"href":"https:\/\/www.aguilamuebles.cl\/tienda\/wp-json\/wp\/v2\/comments?post=7965"}],"wp:featuredmedia":[{"embeddable":true,"href":"https:\/\/www.aguilamuebles.cl\/tienda\/wp-json\/wp\/v2\/media\/7969"}],"wp:attachment":[{"href":"https:\/\/www.aguilamuebles.cl\/tienda\/wp-json\/wp\/v2\/media?parent=7965"}],"wp:term":[{"taxonomy":"product_brand","embeddable":true,"href":"https:\/\/www.aguilamuebles.cl\/tienda\/wp-json\/wp\/v2\/product_brand?post=7965"},{"taxonomy":"product_cat","embeddable":true,"href":"https:\/\/www.aguilamuebles.cl\/tienda\/wp-json\/wp\/v2\/product_cat?post=7965"},{"taxonomy":"product_tag","embeddable":true,"href":"https:\/\/www.aguilamuebles.cl\/tienda\/wp-json\/wp\/v2\/product_tag?post=7965"}],"curies":[{"name":"wp","href":"https:\/\/api.w.org\/{rel}","templated":true}]}}