{"id":7986,"date":"2021-04-30T08:11:15","date_gmt":"2021-04-30T12:11:15","guid":{"rendered":"https:\/\/www.aguilamuebles.cl\/tienda\/?post_type=product&#038;p=7986"},"modified":"2023-07-18T13:21:02","modified_gmt":"2023-07-18T17:21:02","slug":"lampara-de-mesa-evania-indigo-de-ashley","status":"publish","type":"product","link":"https:\/\/www.aguilamuebles.cl\/tienda\/product\/lampara-de-mesa-evania-indigo-de-ashley\/","title":{"rendered":"Lampara de mesa Evania Indigo de Ashley"},"content":{"rendered":"<h5>DETALLES<\/h5>\n<h5>Rebosante de puro arte, la paleta de colores de esta l\u00e1mpara de mesa ostenta un estilo elegante dondequiera que se coloque.\u00a0Te encantar\u00e1 c\u00f3mo el hermoso resplandor arroja el encanto contempor\u00e1neo contra el metal envejecido para lograr un acabado cautivador.<\/h5>\n<div class=\"bulletPoint\">\n<ul>\n<li>Hecho de indigo y dorado metal con pantalla de tambor de tela<\/li>\n<li>Interruptor de 3 modos<\/li>\n<li>1 bombilla tipo A (no se incluye); 100 watts max o CFL 23 watts max; Listado UL<\/li>\n<li>Montaje requerido<\/li>\n<li>Limpiar con un pa\u00f1o suave y seco<\/li>\n<\/ul>\n<\/div>\n<div class=\"bulletPoint\">\n<h5><b>DIMENSIONES<\/b><\/h5>\n<ul class=\"dimCustomCls\">\n<li>Ancho: 38.43 cm<\/li>\n<li>Profundidad: 38.43 cm<\/li>\n<li>Alto: 77.47 cm<\/li>\n<\/ul>\n<h5><b>GARANT\u00cdA LEGAL<\/b><\/h5>\n<p>Los productos poseen una garant\u00eda de 3 meses establecida por la Ley 19.496 Sobre Protecci\u00f3n de los Derechos de Los Consumidores, contados desde la fecha de recepci\u00f3n del producto, en caso de fallas o deficiencias que afecten el uso al cual est\u00e1 destinado el producto. De acuerdo con la ley de protecci\u00f3n al consumidor, en caso de falla del producto tiene el derecho a elegir entre las siguientes opciones:<\/p>\n<ol type=\"I\">\n<li>Reparaci\u00f3n gratuita del producto.<\/li>\n<li>Reposici\u00f3n o cambio.<\/li>\n<li>La devoluci\u00f3n del dinero pagado.<\/li>\n<\/ol>\n<p>Para ejercer este derecho, se deben determinar preliminarmente las causas de falla del producto. No podr\u00e1 ejercer este derecho cuando el deterioro sea imputable al cliente por su mal uso .<\/p>\n<h5>Precio publicado para Zona Franca, A OTRAS REGIONES SE APLICAN COSTOS EXTRAS : IVA(19%), Impuesto ad valorem(6%), generaci\u00f3n de DIN y honorarios de Agencia de aduana.<\/h5>\n<p>Inf\u00f3rmese en Manual de Zona Franca p\u00e1gina 22.<\/p>\n<p><b><em>El stock disponible de nuestro producto puede variar, por favor cont\u00e1ctenos para saber m\u00e1s a cerca de la disponibilidad de este producto \u00f3 escr\u00edbenos a nuestro \u00a0<a href=\"https:\/\/wa.me\/56997056557\">Whatsapp<\/a>.<\/em><\/b><\/p>\n<\/div>\n","protected":false},"excerpt":{"rendered":"<h5><span style=\"color: #ff0000;\">Precio publicado de Zona Franca, AL RESTO DEL PA\u00cdS $154.833<\/span><\/h5>\n<p><b><em>El stock disponible de nuestro producto puede variar, por favor cont\u00e1ctenos para saber m\u00e1s a cerca de la disponibilidad de este producto \u00f3 escr\u00edbenos a nuestro \u00a0<a href=\"https:\/\/wa.me\/56997056557\">Whatsapp<\/a>.<\/em><\/b><\/p>\n","protected":false},"featured_media":7989,"comment_status":"open","ping_status":"closed","template":"","meta":[],"product_brand":[],"product_cat":[149,63],"product_tag":[],"class_list":{"0":"post-7986","1":"product","2":"type-product","3":"status-publish","4":"has-post-thumbnail","6":"product_cat-lamparas","7":"product_cat-living","9":"first","10":"instock","11":"sale","12":"taxable","13":"shipping-taxable","14":"purchasable","15":"product-type-simple"},"_links":{"self":[{"href":"https:\/\/www.aguilamuebles.cl\/tienda\/wp-json\/wp\/v2\/product\/7986","targetHints":{"allow":["GET"]}}],"collection":[{"href":"https:\/\/www.aguilamuebles.cl\/tienda\/wp-json\/wp\/v2\/product"}],"about":[{"href":"https:\/\/www.aguilamuebles.cl\/tienda\/wp-json\/wp\/v2\/types\/product"}],"replies":[{"embeddable":true,"href":"https:\/\/www.aguilamuebles.cl\/tienda\/wp-json\/wp\/v2\/comments?post=7986"}],"wp:featuredmedia":[{"embeddable":true,"href":"https:\/\/www.aguilamuebles.cl\/tienda\/wp-json\/wp\/v2\/media\/7989"}],"wp:attachment":[{"href":"https:\/\/www.aguilamuebles.cl\/tienda\/wp-json\/wp\/v2\/media?parent=7986"}],"wp:term":[{"taxonomy":"product_brand","embeddable":true,"href":"https:\/\/www.aguilamuebles.cl\/tienda\/wp-json\/wp\/v2\/product_brand?post=7986"},{"taxonomy":"product_cat","embeddable":true,"href":"https:\/\/www.aguilamuebles.cl\/tienda\/wp-json\/wp\/v2\/product_cat?post=7986"},{"taxonomy":"product_tag","embeddable":true,"href":"https:\/\/www.aguilamuebles.cl\/tienda\/wp-json\/wp\/v2\/product_tag?post=7986"}],"curies":[{"name":"wp","href":"https:\/\/api.w.org\/{rel}","templated":true}]}}