{"id":8281,"date":"2021-05-18T04:56:44","date_gmt":"2021-05-18T08:56:44","guid":{"rendered":"https:\/\/www.aguilamuebles.cl\/tienda\/?post_type=product&#038;p=8281"},"modified":"2021-11-03T09:39:00","modified_gmt":"2021-11-03T13:39:00","slug":"silla-gamer-o-youtuber-ergonomica-negra-con-rojo-lf20139","status":"publish","type":"product","link":"https:\/\/www.aguilamuebles.cl\/tienda\/product\/silla-gamer-o-youtuber-ergonomica-negra-con-rojo-lf20139\/","title":{"rendered":"Silla Oficina Hogar Ergonomico Ejecutivo Comodo Cyber Computacion Negra con rojo LF20139"},"content":{"rendered":"<h4>Modelo LF20139<\/h4>\n<div>\n<h3>Detalles<\/h3>\n<\/div>\n<p>Estar sentado en un escritorio genera esfuerzo en muchas partes del cuerpo, como la columna vertebral, mu\u00f1ecas, cuello y hombros. La nueva silla ergon\u00f3mica de Marca Aguila fue dise\u00f1ada especialmente con cuidado y atenci\u00f3n para aliviar dolores y brindar una mejor postura de juego o trabajo.<\/p>\n<ul>\n<li>Ideal para profesionales que pasan horas frente a un escritorio.<\/li>\n<li>El dise\u00f1o y la posici\u00f3n m\u00e1s ergon\u00f3mica del segmento.<\/li>\n<li>Base s\u00f3lida de 5 brazos para mayor estabilidad y movilidad.<\/li>\n<li>Altura ajustables.<\/li>\n<li>Construida sobre estructura met\u00e1lica.<\/li>\n<li>Inclinaci\u00f3n s\u00edncrona del chasis.<\/li>\n<li>Peso soportado: Hasta 100 kg.<\/li>\n<\/ul>\n<div>\n<h3>Material<\/h3>\n<\/div>\n<ul>\n<li>Tapizado en Cuero Sint\u00e9tico<\/li>\n<li>Reposabrazos en PVC negro<\/li>\n<li>Base cromado<\/li>\n<li>Relleno de espuma de alta densidad<\/li>\n<\/ul>\n<h5><b>ENTREGA A DOMICILIO<\/b><\/h5>\n<p>Este servicio se cobra por separado. Tambi\u00e9n puede retirar en el Centro de Distribuci\u00f3n, \u00e9sta, debe ser coordinada con anticipaci\u00f3n.<\/p>\n<h5><b>GARANT\u00cdA LEGAL<\/b><\/h5>\n<p>Los productos poseen una garant\u00eda de 3 meses establecida por la Ley 19.496 Sobre Protecci\u00f3n de los Derechos de Los Consumidores, contados desde la fecha de recepci\u00f3n del producto, en caso de fallas o deficiencias que afecten el uso al cual est\u00e1 destinado el producto. De acuerdo con la ley de protecci\u00f3n al consumidor, en caso de falla del producto tiene el derecho a elegir entre las siguientes opciones:<\/p>\n<ol type=\"I\">\n<li>Reparaci\u00f3n gratuita del producto.<\/li>\n<li>Reposici\u00f3n o cambio.<\/li>\n<li>La devoluci\u00f3n del dinero pagado.<\/li>\n<\/ol>\n<p>Para ejercer este derecho, se deben determinar preliminarmente las causas de falla del producto. No podr\u00e1 ejercer este derecho cuando el deterioro sea imputable al cliente por su mal uso .<\/p>\n<h5>Precio publicado para Zona Franca, A OTRAS REGIONES SE APLICAN COSTOS EXTRAS : IVA(19%), Impuesto ad valorem(6%), generaci\u00f3n de DIN y honorarios de Agencia de aduana.<\/h5>\n<p>Inf\u00f3rmese en Manual de Zona Franca p\u00e1gina 22.<\/p>\n<p><b><em>El stock disponible de nuestros productos puede variar, por favor cont\u00e1ctenos para saber m\u00e1s acerca de la disponibilidad de este producto o escr\u00edbanos a nuestro \u00a0<a href=\"https:\/\/wa.me\/56997056557\">Whatsapp<\/a>.<\/em><\/b><\/p>\n","protected":false},"excerpt":{"rendered":"<h5><span style=\"color: #ff0000;\">Precio publicado de Zona Franca, AL RESTO DEL PA\u00cdS $116.991-<\/span><\/h5>\n<p>Disponible pr\u00f3ximamente.<\/p>\n","protected":false},"featured_media":8282,"comment_status":"open","ping_status":"closed","template":"","meta":[],"product_brand":[],"product_cat":[65,139,107],"product_tag":[],"class_list":{"0":"post-8281","1":"product","2":"type-product","3":"status-publish","4":"has-post-thumbnail","6":"product_cat-oficina","7":"product_cat-sillas-oficina","8":"product_cat-sillas-de-oficina","9":"product_shipping_class-oficinas","11":"first","12":"outofstock","13":"sale","14":"taxable","15":"shipping-taxable","16":"purchasable","17":"product-type-simple"},"_links":{"self":[{"href":"https:\/\/www.aguilamuebles.cl\/tienda\/wp-json\/wp\/v2\/product\/8281","targetHints":{"allow":["GET"]}}],"collection":[{"href":"https:\/\/www.aguilamuebles.cl\/tienda\/wp-json\/wp\/v2\/product"}],"about":[{"href":"https:\/\/www.aguilamuebles.cl\/tienda\/wp-json\/wp\/v2\/types\/product"}],"replies":[{"embeddable":true,"href":"https:\/\/www.aguilamuebles.cl\/tienda\/wp-json\/wp\/v2\/comments?post=8281"}],"wp:featuredmedia":[{"embeddable":true,"href":"https:\/\/www.aguilamuebles.cl\/tienda\/wp-json\/wp\/v2\/media\/8282"}],"wp:attachment":[{"href":"https:\/\/www.aguilamuebles.cl\/tienda\/wp-json\/wp\/v2\/media?parent=8281"}],"wp:term":[{"taxonomy":"product_brand","embeddable":true,"href":"https:\/\/www.aguilamuebles.cl\/tienda\/wp-json\/wp\/v2\/product_brand?post=8281"},{"taxonomy":"product_cat","embeddable":true,"href":"https:\/\/www.aguilamuebles.cl\/tienda\/wp-json\/wp\/v2\/product_cat?post=8281"},{"taxonomy":"product_tag","embeddable":true,"href":"https:\/\/www.aguilamuebles.cl\/tienda\/wp-json\/wp\/v2\/product_tag?post=8281"}],"curies":[{"name":"wp","href":"https:\/\/api.w.org\/{rel}","templated":true}]}}