{"id":8454,"date":"2021-05-27T22:59:38","date_gmt":"2021-05-28T02:59:38","guid":{"rendered":"https:\/\/www.aguilamuebles.cl\/tienda\/?post_type=product&#038;p=8454"},"modified":"2025-08-14T11:44:40","modified_gmt":"2025-08-14T15:44:40","slug":"silla-de-oficina-reclinable-820b","status":"publish","type":"product","link":"https:\/\/www.aguilamuebles.cl\/tienda\/product\/silla-de-oficina-reclinable-820b\/","title":{"rendered":"Silla Oficina Hogar Ergonomico Ejecutivo Comodo Cyber Computacion 820B"},"content":{"rendered":"<div>\n<h3>Detalles<\/h3>\n<\/div>\n<p>Estar sentado en un escritorio genera esfuerzo en muchas partes del cuerpo, como la columna vertebral, mu\u00f1ecas, cuello y hombros. La nueva silla ergon\u00f3mica de Marca Aguila fue dise\u00f1ada especialmente con cuidado y atenci\u00f3n para aliviar dolores y brindar una mejor postura de juego o trabajo.<\/p>\n<ul>\n<li>Ideal para profesionales que pasan horas frente a un escritorio.<\/li>\n<li>Base s\u00f3lida de 5 brazos para mayor estabilidad y movilidad.<\/li>\n<li>Altura ajustables.<\/li>\n<li>Construida sobre estructura met\u00e1lica.<\/li>\n<li>Peso soportado: Hasta 100 kg.<\/li>\n<\/ul>\n<div>\n<h3>Material<\/h3>\n<\/div>\n<ul>\n<li>Asiento tapizado en Tela + Cuero sint\u00e9tico<\/li>\n<li>Respaldo en Tela + Cuero sint\u00e9tico<\/li>\n<li>Reposabrazos en PVC negro<\/li>\n<li>Base cromado<\/li>\n<li>Relleno de espuma de alta densidad<\/li>\n<\/ul>\n<h5>Precio publicado para Zona Franca, A OTRAS REGIONES SE APLICAN COSTOS EXTRAS : IVA(19%), Impuesto ad valorem(6%), generaci\u00f3n de DIN y honorarios de Agencia de aduana.<\/h5>\n<p>Inf\u00f3rmese en Manual de Zona Franca p\u00e1gina 22.<\/p>\n<h5><b><em>El stock disponible de nuestros productos puede variar, por favor cont\u00e1ctenos para saber m\u00e1s a cerca de la disponibilidad de este producto o escr\u00edbenos a nuestro \u00a0<a href=\"https:\/\/wa.me\/56997056557\">Whatsapp<\/a>.<\/em><\/b><\/h5>\n","protected":false},"excerpt":{"rendered":"<h5><span style=\"color: #0000ff;\">Precio publicado de Zona Franca, AL RESTO DEL PA\u00cdS $142.219<\/span><\/h5>\n<p><b><em>El stock disponible de nuestro producto puede variar, por favor cont\u00e1ctenos para saber m\u00e1s a cerca de la disponibilidad de este producto \u00f3 escr\u00edbenos a nuestro \u00a0<a href=\"https:\/\/wa.me\/56997056557\">Whatsapp<\/a>.<\/em><\/b><\/p>\n","protected":false},"featured_media":8455,"comment_status":"open","ping_status":"closed","template":"","meta":[],"product_brand":[],"product_cat":[65,139],"product_tag":[],"class_list":{"0":"post-8454","1":"product","2":"type-product","3":"status-publish","4":"has-post-thumbnail","6":"product_cat-oficina","7":"product_cat-sillas-oficina","8":"product_shipping_class-oficinas","10":"first","11":"instock","12":"sale","13":"taxable","14":"shipping-taxable","15":"purchasable","16":"product-type-simple"},"_links":{"self":[{"href":"https:\/\/www.aguilamuebles.cl\/tienda\/wp-json\/wp\/v2\/product\/8454","targetHints":{"allow":["GET"]}}],"collection":[{"href":"https:\/\/www.aguilamuebles.cl\/tienda\/wp-json\/wp\/v2\/product"}],"about":[{"href":"https:\/\/www.aguilamuebles.cl\/tienda\/wp-json\/wp\/v2\/types\/product"}],"replies":[{"embeddable":true,"href":"https:\/\/www.aguilamuebles.cl\/tienda\/wp-json\/wp\/v2\/comments?post=8454"}],"wp:featuredmedia":[{"embeddable":true,"href":"https:\/\/www.aguilamuebles.cl\/tienda\/wp-json\/wp\/v2\/media\/8455"}],"wp:attachment":[{"href":"https:\/\/www.aguilamuebles.cl\/tienda\/wp-json\/wp\/v2\/media?parent=8454"}],"wp:term":[{"taxonomy":"product_brand","embeddable":true,"href":"https:\/\/www.aguilamuebles.cl\/tienda\/wp-json\/wp\/v2\/product_brand?post=8454"},{"taxonomy":"product_cat","embeddable":true,"href":"https:\/\/www.aguilamuebles.cl\/tienda\/wp-json\/wp\/v2\/product_cat?post=8454"},{"taxonomy":"product_tag","embeddable":true,"href":"https:\/\/www.aguilamuebles.cl\/tienda\/wp-json\/wp\/v2\/product_tag?post=8454"}],"curies":[{"name":"wp","href":"https:\/\/api.w.org\/{rel}","templated":true}]}}