{"id":8648,"date":"2021-06-07T02:40:35","date_gmt":"2021-06-07T06:40:35","guid":{"rendered":"https:\/\/www.aguilamuebles.cl\/tienda\/?post_type=product&#038;p=8648"},"modified":"2026-03-31T06:14:36","modified_gmt":"2026-03-31T10:14:36","slug":"silla-ejecutiva-para-oficina-y-hogar-a-9883h-7-azu","status":"publish","type":"product","link":"https:\/\/www.aguilamuebles.cl\/tienda\/product\/silla-ejecutiva-para-oficina-y-hogar-a-9883h-7-azu\/","title":{"rendered":"Silla Oficina Hogar Ergonomico Ejecutivo Comodo Cyber Computacion Black A-9883H-7-AZU"},"content":{"rendered":"<div>\n<h3>Detalles<\/h3>\n<\/div>\n<p>Estar sentado en un escritorio genera esfuerzo en muchas partes del cuerpo, como la columna vertebral, mu\u00f1ecas, cuello y hombros. La nueva silla ejecutiva ergon\u00f3mica de Aguila fue dise\u00f1ada especialmente con cuidado y atenci\u00f3n para aliviar dolores y brindar una mejor postura de juego o trabajo.<\/p>\n<ul>\n<li>Ideal para profesionales y gamers que pasan horas frente a un escritorio.<\/li>\n<li>El dise\u00f1o y la posici\u00f3n m\u00e1s ergon\u00f3mica del segmento.<\/li>\n<li>Base s\u00f3lida de 5 brazos para mayor estabilidad y movilidad.<\/li>\n<li>Reposabrazos ergon\u00f3micos se levanta y se inclina<\/li>\n<li>Altura ajustables<\/li>\n<li>Construida sobre estructura met\u00e1lica<\/li>\n<li>Inclinaci\u00f3n s\u00edncrona del chasis<\/li>\n<li>Peso soportado: Hasta 100 kg<\/li>\n<\/ul>\n<div>\n<h3>Material<\/h3>\n<\/div>\n<ul>\n<li>Forrado de cuero sint\u00e9tico PU<\/li>\n<li>Reposabrazos cubierto de cuero sint\u00e9tico PU<\/li>\n<li>Base cromado<\/li>\n<li>Ruedas nylon<\/li>\n<li>Relleno de espuma de alta densidad<\/li>\n<\/ul>\n<h5>Precio publicado para Zona Franca, A OTRAS REGIONES SE APLICAN COSTOS EXTRAS : IVA(19%), Impuesto ad valorem(6%), generaci\u00f3n de DIN y honorarios de Agencia de aduana.<\/h5>\n<p>Inf\u00f3rmese en Manual de Zona Franca p\u00e1gina 22.<\/p>\n<p><b><em>El stock disponible de nuestro producto puede variar, por favor cont\u00e1ctenos para saber m\u00e1s a cerca de la disponibilidad de este producto \u00f3 escr\u00edbenos a nuestro \u00a0<a href=\"https:\/\/wa.me\/56997056557\">Whatsapp<\/a>.<\/em><\/b><\/p>\n","protected":false},"excerpt":{"rendered":"<div class=\"woocommerce-product-details__short-description\">\n<h5><span style=\"color: #ff0000;\">AL RESTO DEL PA\u00cdS $123.172<\/span><\/h5>\n<p><span style=\"color: #ff0000;\"><b><em>El stock disponible de nuestro producto puede variar, por favor cont\u00e1ctenos para saber m\u00e1s a cerca de la disponibilidad de este producto \u00f3 escr\u00edbenos a nuestro \u00a0<a style=\"color: #ff0000;\" href=\"https:\/\/wa.me\/56997056557\">Whatsapp<\/a>.<\/em><\/b><\/span><\/p>\n<\/div>\n<p class=\"stock available-on-backorder\"><span style=\"color: #ff0000;\">Disponible para Entrega Inmediata.<\/span><\/p>\n<h5><span style=\"color: #ff0000;\">Entrega a domicilio, este servicio se cobra por aparte. Tambi\u00e9n puede retirar en nuestra Tienda, ubicado en Manzana E sitio 48E \u2013 Barrio Industrial (diagonal a la puerta 4 de Zofri).<\/span><\/h5>\n<p><span style=\"color: #ff0000;\">Horario de atenci\u00f3n de lunes a viernes.<\/span><br \/>\n<span style=\"color: #ff0000;\">De 8:30 a 14HRS y De 15 a 18:30HRS<\/span><\/p>\n<div class=\"shareThis\"><span class=\"socLeft\" style=\"color: #ff0000;\"><img decoding=\"async\" src=\"https:\/\/intlhomestore.com\/layout\/one_1920\/images\/cst-Facebook.png\" alt=\"\" \/><img decoding=\"async\" class=\"\" src=\"https:\/\/intlhomestore.com\/layout\/one_1920\/images\/cst-email.png\" alt=\"\" \/><\/span><\/div>\n","protected":false},"featured_media":8650,"comment_status":"open","ping_status":"closed","template":"","meta":[],"product_brand":[],"product_cat":[65,139,164,106],"product_tag":[],"class_list":{"0":"post-8648","1":"product","2":"type-product","3":"status-publish","4":"has-post-thumbnail","6":"product_cat-oficina","7":"product_cat-sillas-oficina","8":"product_cat-sillas-gamer","9":"product_cat-zona-gamer","10":"product_shipping_class-oficinas","12":"first","13":"instock","14":"sale","15":"taxable","16":"shipping-taxable","17":"purchasable","18":"product-type-simple"},"_links":{"self":[{"href":"https:\/\/www.aguilamuebles.cl\/tienda\/wp-json\/wp\/v2\/product\/8648","targetHints":{"allow":["GET"]}}],"collection":[{"href":"https:\/\/www.aguilamuebles.cl\/tienda\/wp-json\/wp\/v2\/product"}],"about":[{"href":"https:\/\/www.aguilamuebles.cl\/tienda\/wp-json\/wp\/v2\/types\/product"}],"replies":[{"embeddable":true,"href":"https:\/\/www.aguilamuebles.cl\/tienda\/wp-json\/wp\/v2\/comments?post=8648"}],"wp:featuredmedia":[{"embeddable":true,"href":"https:\/\/www.aguilamuebles.cl\/tienda\/wp-json\/wp\/v2\/media\/8650"}],"wp:attachment":[{"href":"https:\/\/www.aguilamuebles.cl\/tienda\/wp-json\/wp\/v2\/media?parent=8648"}],"wp:term":[{"taxonomy":"product_brand","embeddable":true,"href":"https:\/\/www.aguilamuebles.cl\/tienda\/wp-json\/wp\/v2\/product_brand?post=8648"},{"taxonomy":"product_cat","embeddable":true,"href":"https:\/\/www.aguilamuebles.cl\/tienda\/wp-json\/wp\/v2\/product_cat?post=8648"},{"taxonomy":"product_tag","embeddable":true,"href":"https:\/\/www.aguilamuebles.cl\/tienda\/wp-json\/wp\/v2\/product_tag?post=8648"}],"curies":[{"name":"wp","href":"https:\/\/api.w.org\/{rel}","templated":true}]}}