{"id":8711,"date":"2021-06-07T08:31:25","date_gmt":"2021-06-07T12:31:25","guid":{"rendered":"https:\/\/www.aguilamuebles.cl\/tienda\/?post_type=product&#038;p=8711"},"modified":"2021-10-10T16:21:38","modified_gmt":"2021-10-10T20:21:38","slug":"sofa-chaise-acero-de-ashley","status":"publish","type":"product","link":"https:\/\/www.aguilamuebles.cl\/tienda\/product\/sofa-chaise-acero-de-ashley\/","title":{"rendered":"Sof\u00e1 seccional acero de Ashley 9150118"},"content":{"rendered":"<h5>DETALLES<\/h5>\n<p>Esta sof\u00e1 ultra contempor\u00e1neo lo invita a relajarse y ponerse c\u00f3modo. Los brazos lineales ofrecen una est\u00e9tica limpia y elegante, mientras que los cojines son un gui\u00f1o al dise\u00f1o de mediados de siglo. Tenga la seguridad, una otomana m\u00f3vil y cojines de asiento reversibles le permiten colocar el div\u00e1n a ambos lados para un ajuste perfecto. La piel sint\u00e9tica gris metalizado ofrece el aspecto fresco y desgastado que te encanta y la sensaci\u00f3n suave al tacto que anhelas.<\/p>\n<div class=\"bulletPoint\">\n<ul>\n<li>Marco de esquina bloqueada<\/li>\n<li>Costuras jumbo de contraste<\/li>\n<li>Respaldo adjunto y cojines de asiento.<\/li>\n<li>Cojines de espuma de alta resistencia envueltos en fibra de polietileno espesa<\/li>\n<li>Tapizado de poli\u00e9ster \/ poliuretano<\/li>\n<li>Pies expuestos con acabado en madera sint\u00e9tica<\/li>\n<li>La chaise puede colocarse a ambos lados (gracias al coj\u00edn del asiento reversible y la otomana m\u00f3vil)<\/li>\n<li>El sistema de base de la plataforma resiste el hundimiento 3 veces mejor que el sistema de resorte despu\u00e9s de 20,000 ciclos de prueba al proporcionar un soporte m\u00e1s nivelado<\/li>\n<li>La base de la plataforma lisa mantiene una apariencia tersa y sin arrugas, sin ca\u00eddas ni hundimientos que pueden ocurrir con el tiempo en bases de resortes sinuosos<\/li>\n<\/ul>\n<h5><b>DIMENSIONES<\/b><\/h5>\n<ul class=\"dimCustomCls\">\n<li>Ancho: 215.90 cm<\/li>\n<li>Profundidad: 157.48 cm<\/li>\n<li>Alto: 96.52 cm<\/li>\n<\/ul>\n<\/div>\n<h5><b>GARANT\u00cdA LEGAL<\/b><\/h5>\n<p>Los productos poseen una garant\u00eda de 3 meses establecida por la Ley 19.496 Sobre Protecci\u00f3n de los Derechos de Los Consumidores, contados desde la fecha de recepci\u00f3n del producto, en caso de fallas o deficiencias que afecten el uso al cual est\u00e1 destinado el producto. De acuerdo con la ley de protecci\u00f3n al consumidor, en caso de falla del producto tiene el derecho a elegir entre las siguientes opciones:<\/p>\n<ol type=\"I\">\n<li>Reparaci\u00f3n gratuita del producto.<\/li>\n<li>Reposici\u00f3n o cambio.<\/li>\n<li>La devoluci\u00f3n del dinero pagado.<\/li>\n<\/ol>\n<p>Para ejercer este derecho, se deben determinar preliminarmente las causas de falla del producto. No podr\u00e1 ejercer este derecho cuando el deterioro sea imputable al cliente por su mal uso .<\/p>\n<h5>Precio publicado para Zona Franca, A OTRAS REGIONES SE APLICAN COSTOS EXTRAS : IVA(19%), Impuesto ad valorem(6%), generaci\u00f3n de DIN y honorarios de Agencia de aduana.<\/h5>\n<p>Inf\u00f3rmese en Manual de Zona Franca p\u00e1gina 22.<\/p>\n<p><b><em>El stock disponible de nuestro producto puede variar, por favor cont\u00e1ctenos para saber m\u00e1s a cerca de la disponibilidad de este producto \u00f3 escr\u00edbenos a nuestro \u00a0<a href=\"https:\/\/wa.me\/56997056557\">Whatsapp<\/a>.<\/em><\/b><\/p>\n","protected":false},"excerpt":{"rendered":"<h5><span style=\"color: #ff0000;\">AL RESTO DEL PA\u00cdS $1.094.576-<\/span><\/h5>\n<p><b><em>El stock disponible de nuestro producto puede variar, por favor cont\u00e1ctenos para saber m\u00e1s a cerca de la disponibilidad de este producto \u00f3 escr\u00edbenos a nuestro \u00a0<a href=\"https:\/\/wa.me\/56997056557\">Whatsapp<\/a>.<\/em><\/b><\/p>\n","protected":false},"featured_media":8714,"comment_status":"open","ping_status":"closed","template":"","meta":[],"product_brand":[],"product_cat":[63,83],"product_tag":[],"class_list":{"0":"post-8711","1":"product","2":"type-product","3":"status-publish","4":"has-post-thumbnail","6":"product_cat-living","7":"product_cat-sofa","8":"product_shipping_class-paquete-grande","10":"first","11":"instock","12":"sale","13":"taxable","14":"shipping-taxable","15":"purchasable","16":"product-type-simple"},"_links":{"self":[{"href":"https:\/\/www.aguilamuebles.cl\/tienda\/wp-json\/wp\/v2\/product\/8711","targetHints":{"allow":["GET"]}}],"collection":[{"href":"https:\/\/www.aguilamuebles.cl\/tienda\/wp-json\/wp\/v2\/product"}],"about":[{"href":"https:\/\/www.aguilamuebles.cl\/tienda\/wp-json\/wp\/v2\/types\/product"}],"replies":[{"embeddable":true,"href":"https:\/\/www.aguilamuebles.cl\/tienda\/wp-json\/wp\/v2\/comments?post=8711"}],"wp:featuredmedia":[{"embeddable":true,"href":"https:\/\/www.aguilamuebles.cl\/tienda\/wp-json\/wp\/v2\/media\/8714"}],"wp:attachment":[{"href":"https:\/\/www.aguilamuebles.cl\/tienda\/wp-json\/wp\/v2\/media?parent=8711"}],"wp:term":[{"taxonomy":"product_brand","embeddable":true,"href":"https:\/\/www.aguilamuebles.cl\/tienda\/wp-json\/wp\/v2\/product_brand?post=8711"},{"taxonomy":"product_cat","embeddable":true,"href":"https:\/\/www.aguilamuebles.cl\/tienda\/wp-json\/wp\/v2\/product_cat?post=8711"},{"taxonomy":"product_tag","embeddable":true,"href":"https:\/\/www.aguilamuebles.cl\/tienda\/wp-json\/wp\/v2\/product_tag?post=8711"}],"curies":[{"name":"wp","href":"https:\/\/api.w.org\/{rel}","templated":true}]}}