{"id":9543,"date":"2021-07-06T17:52:21","date_gmt":"2021-07-06T21:52:21","guid":{"rendered":"https:\/\/www.aguilamuebles.cl\/tienda\/?post_type=product&#038;p=9543"},"modified":"2025-09-23T22:40:20","modified_gmt":"2025-09-24T02:40:20","slug":"quinnland-sofa-console-table-a4000077","status":"publish","type":"product","link":"https:\/\/www.aguilamuebles.cl\/tienda\/product\/quinnland-sofa-console-table-a4000077\/","title":{"rendered":"Quinnland Sofa\/Console Table A4000077"},"content":{"rendered":"<div class=\"row\">\n<h3 class=\"col-sm-3 col-md-3 col-lg-3 col-xl-2\"><strong>Detalles<\/strong><\/h3>\n<div class=\"col-sm-9 col-md-9 col-lg-9 col-xl-10\">Esta mesa de sof\u00e1 consola tiene un estilo con un prop\u00f3sito.\u00a0Este look casual luce un patr\u00f3n de medall\u00f3n a lo largo del frente.\u00a0El metal con acabado en color champ\u00e1n complementa la madera con acabado gris envejecido.\u00a0Muestra la decoraci\u00f3n en la parte superior.\u00a0Tenga la seguridad de que la base X es tan fuerte como parece.\u00a0El caj\u00f3n funcional le permite mantener las chucher\u00edas fuera de la vista.<\/div>\n<\/div>\n<div class=\"row\">\n<div class=\"col-sm-3 col-md-3 col-lg-3 col-xl-2\"><strong>Caracter\u00edsticas de la serie:<\/strong><\/div>\n<div class=\"col-sm-9 col-md-9 col-lg-9 col-xl-10\">Consola Sof\u00e1 Mesa.\u00a0Construido de madera maciza con acabado gris antiguo y metal con acabado champ\u00e1n.\u00a0Tiradores de caj\u00f3n con acabado champ\u00e1n.\u00a01 caj\u00f3n.<\/div>\n<\/div>\n<ul class=\"ng-star-inserted\">\n<li class=\"orangecolor\">De madera maciza<\/li>\n<li class=\"orangecolor\">Metal acabado color champ\u00e1n<\/li>\n<li class=\"orangecolor\">1 caj\u00f3n<\/li>\n<\/ul>\n<h5><b>DIMENSIONES<\/b><\/h5>\n<ul class=\"dimCustomCls\">\n<li>Ancho: 152.4 cm<\/li>\n<li>Profundidad: 40.64 cm<\/li>\n<li>Alto: 81.915 cm<\/li>\n<\/ul>\n<h5><b>GARANT\u00cdA LEGAL<\/b><\/h5>\n<p>Los productos poseen una garant\u00eda de 3 meses establecida por la Ley 19.496 Sobre Protecci\u00f3n de los Derechos de Los Consumidores, contados desde la fecha de recepci\u00f3n del producto, en caso de fallas o deficiencias que afecten el uso al cual est\u00e1 destinado el producto. De acuerdo con la ley de protecci\u00f3n al consumidor, en caso de falla del producto tiene el derecho a elegir entre las siguientes opciones:<\/p>\n<ol type=\"I\">\n<li>Reparaci\u00f3n gratuita del producto.<\/li>\n<li>Reposici\u00f3n o cambio.<\/li>\n<li>La devoluci\u00f3n del dinero pagado.<\/li>\n<\/ol>\n<p>Para ejercer este derecho, se deben determinar preliminarmente las causas de falla del producto. No podr\u00e1 ejercer este derecho cuando el deterioro sea imputable al cliente por su mal uso .<\/p>\n<h5>Precio publicado para Zona Franca, A OTRAS REGIONES SE APLICAN COSTOS EXTRAS : IVA(19%), Impuesto ad valorem(6%), generaci\u00f3n de DIN y honorarios de Agencia de aduana.<\/h5>\n<p>Inf\u00f3rmese en Manual de Zona Franca p\u00e1gina 22.<\/p>\n<p><b><em>El stock disponible de nuestro producto puede variar, por favor cont\u00e1ctenos para saber m\u00e1s a cerca de la disponibilidad de este producto \u00f3 escr\u00edbenos a nuestro \u00a0<span style=\"color: #ff0000;\"><a style=\"color: #ff0000;\" href=\"https:\/\/wa.me\/56997056557\">Whatsapp<\/a>.<\/span><\/em><\/b><\/p>\n","protected":false},"excerpt":{"rendered":"<div class=\"woocommerce-product-details__short-description\">\n<h5><span style=\"color: #ff0000;\">AL RESTO DEL PA\u00cdS $639.211<\/span><\/h5>\n<h5><span style=\"color: #ff0000;\"><b><em>El stock disponible de nuestro producto puede variar, por favor cont\u00e1ctenos para saber m\u00e1s a cerca de la disponibilidad de este producto \u00f3 escr\u00edbenos a nuestro \u00a0<a style=\"color: #ff0000;\" href=\"https:\/\/wa.me\/56997056557\">Whatsapp<\/a>.<\/em><\/b><\/span><\/h5>\n<\/div>\n<p class=\"stock available-on-backorder\"><span style=\"color: #ff0000;\">Disponible para Entrega Inmediata.<\/span><\/p>\n<h5><span style=\"color: #ff0000;\">Entrega a domicilio<\/span><\/h5>\n<p><span style=\"color: #ff0000;\">Este servicio se cobra por aparte. Tambi\u00e9n puede retirar en nuestra Tienda, ubicado en Manzana E sitio 48E \u2013 Barrio Industrial (diagonal a la puerta 4 de Zofri).<\/span><\/p>\n<p>Horario de atenci\u00f3n de lunes a viernes.<br \/>\nDe 8:30 a 14HRS y De 15 a 18:30HRS<\/p>\n<div class=\"shareThis\"><span class=\"socLeft\"><a><img decoding=\"async\" src=\"https:\/\/intlhomestore.com\/layout\/one_1920\/images\/cst-Facebook.png\" alt=\"\" \/><\/a><img decoding=\"async\" class=\"\" src=\"https:\/\/intlhomestore.com\/layout\/one_1920\/images\/cst-email.png\" alt=\"\" \/><\/span><\/div>\n","protected":false},"featured_media":9578,"comment_status":"open","ping_status":"closed","template":"","meta":[],"product_brand":[],"product_cat":[63,147,146],"product_tag":[],"class_list":{"0":"post-9543","1":"product","2":"type-product","3":"status-publish","4":"has-post-thumbnail","6":"product_cat-living","7":"product_cat-mesa-de-arrimo","8":"product_cat-mesa-lateral-2","10":"first","11":"instock","12":"sale","13":"taxable","14":"shipping-taxable","15":"purchasable","16":"product-type-simple"},"_links":{"self":[{"href":"https:\/\/www.aguilamuebles.cl\/tienda\/wp-json\/wp\/v2\/product\/9543","targetHints":{"allow":["GET"]}}],"collection":[{"href":"https:\/\/www.aguilamuebles.cl\/tienda\/wp-json\/wp\/v2\/product"}],"about":[{"href":"https:\/\/www.aguilamuebles.cl\/tienda\/wp-json\/wp\/v2\/types\/product"}],"replies":[{"embeddable":true,"href":"https:\/\/www.aguilamuebles.cl\/tienda\/wp-json\/wp\/v2\/comments?post=9543"}],"wp:featuredmedia":[{"embeddable":true,"href":"https:\/\/www.aguilamuebles.cl\/tienda\/wp-json\/wp\/v2\/media\/9578"}],"wp:attachment":[{"href":"https:\/\/www.aguilamuebles.cl\/tienda\/wp-json\/wp\/v2\/media?parent=9543"}],"wp:term":[{"taxonomy":"product_brand","embeddable":true,"href":"https:\/\/www.aguilamuebles.cl\/tienda\/wp-json\/wp\/v2\/product_brand?post=9543"},{"taxonomy":"product_cat","embeddable":true,"href":"https:\/\/www.aguilamuebles.cl\/tienda\/wp-json\/wp\/v2\/product_cat?post=9543"},{"taxonomy":"product_tag","embeddable":true,"href":"https:\/\/www.aguilamuebles.cl\/tienda\/wp-json\/wp\/v2\/product_tag?post=9543"}],"curies":[{"name":"wp","href":"https:\/\/api.w.org\/{rel}","templated":true}]}}