{"id":9606,"date":"2021-07-06T18:07:01","date_gmt":"2021-07-06T22:07:01","guid":{"rendered":"https:\/\/www.aguilamuebles.cl\/tienda\/?post_type=product&#038;p=9606"},"modified":"2024-06-13T11:56:14","modified_gmt":"2024-06-13T15:56:14","slug":"norcastle-end-table-t499-6","status":"publish","type":"product","link":"https:\/\/www.aguilamuebles.cl\/tienda\/product\/norcastle-end-table-t499-6\/","title":{"rendered":"Norcastle End Table T499-6"},"content":{"rendered":"<div class=\"row\">\n<h3 class=\"col-sm-3 col-md-3 col-lg-3 col-xl-2\"><strong>Detalles<\/strong><\/h3>\n<div class=\"col-sm-9 col-md-9 col-lg-9 col-xl-10\">Esta mesa auxiliar redonda merece un brindis por incorporar tantos elementos a la perfecci\u00f3n.\u00a0Los remolinos de acentos met\u00e1licos agregan una dimensi\u00f3n encantadora debajo de una mesa de vidrio biselado.\u00a0Su patr\u00f3n fantasioso se refleja en las tallas y curvas de las piernas y camillas ricamente te\u00f1idas.<\/div>\n<div><\/div>\n<\/div>\n<div class=\"row\">\n<div class=\"col-sm-3 col-md-3 col-lg-3 col-xl-2\"><strong>Caracter\u00edsticas del art\u00edculo:<\/strong><\/div>\n<div class=\"col-sm-9 col-md-9 col-lg-9 col-xl-10\">Acabado marr\u00f3n oscuro en chapas de abedul seleccionadas y s\u00f3lidos de madera dura.<\/div>\n<div><\/div>\n<\/div>\n<div class=\"row\">\n<div class=\"col-sm-3 col-md-3 col-lg-3 col-xl-2\"><strong>Caracter\u00edsticas de la serie:<\/strong><\/div>\n<div class=\"col-sm-9 col-md-9 col-lg-9 col-xl-10\">Acabado marr\u00f3n oscuro en chapas de abedul seleccionadas y s\u00f3lidos de madera dura.\u00a0Filigrana moldeada bajo vidrio flotado biselado transparente.\u00a0Piernas bien formadas y camillas.\u00a0Construcci\u00f3n RTA.<\/div>\n<\/div>\n<ul class=\"ng-star-inserted\">\n<li class=\"orangecolor\"><span class=\"goog-text-highlight\">se requiere ensamblaje<\/span><\/li>\n<li class=\"orangecolor\">Acabado a mano<\/li>\n<li class=\"orangecolor\">Hecho de chapas, madera y madera de ingenier\u00eda con detalles de resina fundida y tapa de vidrio.<\/li>\n<li class=\"orangecolor\">Tapa de vidrio biselado con base de volutas<\/li>\n<\/ul>\n<h5><b>DIMENSIONES<\/b><\/h5>\n<ul class=\"dimCustomCls\">\n<li>Ancho: 71.12 cm<\/li>\n<li>Profundidad: 71.12 cm<\/li>\n<li>Alto: 65.405 cm<\/li>\n<\/ul>\n<h5><b>GARANT\u00cdA LEGAL<\/b><\/h5>\n<p>Los productos poseen una garant\u00eda de 3 meses establecida por la Ley 19.496 Sobre Protecci\u00f3n de los Derechos de Los Consumidores, contados desde la fecha de recepci\u00f3n del producto, en caso de fallas o deficiencias que afecten el uso al cual est\u00e1 destinado el producto. De acuerdo con la ley de protecci\u00f3n al consumidor, en caso de falla del producto tiene el derecho a elegir entre las siguientes opciones:<\/p>\n<ol type=\"I\">\n<li>Reparaci\u00f3n gratuita del producto.<\/li>\n<li>Reposici\u00f3n o cambio.<\/li>\n<li>La devoluci\u00f3n del dinero pagado.<\/li>\n<\/ol>\n<p>Para ejercer este derecho, se deben determinar preliminarmente las causas de falla del producto. No podr\u00e1 ejercer este derecho cuando el deterioro sea imputable al cliente por su mal uso .<\/p>\n<h5>Precio publicado para Zona Franca, A OTRAS REGIONES SE APLICAN COSTOS EXTRAS : IVA(19%), Impuesto ad valorem(6%), generaci\u00f3n de DIN y honorarios de Agencia de aduana.<\/h5>\n<p>Inf\u00f3rmese en Manual de Zona Franca p\u00e1gina 22.<\/p>\n<p><b><em>El stock disponible de nuestro producto puede variar, por favor cont\u00e1ctenos para saber m\u00e1s a cerca de la disponibilidad de este producto \u00f3 escr\u00edbenos a nuestro \u00a0<a href=\"https:\/\/wa.me\/56997056557\">Whatsapp<\/a>.<\/em><\/b><\/p>\n","protected":false},"excerpt":{"rendered":"<h5><span style=\"color: #ff0000;\">AL RESTO DEL PA\u00cdS $438.648-<\/span><\/h5>\n<p><b><em>El stock disponible de nuestro producto puede variar, por favor cont\u00e1ctenos para saber m\u00e1s a cerca de la disponibilidad de este producto \u00f3 escr\u00edbenos a nuestro \u00a0<a href=\"https:\/\/wa.me\/56997056557\">Whatsapp<\/a>.<\/em><\/b><\/p>\n","protected":false},"featured_media":9618,"comment_status":"open","ping_status":"closed","template":"","meta":[],"product_brand":[],"product_cat":[63,85,104,66],"product_tag":[],"class_list":{"0":"post-9606","1":"product","2":"type-product","3":"status-publish","4":"has-post-thumbnail","6":"product_cat-living","7":"product_cat-mesa-centro","8":"product_cat-mesa-lateral","9":"product_cat-sala-de-estar","11":"first","12":"instock","13":"sale","14":"taxable","15":"shipping-taxable","16":"purchasable","17":"product-type-simple"},"_links":{"self":[{"href":"https:\/\/www.aguilamuebles.cl\/tienda\/wp-json\/wp\/v2\/product\/9606","targetHints":{"allow":["GET"]}}],"collection":[{"href":"https:\/\/www.aguilamuebles.cl\/tienda\/wp-json\/wp\/v2\/product"}],"about":[{"href":"https:\/\/www.aguilamuebles.cl\/tienda\/wp-json\/wp\/v2\/types\/product"}],"replies":[{"embeddable":true,"href":"https:\/\/www.aguilamuebles.cl\/tienda\/wp-json\/wp\/v2\/comments?post=9606"}],"wp:featuredmedia":[{"embeddable":true,"href":"https:\/\/www.aguilamuebles.cl\/tienda\/wp-json\/wp\/v2\/media\/9618"}],"wp:attachment":[{"href":"https:\/\/www.aguilamuebles.cl\/tienda\/wp-json\/wp\/v2\/media?parent=9606"}],"wp:term":[{"taxonomy":"product_brand","embeddable":true,"href":"https:\/\/www.aguilamuebles.cl\/tienda\/wp-json\/wp\/v2\/product_brand?post=9606"},{"taxonomy":"product_cat","embeddable":true,"href":"https:\/\/www.aguilamuebles.cl\/tienda\/wp-json\/wp\/v2\/product_cat?post=9606"},{"taxonomy":"product_tag","embeddable":true,"href":"https:\/\/www.aguilamuebles.cl\/tienda\/wp-json\/wp\/v2\/product_tag?post=9606"}],"curies":[{"name":"wp","href":"https:\/\/api.w.org\/{rel}","templated":true}]}}