{"id":9724,"date":"2021-07-08T16:57:32","date_gmt":"2021-07-08T20:57:32","guid":{"rendered":"https:\/\/www.aguilamuebles.cl\/tienda\/?post_type=product&#038;p=9724"},"modified":"2022-02-14T16:04:26","modified_gmt":"2022-02-14T20:04:26","slug":"nesso-loveseat-4910235","status":"publish","type":"product","link":"https:\/\/www.aguilamuebles.cl\/tienda\/product\/nesso-loveseat-4910235\/","title":{"rendered":"Nesso Loveseat Sofa De 2 Cuerpos 4910235"},"content":{"rendered":"<div class=\"row\">\n<h3>Detalles<\/h3>\n<div class=\"col-sm-3 col-md-3 col-lg-3 col-xl-2\"><strong>Descripci\u00f3n del art\u00edculo:<\/strong><\/div>\n<div class=\"col-sm-9 col-md-9 col-lg-9 col-xl-10\">Una vez que se acomode en este suntuoso sof\u00e1 de dos plazas, se preguntar\u00e1 c\u00f3mo ha podido vivir sin \u00e9l.\u00a0Elementos que incluyen brazos suavemente enrollados y tapicer\u00eda de chenilla texturizada crean el destino de relajaci\u00f3n perfecto.\u00a0Un par de almohadas sueltas en colores complementarios completan el estilo elegante y moderno.<\/div>\n<\/div>\n<div class=\"row\">\n<div class=\"col-sm-3 col-md-3 col-lg-3 col-xl-2\"><strong>Caracter\u00edsticas del art\u00edculo:<\/strong><\/div>\n<div class=\"col-sm-9 col-md-9 col-lg-9 col-xl-10\">Las construcciones de marcos se han probado rigurosamente para simular los entornos dom\u00e9sticos y de transporte para una mayor durabilidad.\u00a0Los componentes del marco se aseguran con combinaciones de pegamento, bloques, paneles entrelazados y grapas.\u00a0Los asientos y los rieles de los resortes traseros se cortan de madera dura mixta y madera de ingenier\u00eda.\u00a0Las rayas y los patrones se cortan a juego.\u00a0Todos los tejidos est\u00e1n preaprobados para su uso y durabilidad seg\u00fan los est\u00e1ndares de la AHFA.\u00a0Los cojines est\u00e1n fabricados con fibra de bajo derretimiento envuelta sobre espuma de alta calidad.\u00a0Las caracter\u00edsticas del estilo tiran la almohada con ribete<\/div>\n<\/div>\n<ul class=\"ng-star-inserted\">\n<li class=\"orangecolor\">Marco bloqueado en esquina<\/li>\n<li class=\"orangecolor\">Cojines de asiento sueltos y respaldo adjuntos<\/li>\n<li class=\"orangecolor\">Cojines de espuma de alta resistencia envueltos en polifibra gruesa<\/li>\n<li class=\"orangecolor\">2 almohadas decorativas incluidas<\/li>\n<li class=\"orangecolor\">Almohadas con relleno de polietileno suave<\/li>\n<li class=\"orangecolor\">Tapicer\u00eda de poli\u00e9ster en chenilla texturizada<\/li>\n<li class=\"orangecolor\">Almohadas de poli\u00e9ster<\/li>\n<li class=\"orangecolor\">Pies expuestos con acabado de madera sint\u00e9tica<\/li>\n<\/ul>\n<h5><b>DIMENSIONES<\/b><\/h5>\n<ul class=\"dimCustomCls\">\n<li>Ancho:\u00a0180.34\u00a0cm<\/li>\n<li>Profundidad: 101.6 cm<\/li>\n<li>Alto: 104.14cm<\/li>\n<\/ul>\n<h5><b>GARANT\u00cdA LEGAL<\/b><\/h5>\n<p>Los productos poseen una garant\u00eda de 3 meses establecida por la Ley 19.496 Sobre Protecci\u00f3n de los Derechos de Los Consumidores, contados desde la fecha de recepci\u00f3n del producto, en caso de fallas o deficiencias que afecten el uso al cual est\u00e1 destinado el producto. De acuerdo con la ley de protecci\u00f3n al consumidor, en caso de falla del producto tiene el derecho a elegir entre las siguientes opciones:<\/p>\n<ol type=\"I\">\n<li>Reparaci\u00f3n gratuita del producto.<\/li>\n<li>Reposici\u00f3n o cambio.<\/li>\n<li>La devoluci\u00f3n del dinero pagado.<\/li>\n<\/ol>\n<p>Para ejercer este derecho, se deben determinar preliminarmente las causas de falla del producto. No podr\u00e1 ejercer este derecho cuando el deterioro sea imputable al cliente por su mal uso .<\/p>\n<h5>Precio publicado para Zona Franca, A OTRAS REGIONES SE APLICAN COSTOS EXTRAS : IVA(19%), Impuesto ad valorem(6%), generaci\u00f3n de DIN y honorarios de Agencia de aduana.<\/h5>\n<p>Inf\u00f3rmese en Manual de Zona Franca p\u00e1gina 22.<\/p>\n<p><b><em>El stock disponible de nuestro producto puede variar, por favor cont\u00e1ctenos para saber m\u00e1s a cerca de la disponibilidad de este producto \u00f3 escr\u00edbenos a nuestro \u00a0<a href=\"https:\/\/wa.me\/56997056557\">Whatsapp<\/a>.<\/em><\/b><\/p>\n","protected":false},"excerpt":{"rendered":"<h5><span style=\"color: #ff0000;\">AL RESTO DEL PA\u00cdS $653.086-<\/span><\/h5>\n<p><b><em>El stock disponible de nuestro producto puede variar, por favor cont\u00e1ctenos para saber m\u00e1s a cerca de la disponibilidad de este producto \u00f3 escr\u00edbenos a nuestro \u00a0<a href=\"https:\/\/wa.me\/56997056557\">Whatsapp<\/a>.<\/em><\/b><\/p>\n","protected":false},"featured_media":9753,"comment_status":"open","ping_status":"closed","template":"","meta":[],"product_brand":[],"product_cat":[63,83],"product_tag":[],"class_list":{"0":"post-9724","1":"product","2":"type-product","3":"status-publish","4":"has-post-thumbnail","6":"product_cat-living","7":"product_cat-sofa","9":"first","10":"instock","11":"sale","12":"taxable","13":"shipping-taxable","14":"purchasable","15":"product-type-simple"},"_links":{"self":[{"href":"https:\/\/www.aguilamuebles.cl\/tienda\/wp-json\/wp\/v2\/product\/9724","targetHints":{"allow":["GET"]}}],"collection":[{"href":"https:\/\/www.aguilamuebles.cl\/tienda\/wp-json\/wp\/v2\/product"}],"about":[{"href":"https:\/\/www.aguilamuebles.cl\/tienda\/wp-json\/wp\/v2\/types\/product"}],"replies":[{"embeddable":true,"href":"https:\/\/www.aguilamuebles.cl\/tienda\/wp-json\/wp\/v2\/comments?post=9724"}],"wp:featuredmedia":[{"embeddable":true,"href":"https:\/\/www.aguilamuebles.cl\/tienda\/wp-json\/wp\/v2\/media\/9753"}],"wp:attachment":[{"href":"https:\/\/www.aguilamuebles.cl\/tienda\/wp-json\/wp\/v2\/media?parent=9724"}],"wp:term":[{"taxonomy":"product_brand","embeddable":true,"href":"https:\/\/www.aguilamuebles.cl\/tienda\/wp-json\/wp\/v2\/product_brand?post=9724"},{"taxonomy":"product_cat","embeddable":true,"href":"https:\/\/www.aguilamuebles.cl\/tienda\/wp-json\/wp\/v2\/product_cat?post=9724"},{"taxonomy":"product_tag","embeddable":true,"href":"https:\/\/www.aguilamuebles.cl\/tienda\/wp-json\/wp\/v2\/product_tag?post=9724"}],"curies":[{"name":"wp","href":"https:\/\/api.w.org\/{rel}","templated":true}]}}