{"id":9910,"date":"2021-07-11T20:32:09","date_gmt":"2021-07-12T00:32:09","guid":{"rendered":"https:\/\/www.aguilamuebles.cl\/tienda\/?post_type=product&#038;p=9910"},"modified":"2025-10-10T08:12:59","modified_gmt":"2025-10-10T12:12:59","slug":"cama-king-con-veladores-b650-96w11-b650-58w11-b650-56w11b100b650-932","status":"publish","type":"product","link":"https:\/\/www.aguilamuebles.cl\/tienda\/product\/cama-king-con-veladores-b650-96w11-b650-58w11-b650-56w11b100b650-932\/","title":{"rendered":"CAMA KING CON VELADORES B650-96W1*1 +B650-58W1*1 +B650-56W1*1+B100+B650-93*2"},"content":{"rendered":"<h3>Detalles<\/h3>\n<p>CAMA KING CON 2 VELADORES.<\/p>\n<p><span style=\"color: #ff0000;\"><strong>Velador B650-93*2<\/strong><\/span><\/p>\n<div class=\"col-sm-3 col-md-3 col-lg-3 col-xl-2\"><strong>Descripci\u00f3n del art\u00edculo:<\/strong><\/div>\n<div class=\"col-sm-9 col-md-9 col-lg-9 col-xl-10\">Esta mesita de noche seduce con el brillo y el glamour propios de las reinas de la pantalla grande.\u00a0Los canales de tono met\u00e1lico del marco exquisito ese estilo Hollywood Regency con el que has estado so\u00f1ando.\u00a0La textura de imitaci\u00f3n shagreen en los frentes de los cajones y un toque de joyer\u00eda en los tiradores escult\u00f3ricos elevan esta mesita de noche a la lista A de la moda interior.<\/div>\n<ul class=\"FeatureBullets\" type=\"disc\">\n<li class=\"orangecolor\">Hecho de chapas, madera y madera sint\u00e9tica.<\/li>\n<li class=\"orangecolor\">Frentes de caj\u00f3n de imitaci\u00f3n shagreen<\/li>\n<li class=\"orangecolor\">Tiradores en tono cromado con adornos de cristal de imitaci\u00f3n<\/li>\n<li class=\"orangecolor\">3 cajones de deslizamiento suave con construcci\u00f3n de cola de milano y gu\u00edas con cojinetes de bolas de metal<\/li>\n<li class=\"orangecolor\">Caj\u00f3n superior con forro de fieltro<\/li>\n<li class=\"orangecolor\">se requiere ensamblaje<\/li>\n<li class=\"orangecolor\">Soluci\u00f3n para espacios peque\u00f1os<\/li>\n<\/ul>\n<p><strong>Cama King<\/strong><\/p>\n<p><span style=\"color: #ff0000;\"><strong>B650-56W1 x 1 + B650-58W1 X 1 + B650-96W1 X 1 + B650-93 X 2 + B100-14W1<\/strong><\/span><\/p>\n<div class=\"col-sm-3 col-md-3 col-lg-3 col-xl-2\"><strong>Descripci\u00f3n del art\u00edculo:<\/strong><\/div>\n<div class=\"col-sm-9 col-md-9 col-lg-9 col-xl-10\">Esta cabecera tipo trineo encanta con el brillo y el glamour de la pantalla plateada.\u00a0El exquisito tono met\u00e1lico del marco canaliza el antiguo glamour de Hollywood.\u00a0La tapicer\u00eda de color gris oscuro con mechones de botones con aspecto de cristal del panel insertado te har\u00e1 sentir mimado y adorado.<\/div>\n<ul class=\"FeatureBullets\" type=\"disc\">\n<li class=\"orangecolor\">Hecho de madera maciza y madera sint\u00e9tica.<\/li>\n<li class=\"orangecolor\">Acabado de brillo met\u00e1lico<\/li>\n<li class=\"orangecolor\">Tapicer\u00eda de poli\u00e9ster gris oscuro con textura con coj\u00edn copetudo con botones con aspecto de cristal<\/li>\n<li class=\"orangecolor\">El marco ancho rodea la tapicer\u00eda gris oscuro texturizada<\/li>\n<li class=\"orangecolor\">Acolchado de botones con aspecto de cristal<\/li>\n<li class=\"orangecolor\">Se incluye hardware para ensamblar las patas a la cabecera.<\/li>\n<li class=\"orangecolor\">Se necesitan pernos de \u00bc \u00abpara sujetar la cabecera al marco de la cama existente<\/li>\n<li class=\"orangecolor\">se requiere ensamblaje<\/li>\n<\/ul>\n<p><strong>King Roll Slats B100<\/strong><\/p>\n<div class=\"row\">\n<div class=\"col-sm-3 col-md-3 col-lg-3 col-xl-2\"><strong>Descripci\u00f3n del art\u00edculo:<\/strong><\/div>\n<\/div>\n<div class=\"row\">\n<div>\n<ul class=\"FeatureBullets\" type=\"disc\">\n<li class=\"orangecolor\">se requiere ensamblaje<\/li>\n<li class=\"orangecolor\">Fabricada en madera con cord\u00f3n de nailon.<\/li>\n<li class=\"orangecolor\">Agujeros pretaladrados para una f\u00e1cil fijaci\u00f3n al marco de la cama<\/li>\n<li class=\"orangecolor\">Elimina la necesidad de un somier<\/li>\n<li class=\"orangecolor\">Compatible con colchones king<\/li>\n<\/ul>\n<\/div>\n<\/div>\n<h5><b>DIMENSIONES CAMA<\/b><\/h5>\n<ul class=\"dimension\">\n<li class=\"dimension-inline-main\">Ancho: 208.92 cm<\/li>\n<li class=\"dimension-inline-main\">Profundidad: 227.97 cm<\/li>\n<li class=\"dimension-inline-main\">Alto: 153.67 cm<\/li>\n<\/ul>\n<h5><b>DIMENSIONES VELADOR<\/b><\/h5>\n<ul>\n<li>Ancho: 66.04 cm<\/li>\n<li>Profundidad: 48.9 cm<\/li>\n<li>Alto: 74.7 cm<\/li>\n<\/ul>\n<h5><\/h5>\n<h5><span style=\"color: #ff0000;\"><b>GARANT\u00cdA LEGAL<\/b><\/span><\/h5>\n<p><span style=\"color: #ff0000;\">Los productos poseen una garant\u00eda de 3 meses establecida por la Ley 19.496 Sobre Protecci\u00f3n de los Derechos de Los Consumidores, contados desde la fecha de recepci\u00f3n del producto, en caso de fallas o deficiencias que afecten el uso al cual est\u00e1 destinado el producto. De acuerdo con la ley de protecci\u00f3n al consumidor, en caso de falla del producto tiene el derecho a elegir entre las siguientes opciones:<\/span><\/p>\n<ol type=\"I\">\n<li><span style=\"color: #ff0000;\">Reparaci\u00f3n gratuita del producto.<\/span><\/li>\n<li><span style=\"color: #ff0000;\">Reposici\u00f3n o cambio.<\/span><\/li>\n<li><span style=\"color: #ff0000;\">La devoluci\u00f3n del dinero pagado.<\/span><\/li>\n<\/ol>\n<p><span style=\"color: #ff0000;\">Para ejercer este derecho, se deben determinar preliminarmente las causas de falla del producto. No podr\u00e1 ejercer este derecho cuando el deterioro sea imputable al cliente por su mal uso .<\/span><\/p>\n<h5><span style=\"color: #ff0000;\">Precio publicado para Zona Franca, A OTRAS REGIONES SE APLICAN COSTOS EXTRAS : IVA(19%), Impuesto ad valorem(6%), generaci\u00f3n de DIN y honorarios de Agencia de aduana.<\/span><\/h5>\n<p><span style=\"color: #ff0000;\">Inf\u00f3rmese en Manual de Zona Franca p\u00e1gina 22.<\/span><\/p>\n<p><span style=\"color: #ff0000;\"><b><em>El stock disponible de nuestro producto puede variar, por favor cont\u00e1ctenos para saber m\u00e1s a cerca de la disponibilidad de este producto \u00f3 escr\u00edbenos a nuestro \u00a0<a style=\"color: #ff0000;\" href=\"https:\/\/wa.me\/56997056557\">Whatsapp<\/a>.<\/em><\/b><\/span><\/p>\n<p>&nbsp;<\/p>\n","protected":false},"excerpt":{"rendered":"<h5><span style=\"color: #ff0000;\">AL RESTO DEL PA\u00cdS $1.889.258<\/span><\/h5>\n<div class=\"woocommerce-product-details__short-description\">\n<p><span style=\"color: #ff0000;\"><b><em>El stock disponible de nuestro producto puede variar, por favor cont\u00e1ctenos para saber m\u00e1s a cerca de la disponibilidad de este producto \u00f3 escr\u00edbenos a nuestro\u00a0\u00a0<a style=\"color: #ff0000;\" href=\"https:\/\/wa.me\/56997056557\">Whatsapp<\/a>.<\/em><\/b><\/span><\/p>\n<\/div>\n<p class=\"stock available-on-backorder\"><span style=\"color: #ff0000;\">Disponible para Entrega Inmediata.<\/span><\/p>\n<h5><span style=\"color: #ff0000;\">Entrega a domicilio<\/span><\/h5>\n<p><span style=\"color: #ff0000;\">Este servicio se cobra por aparte. Tambi\u00e9n puede retirar en nuestra Tienda, ubicado en Manzana E sitio 48E \u2013 Barrio Industrial (diagonal a la puerta 4 de Zofri).<\/span><\/p>\n<p><span style=\"color: #ff0000;\">Horario de atenci\u00f3n de lunes a viernes.<\/span><br \/>\n<span style=\"color: #ff0000;\">De 8:30 a 14HRS y De 15 a 18:30HRS<\/span><\/p>\n<div class=\"shareThis\"><span class=\"socLeft\" style=\"color: #ff0000;\"><img decoding=\"async\" src=\"https:\/\/intlhomestore.com\/layout\/one_1920\/images\/cst-Facebook.png\" alt=\"\" \/><img decoding=\"async\" class=\"\" src=\"https:\/\/intlhomestore.com\/layout\/one_1920\/images\/cst-email.png\" alt=\"\" \/><\/span><\/div>\n","protected":false},"featured_media":27247,"comment_status":"open","ping_status":"closed","template":"","meta":[],"product_brand":[],"product_cat":[100,161],"product_tag":[],"class_list":{"0":"post-9910","1":"product","2":"type-product","3":"status-publish","4":"has-post-thumbnail","6":"product_cat-dormitorio","7":"product_cat-tocadores","9":"first","10":"instock","11":"sale","12":"taxable","13":"shipping-taxable","14":"purchasable","15":"product-type-simple"},"_links":{"self":[{"href":"https:\/\/www.aguilamuebles.cl\/tienda\/wp-json\/wp\/v2\/product\/9910","targetHints":{"allow":["GET"]}}],"collection":[{"href":"https:\/\/www.aguilamuebles.cl\/tienda\/wp-json\/wp\/v2\/product"}],"about":[{"href":"https:\/\/www.aguilamuebles.cl\/tienda\/wp-json\/wp\/v2\/types\/product"}],"replies":[{"embeddable":true,"href":"https:\/\/www.aguilamuebles.cl\/tienda\/wp-json\/wp\/v2\/comments?post=9910"}],"wp:featuredmedia":[{"embeddable":true,"href":"https:\/\/www.aguilamuebles.cl\/tienda\/wp-json\/wp\/v2\/media\/27247"}],"wp:attachment":[{"href":"https:\/\/www.aguilamuebles.cl\/tienda\/wp-json\/wp\/v2\/media?parent=9910"}],"wp:term":[{"taxonomy":"product_brand","embeddable":true,"href":"https:\/\/www.aguilamuebles.cl\/tienda\/wp-json\/wp\/v2\/product_brand?post=9910"},{"taxonomy":"product_cat","embeddable":true,"href":"https:\/\/www.aguilamuebles.cl\/tienda\/wp-json\/wp\/v2\/product_cat?post=9910"},{"taxonomy":"product_tag","embeddable":true,"href":"https:\/\/www.aguilamuebles.cl\/tienda\/wp-json\/wp\/v2\/product_tag?post=9910"}],"curies":[{"name":"wp","href":"https:\/\/api.w.org\/{rel}","templated":true}]}}