{"id":9914,"date":"2021-07-13T17:36:32","date_gmt":"2021-07-13T21:36:32","guid":{"rendered":"https:\/\/www.aguilamuebles.cl\/tienda\/?post_type=product&#038;p=9914"},"modified":"2026-02-27T02:08:06","modified_gmt":"2026-02-27T06:08:06","slug":"cama-california-king-con-veladores-b743-56w158w197w1b100b743-93","status":"publish","type":"product","link":"https:\/\/www.aguilamuebles.cl\/tienda\/product\/cama-california-king-con-veladores-b743-56w158w197w1b100b743-93\/","title":{"rendered":"Cama California King con Veladores B743-56W1+58W1+97W1+B100+B743-93*2"},"content":{"rendered":"<h3>DETALLE<\/h3>\n<p><span>Elevando el arte del estilo de caba\u00f1a tradicional, la cama Realyn es el retiro de su dormitorio de ensue\u00f1o hecho realidad. <\/span><span>Ofreciendo una belleza curvil\u00ednea, la brillante elaboraci\u00f3n de este conjunto sorprende con espectaculares detalles festoneados.\u00a0<\/span><span>El acabado blanco envejecido complementa tanto la tapicer\u00eda capiton\u00e9 de la cabecera como la est\u00e9tica de dos tonos de los veladores para lograr un atractivo familiar. <\/span><span>Crea el dormitorio de caba\u00f1a que siempre has querido con el juego de dormitorio Realyn.<\/span><\/p>\n<p>CAMA KING CON 2 VELADORES.<\/p>\n<ul class=\"\u201cdetail-row\u201d\">\n<li>SIN COLCHON<\/li>\n<\/ul>\n<h3><strong>VELADOR B743-93<\/strong><\/h3>\n<div class=\"col-sm-3 col-md-3 col-lg-3 col-xl-2\"><strong>Descripci\u00f3n del art\u00edculo:<\/strong><\/div>\n<div class=\"col-sm-9 col-md-9 col-lg-9 col-xl-10\">Elevando el arte del estilo tradicional de las caba\u00f1as, esta mesita de noche es el retiro de su dormitorio de ensue\u00f1o realizado.\u00a0La est\u00e9tica envejecida de dos tonos combina un blanco astillado con una superficie con acabado de madera envejecida para agregar encanto.\u00a0Los frentes de los cajones enmarcados y las m\u00e9nsulas decorativas a\u00f1aden refinamiento, mientras que los tiradores de fianza en un acabado en tono bronce oscuro le dan un toque cl\u00e1sico.\u00a0Los enchufes USB \/ el\u00e9ctricos sutilmente ubicados combinan la inspiraci\u00f3n vintage con las comodidades<\/div>\n<div>\n<ul>\n<li>Hecho de chapas, madera y madera sint\u00e9tica.<\/li>\n<li>Acabado bicolor envejecido<\/li>\n<li>3 cajones de deslizamiento suave con construcci\u00f3n de cola de milano<\/li>\n<li>Herrajes de metal con acabado en tono bronce oscuro<\/li>\n<li>2 enchufes el\u00e9ctricos y puertos de carga USB<\/li>\n<li>Incluye cable de alimentaci\u00f3n;\u00a0Listado UL<\/li>\n<li>Soluci\u00f3n para espacios reducidos<\/li>\n<\/ul>\n<\/div>\n<h5><b>DIMENSIONES<\/b><\/h5>\n<h4>Piecera Panel King California King :<\/h4>\n<ul class=\"dimCustomCls\">\n<li class=\"tm-table-fixed p-mobile-0 noliststyle \"><span class=\"font-12 col-50 p-mobile-2 wl-word-break tm-tcell-top ntxt\">Profundidad<\/span><span class=\"font-12 col-50 p-mobile-2 wl-word-break tm-tcell-top\">: 10.16 cm<\/span><\/li>\n<li class=\"tm-table-fixed p-mobile-0 noliststyle \"><span class=\"font-12 col-50 p-mobile-2 wl-word-break tm-tcell-top ntxt\">Ancho<\/span><span class=\"font-12 col-50 p-mobile-2 wl-word-break tm-tcell-top\">: 205.74 cm<\/span><\/li>\n<li class=\"tm-table-fixed p-mobile-0 noliststyle \"><span class=\"font-12 col-50 p-mobile-2 wl-word-break tm-tcell-top ntxt\">Altura<\/span><span class=\"font-12 col-50 p-mobile-2 wl-word-break tm-tcell-top\">: 60.96 cm<\/span><\/li>\n<\/ul>\n<h4>Cabecera Panel Tapizada KingCalifornia King :<\/h4>\n<ul class=\"dimCustomCls\">\n<li class=\"tm-table-fixed p-mobile-0 noliststyle \"><span class=\"font-12 col-50 p-mobile-2 wl-word-break tm-tcell-top ntxt\">Profundidad<\/span><span class=\"font-12 col-50 p-mobile-2 wl-word-break tm-tcell-top\">: 7.62 cm<\/span><\/li>\n<li class=\"tm-table-fixed p-mobile-0 noliststyle \"><span class=\"font-12 col-50 p-mobile-2 wl-word-break tm-tcell-top ntxt\">Ancho<\/span><span class=\"font-12 col-50 p-mobile-2 wl-word-break tm-tcell-top\">: 20.32 cm cm<\/span><\/li>\n<li class=\"tm-table-fixed p-mobile-0 noliststyle \"><span class=\"font-12 col-50 p-mobile-2 wl-word-break tm-tcell-top ntxt\">Altura<\/span><span class=\"font-12 col-50 p-mobile-2 wl-word-break tm-tcell-top\">: 180.34 cm<\/span><\/li>\n<\/ul>\n<h4>Velador:<\/h4>\n<ul class=\"dimCustomCls\">\n<li class=\"tm-table-fixed p-mobile-0 noliststyle \"><span class=\"font-12 col-50 p-mobile-2 wl-word-break tm-tcell-top ntxt\">Profundidad<\/span><span class=\"font-12 col-50 p-mobile-2 wl-word-break tm-tcell-top\">: 43.18 cm<\/span><\/li>\n<li class=\"tm-table-fixed p-mobile-0 noliststyle \"><span class=\"font-12 col-50 p-mobile-2 wl-word-break tm-tcell-top ntxt\">Ancho<\/span><span class=\"font-12 col-50 p-mobile-2 wl-word-break tm-tcell-top\">: 68.58 cm cm<\/span><\/li>\n<li class=\"tm-table-fixed p-mobile-0 noliststyle \"><span class=\"font-12 col-50 p-mobile-2 wl-word-break tm-tcell-top ntxt\">Altura<\/span><span class=\"font-12 col-50 p-mobile-2 wl-word-break tm-tcell-top\">: 70.485 cm<\/span><\/li>\n<\/ul>\n<h5><\/h5>\n<div class=\"woocommerce-tabs wc-tabs-wrapper tabs-layout-tabs\">\n<div class=\"woodmart-tab-wrapper\">\n<div id=\"tab-description\" class=\"woocommerce-Tabs-panel woocommerce-Tabs-panel--description panel entry-content wc-tab\">\n<div class=\"wc-tab-inner \">\n<div class=\"\">\n<h5><span style=\"color: #ff0000;\"><b>GARANT\u00cdA LEGAL<\/b><\/span><\/h5>\n<p><span style=\"color: #ff0000;\">Los productos poseen una garant\u00eda de 3 meses establecida por la Ley 19.496 Sobre Protecci\u00f3n de los Derechos de Los Consumidores, contados desde la fecha de recepci\u00f3n del producto, en caso de fallas o deficiencias que afecten el uso al cual est\u00e1 destinado el producto. De acuerdo con la ley de protecci\u00f3n al consumidor, en caso de falla del producto tiene el derecho a elegir entre las siguientes opciones:<\/span><\/p>\n<ol type=\"I\">\n<li><span style=\"color: #ff0000;\">Reparaci\u00f3n gratuita del producto.<\/span><\/li>\n<li><span style=\"color: #ff0000;\">Reposici\u00f3n o cambio.<\/span><\/li>\n<li><span style=\"color: #ff0000;\">La devoluci\u00f3n del dinero pagado.<\/span><\/li>\n<\/ol>\n<p><span style=\"color: #ff0000;\">Para ejercer este derecho, se deben determinar preliminarmente las causas de falla del producto. No podr\u00e1 ejercer este derecho cuando el deterioro sea imputable al cliente por su mal uso .<\/span><\/p>\n<h5><span style=\"color: #ff0000;\">Precio publicado para Zona Franca, A OTRAS REGIONES SE APLICAN COSTOS EXTRAS : IVA(19%), Impuesto ad valorem(6%), generaci\u00f3n de DIN y honorarios de Agencia de aduana.<\/span><\/h5>\n<p><span style=\"color: #ff0000;\">Inf\u00f3rmese en Manual de Zona Franca p\u00e1gina 22.<\/span><\/p>\n<p><span style=\"color: #ff0000;\"><b><em>El stock disponible de nuestro producto puede variar, por favor cont\u00e1ctenos para saber m\u00e1s a cerca de la disponibilidad de este producto \u00f3 escr\u00edbenos a nuestro \u00a0<a style=\"color: #ff0000;\" href=\"https:\/\/wa.me\/56997056557\">Whatsapp<\/a>.<\/em><\/b><\/span><\/p>\n<\/div>\n<\/div>\n<\/div>\n<\/div>\n<\/div>\n","protected":false},"excerpt":{"rendered":"<div class=\"woocommerce-product-details__short-description\">\n<div class=\"woocommerce-product-details__short-description\">\n<h5><span style=\"color: #ff0000;\">AL RESTO DEL PA\u00cdS $1.452.814<\/span><\/h5>\n<h5><b style=\"color: #ff0000;\"><em>El stock disponible de nuestro producto puede variar, por favor cont\u00e1ctenos para saber m\u00e1s a cerca de la disponibilidad de este producto \u00f3 escr\u00edbenos a nuestro \u00a0<a style=\"color: #ff0000;\" href=\"https:\/\/wa.me\/56997056557\">Whatsapp<\/a>.<\/em><\/b><\/h5>\n<p class=\"stock available-on-backorder\"><span style=\"color: #ff0000;\">Disponible para Entrega Inmediata.<\/span><\/p>\n<h5><span style=\"color: #ff0000;\">Entrega a domicilio<\/span><\/h5>\n<p><span style=\"color: #ff0000;\">Este servicio se cobra por aparte. Tambi\u00e9n puede retirar en nuestra Tienda, ubicado en Manzana E sitio 48E \u2013 Barrio Industrial (diagonal a la puerta 4 de Zofri).<\/span><\/p>\n<p><span style=\"color: #ff0000;\">Horario de atenci\u00f3n de lunes a viernes.<\/span><br \/>\n<span style=\"color: #ff0000;\">De 8:30 a 14HRS y De 15 a 18:30HRS<\/span><\/p>\n<div class=\"shareThis\"><span class=\"socLeft\" style=\"color: #ff0000;\"><img decoding=\"async\" src=\"https:\/\/intlhomestore.com\/layout\/one_1920\/images\/cst-Facebook.png\" alt=\"\" \/>@Aguilamuebles.cl<\/span><\/div>\n<div class=\"shareThis\"><span class=\"socLeft\" style=\"color: #ff0000;\"><img decoding=\"async\" class=\"\" src=\"https:\/\/intlhomestore.com\/layout\/one_1920\/images\/cst-email.png\" alt=\"\" \/>vetas1@ooook.com<\/span><\/div>\n<\/div>\n<\/div>\n","protected":false},"featured_media":10045,"comment_status":"open","ping_status":"closed","template":"","meta":[],"product_brand":[],"product_cat":[100,161],"product_tag":[],"class_list":{"0":"post-9914","1":"product","2":"type-product","3":"status-publish","4":"has-post-thumbnail","6":"product_cat-dormitorio","7":"product_cat-tocadores","9":"first","10":"instock","11":"sale","12":"taxable","13":"shipping-taxable","14":"purchasable","15":"product-type-simple"},"_links":{"self":[{"href":"https:\/\/www.aguilamuebles.cl\/tienda\/wp-json\/wp\/v2\/product\/9914","targetHints":{"allow":["GET"]}}],"collection":[{"href":"https:\/\/www.aguilamuebles.cl\/tienda\/wp-json\/wp\/v2\/product"}],"about":[{"href":"https:\/\/www.aguilamuebles.cl\/tienda\/wp-json\/wp\/v2\/types\/product"}],"replies":[{"embeddable":true,"href":"https:\/\/www.aguilamuebles.cl\/tienda\/wp-json\/wp\/v2\/comments?post=9914"}],"wp:featuredmedia":[{"embeddable":true,"href":"https:\/\/www.aguilamuebles.cl\/tienda\/wp-json\/wp\/v2\/media\/10045"}],"wp:attachment":[{"href":"https:\/\/www.aguilamuebles.cl\/tienda\/wp-json\/wp\/v2\/media?parent=9914"}],"wp:term":[{"taxonomy":"product_brand","embeddable":true,"href":"https:\/\/www.aguilamuebles.cl\/tienda\/wp-json\/wp\/v2\/product_brand?post=9914"},{"taxonomy":"product_cat","embeddable":true,"href":"https:\/\/www.aguilamuebles.cl\/tienda\/wp-json\/wp\/v2\/product_cat?post=9914"},{"taxonomy":"product_tag","embeddable":true,"href":"https:\/\/www.aguilamuebles.cl\/tienda\/wp-json\/wp\/v2\/product_tag?post=9914"}],"curies":[{"name":"wp","href":"https:\/\/api.w.org\/{rel}","templated":true}]}}